{"id":17621,"date":"2026-01-27T15:45:10","date_gmt":"2026-01-27T14:45:10","guid":{"rendered":"https:\/\/www.hoteldecalais.fr\/v5\/?page_id=17621"},"modified":"2026-01-27T15:45:10","modified_gmt":"2026-01-27T14:45:10","slug":"meuble-49bis","status":"publish","type":"page","link":"https:\/\/www.hoteldecalais.fr\/v5\/meuble-49bis\/","title":{"rendered":"meuble-49bis"},"content":{"rendered":"<div id=\"cmsmasters_row_u709v621cj\" class=\"cmsmasters_row cmsmasters_color_scheme_default cmsmasters_row_top_default cmsmasters_row_bot_default cmsmasters_row_boxed\">\n<div class=\"cmsmasters_row_outer_parent\">\n<div class=\"cmsmasters_row_outer\">\n<div class=\"cmsmasters_row_inner\">\n<div class=\"cmsmasters_row_margin\">\n<div id=\"cmsmasters_column_10krbdy6qi\" class=\"cmsmasters_column one_first\">\n<div class=\"cmsmasters_column_inner\"><\/div><\/div>\n<\/div>\n<\/div>\n<\/div>\n<\/div>\n<\/div>\n<div id=\"cmsmasters_row_vfwmhn5ft\" class=\"cmsmasters_row cmsmasters_color_scheme_default cmsmasters_row_top_default cmsmasters_row_bot_default cmsmasters_row_boxed\">\n<div class=\"cmsmasters_row_outer_parent\">\n<div class=\"cmsmasters_row_outer\">\n<div class=\"cmsmasters_row_inner\">\n<div class=\"cmsmasters_row_margin\">\n<div id=\"cmsmasters_column_rgy7zn0s3y\" class=\"cmsmasters_column one_third\">\n<div class=\"cmsmasters_column_inner\"><div class=\"cmsmasters_text\">\n<h2>Meubl\u00e9 \u00ab\u00a049bis\u00a0\u00bb<\/h2>\n<\/div>\n<div class=\"cmsmasters_text\">\n<p><strong><em>Pour 5 personnes (**) <\/em><\/strong><\/p>\n<p><strong><em>meubl\u00e9 N\u00b0 49 bis<\/em><\/strong><\/p>\n<p>Appartement meubl\u00e9 F3 situ\u00e9 2<sup>\u00e8me<\/sup> \u00e9tage c\u00f4t\u00e9 cours (45 m\u00b2), compos\u00e9 d\u2019un s\u00e9jour, un salon, une cuisine, une chambre avec un lit de 2 personnes + un lit de 1 personne, une chambre avec un lit de 2 personnes, une salle de bain avec baignoire, WC et lavabo. T\u00e9l\u00e9vision avec 1 chaine canal+.<\/p>\n<p>&nbsp;<\/p>\n<p><a href=\"https:\/\/hoteldecalais.thais-hotel.com\/direct-booking\/calendar?room_types=&#091;67&#093;\" target=\"_blank\" rel=\"noopener\"><img loading=\"lazy\" decoding=\"async\" class=\"alignnone wp-image-17260\" src=\"https:\/\/www.hoteldecalais.fr\/v5\/wp-content\/uploads\/2022\/06\/reserver-300x205.jpg\" alt=\"\" width=\"157\" height=\"107\" srcset=\"https:\/\/www.hoteldecalais.fr\/v5\/wp-content\/uploads\/2022\/06\/reserver-300x205.jpg 300w, https:\/\/www.hoteldecalais.fr\/v5\/wp-content\/uploads\/2022\/06\/reserver.jpg 526w\" sizes=\"auto, (max-width: 157px) 100vw, 157px\" \/><\/a><\/p>\n<\/div>\n<div class=\"cmsmasters_text\">\n<p>&nbsp;<\/p>\n<p>&nbsp;<\/p>\n<p>&nbsp;<\/p>\n<p>&nbsp;<\/p>\n<\/div>\n<\/div><\/div>\n<div id=\"cmsmasters_column_mbhm2z3nfq\" class=\"cmsmasters_column two_third\">\n<div class=\"cmsmasters_column_inner\"><div class=\"cmsmasters_content_slider_wrap\" style=\"max-width:px;\"><div id=\"cmsmasters_slider_j9iwdq6pr\" class=\"cmsmasters_owl_slider owl-carousel cmsmasters_content_slider\" data-auto-play=\"false\" data-stop-on-hover=\"false\" data-rewind-nav=\"false\" data-slide-speed=\"600\" data-pagination-speed=\"600\" data-rewind-speed=\"1000\" data-transition-style=\"false\" data-pagination=\"true\" data-navigation=\"true\"><div class=\"cmsmasters_owl_slider_item cmsmasters_content_slider_item\"><img loading=\"lazy\" decoding=\"async\" width=\"2560\" height=\"1920\" src=\"https:\/\/www.hoteldecalais.fr\/v5\/wp-content\/uploads\/2026\/01\/IMG_1913-scaled.jpeg\" class=\"attachment-full size-full\" alt=\"\" srcset=\"https:\/\/www.hoteldecalais.fr\/v5\/wp-content\/uploads\/2026\/01\/IMG_1913-scaled.jpeg 2560w, https:\/\/www.hoteldecalais.fr\/v5\/wp-content\/uploads\/2026\/01\/IMG_1913-300x225.jpeg 300w, https:\/\/www.hoteldecalais.fr\/v5\/wp-content\/uploads\/2026\/01\/IMG_1913-1024x768.jpeg 1024w, https:\/\/www.hoteldecalais.fr\/v5\/wp-content\/uploads\/2026\/01\/IMG_1913-768x576.jpeg 768w, https:\/\/www.hoteldecalais.fr\/v5\/wp-content\/uploads\/2026\/01\/IMG_1913-1536x1152.jpeg 1536w, https:\/\/www.hoteldecalais.fr\/v5\/wp-content\/uploads\/2026\/01\/IMG_1913-2048x1536.jpeg 2048w, https:\/\/www.hoteldecalais.fr\/v5\/wp-content\/uploads\/2026\/01\/IMG_1913-580x435.jpeg 580w, https:\/\/www.hoteldecalais.fr\/v5\/wp-content\/uploads\/2026\/01\/IMG_1913-860x645.jpeg 860w, https:\/\/www.hoteldecalais.fr\/v5\/wp-content\/uploads\/2026\/01\/IMG_1913-1160x870.jpeg 1160w, https:\/\/www.hoteldecalais.fr\/v5\/wp-content\/uploads\/2026\/01\/IMG_1913-320x240.jpeg 320w, https:\/\/www.hoteldecalais.fr\/v5\/wp-content\/uploads\/2026\/01\/IMG_1913-480x360.jpeg 480w, https:\/\/www.hoteldecalais.fr\/v5\/wp-content\/uploads\/2026\/01\/IMG_1913-800x600.jpeg 800w\" sizes=\"auto, (max-width: 2560px) 100vw, 2560px\" \/><\/div><div class=\"cmsmasters_owl_slider_item cmsmasters_content_slider_item\"><img loading=\"lazy\" decoding=\"async\" width=\"2560\" height=\"1920\" src=\"https:\/\/www.hoteldecalais.fr\/v5\/wp-content\/uploads\/2026\/01\/IMG_1914-scaled.jpeg\" class=\"attachment-full size-full\" alt=\"\" srcset=\"https:\/\/www.hoteldecalais.fr\/v5\/wp-content\/uploads\/2026\/01\/IMG_1914-scaled.jpeg 2560w, https:\/\/www.hoteldecalais.fr\/v5\/wp-content\/uploads\/2026\/01\/IMG_1914-300x225.jpeg 300w, https:\/\/www.hoteldecalais.fr\/v5\/wp-content\/uploads\/2026\/01\/IMG_1914-1024x768.jpeg 1024w, https:\/\/www.hoteldecalais.fr\/v5\/wp-content\/uploads\/2026\/01\/IMG_1914-768x576.jpeg 768w, https:\/\/www.hoteldecalais.fr\/v5\/wp-content\/uploads\/2026\/01\/IMG_1914-1536x1152.jpeg 1536w, https:\/\/www.hoteldecalais.fr\/v5\/wp-content\/uploads\/2026\/01\/IMG_1914-2048x1536.jpeg 2048w, https:\/\/www.hoteldecalais.fr\/v5\/wp-content\/uploads\/2026\/01\/IMG_1914-580x435.jpeg 580w, https:\/\/www.hoteldecalais.fr\/v5\/wp-content\/uploads\/2026\/01\/IMG_1914-860x645.jpeg 860w, https:\/\/www.hoteldecalais.fr\/v5\/wp-content\/uploads\/2026\/01\/IMG_1914-1160x870.jpeg 1160w, https:\/\/www.hoteldecalais.fr\/v5\/wp-content\/uploads\/2026\/01\/IMG_1914-320x240.jpeg 320w, https:\/\/www.hoteldecalais.fr\/v5\/wp-content\/uploads\/2026\/01\/IMG_1914-480x360.jpeg 480w, https:\/\/www.hoteldecalais.fr\/v5\/wp-content\/uploads\/2026\/01\/IMG_1914-800x600.jpeg 800w\" sizes=\"auto, (max-width: 2560px) 100vw, 2560px\" \/><\/div><div class=\"cmsmasters_owl_slider_item cmsmasters_content_slider_item\"><img loading=\"lazy\" decoding=\"async\" width=\"1920\" height=\"2560\" src=\"https:\/\/www.hoteldecalais.fr\/v5\/wp-content\/uploads\/2026\/01\/IMG_1915-scaled.jpeg\" class=\"attachment-full size-full\" alt=\"\" srcset=\"https:\/\/www.hoteldecalais.fr\/v5\/wp-content\/uploads\/2026\/01\/IMG_1915-scaled.jpeg 1920w, https:\/\/www.hoteldecalais.fr\/v5\/wp-content\/uploads\/2026\/01\/IMG_1915-225x300.jpeg 225w, https:\/\/www.hoteldecalais.fr\/v5\/wp-content\/uploads\/2026\/01\/IMG_1915-768x1024.jpeg 768w, https:\/\/www.hoteldecalais.fr\/v5\/wp-content\/uploads\/2026\/01\/IMG_1915-1152x1536.jpeg 1152w, https:\/\/www.hoteldecalais.fr\/v5\/wp-content\/uploads\/2026\/01\/IMG_1915-1536x2048.jpeg 1536w, https:\/\/www.hoteldecalais.fr\/v5\/wp-content\/uploads\/2026\/01\/IMG_1915-580x773.jpeg 580w, https:\/\/www.hoteldecalais.fr\/v5\/wp-content\/uploads\/2026\/01\/IMG_1915-860x1147.jpeg 860w, https:\/\/www.hoteldecalais.fr\/v5\/wp-content\/uploads\/2026\/01\/IMG_1915-1160x1547.jpeg 1160w, https:\/\/www.hoteldecalais.fr\/v5\/wp-content\/uploads\/2026\/01\/IMG_1915-320x427.jpeg 320w, https:\/\/www.hoteldecalais.fr\/v5\/wp-content\/uploads\/2026\/01\/IMG_1915-480x640.jpeg 480w, https:\/\/www.hoteldecalais.fr\/v5\/wp-content\/uploads\/2026\/01\/IMG_1915-800x1067.jpeg 800w\" sizes=\"auto, (max-width: 1920px) 100vw, 1920px\" \/><\/div><div class=\"cmsmasters_owl_slider_item cmsmasters_content_slider_item\"><img loading=\"lazy\" decoding=\"async\" width=\"1920\" height=\"2560\" src=\"https:\/\/www.hoteldecalais.fr\/v5\/wp-content\/uploads\/2026\/01\/IMG_1916-scaled.jpeg\" class=\"attachment-full size-full\" alt=\"\" srcset=\"https:\/\/www.hoteldecalais.fr\/v5\/wp-content\/uploads\/2026\/01\/IMG_1916-scaled.jpeg 1920w, https:\/\/www.hoteldecalais.fr\/v5\/wp-content\/uploads\/2026\/01\/IMG_1916-225x300.jpeg 225w, https:\/\/www.hoteldecalais.fr\/v5\/wp-content\/uploads\/2026\/01\/IMG_1916-768x1024.jpeg 768w, https:\/\/www.hoteldecalais.fr\/v5\/wp-content\/uploads\/2026\/01\/IMG_1916-1152x1536.jpeg 1152w, https:\/\/www.hoteldecalais.fr\/v5\/wp-content\/uploads\/2026\/01\/IMG_1916-1536x2048.jpeg 1536w, https:\/\/www.hoteldecalais.fr\/v5\/wp-content\/uploads\/2026\/01\/IMG_1916-580x773.jpeg 580w, https:\/\/www.hoteldecalais.fr\/v5\/wp-content\/uploads\/2026\/01\/IMG_1916-860x1147.jpeg 860w, https:\/\/www.hoteldecalais.fr\/v5\/wp-content\/uploads\/2026\/01\/IMG_1916-1160x1547.jpeg 1160w, https:\/\/www.hoteldecalais.fr\/v5\/wp-content\/uploads\/2026\/01\/IMG_1916-320x427.jpeg 320w, https:\/\/www.hoteldecalais.fr\/v5\/wp-content\/uploads\/2026\/01\/IMG_1916-480x640.jpeg 480w, https:\/\/www.hoteldecalais.fr\/v5\/wp-content\/uploads\/2026\/01\/IMG_1916-800x1067.jpeg 800w\" sizes=\"auto, (max-width: 1920px) 100vw, 1920px\" \/><\/div><div class=\"cmsmasters_owl_slider_item cmsmasters_content_slider_item\"><img loading=\"lazy\" decoding=\"async\" width=\"1920\" height=\"2560\" src=\"https:\/\/www.hoteldecalais.fr\/v5\/wp-content\/uploads\/2026\/01\/IMG_1917-scaled.jpeg\" class=\"attachment-full size-full\" alt=\"\" srcset=\"https:\/\/www.hoteldecalais.fr\/v5\/wp-content\/uploads\/2026\/01\/IMG_1917-scaled.jpeg 1920w, https:\/\/www.hoteldecalais.fr\/v5\/wp-content\/uploads\/2026\/01\/IMG_1917-225x300.jpeg 225w, https:\/\/www.hoteldecalais.fr\/v5\/wp-content\/uploads\/2026\/01\/IMG_1917-768x1024.jpeg 768w, https:\/\/www.hoteldecalais.fr\/v5\/wp-content\/uploads\/2026\/01\/IMG_1917-1152x1536.jpeg 1152w, https:\/\/www.hoteldecalais.fr\/v5\/wp-content\/uploads\/2026\/01\/IMG_1917-1536x2048.jpeg 1536w, https:\/\/www.hoteldecalais.fr\/v5\/wp-content\/uploads\/2026\/01\/IMG_1917-580x773.jpeg 580w, https:\/\/www.hoteldecalais.fr\/v5\/wp-content\/uploads\/2026\/01\/IMG_1917-860x1147.jpeg 860w, https:\/\/www.hoteldecalais.fr\/v5\/wp-content\/uploads\/2026\/01\/IMG_1917-1160x1547.jpeg 1160w, https:\/\/www.hoteldecalais.fr\/v5\/wp-content\/uploads\/2026\/01\/IMG_1917-320x427.jpeg 320w, https:\/\/www.hoteldecalais.fr\/v5\/wp-content\/uploads\/2026\/01\/IMG_1917-480x640.jpeg 480w, https:\/\/www.hoteldecalais.fr\/v5\/wp-content\/uploads\/2026\/01\/IMG_1917-800x1067.jpeg 800w\" sizes=\"auto, (max-width: 1920px) 100vw, 1920px\" \/><\/div><div class=\"cmsmasters_owl_slider_item cmsmasters_content_slider_item\"><img loading=\"lazy\" decoding=\"async\" width=\"1920\" height=\"2560\" src=\"https:\/\/www.hoteldecalais.fr\/v5\/wp-content\/uploads\/2026\/01\/IMG_1919-scaled.jpeg\" class=\"attachment-full size-full\" alt=\"\" srcset=\"https:\/\/www.hoteldecalais.fr\/v5\/wp-content\/uploads\/2026\/01\/IMG_1919-scaled.jpeg 1920w, https:\/\/www.hoteldecalais.fr\/v5\/wp-content\/uploads\/2026\/01\/IMG_1919-225x300.jpeg 225w, https:\/\/www.hoteldecalais.fr\/v5\/wp-content\/uploads\/2026\/01\/IMG_1919-768x1024.jpeg 768w, https:\/\/www.hoteldecalais.fr\/v5\/wp-content\/uploads\/2026\/01\/IMG_1919-1152x1536.jpeg 1152w, https:\/\/www.hoteldecalais.fr\/v5\/wp-content\/uploads\/2026\/01\/IMG_1919-1536x2048.jpeg 1536w, https:\/\/www.hoteldecalais.fr\/v5\/wp-content\/uploads\/2026\/01\/IMG_1919-580x773.jpeg 580w, https:\/\/www.hoteldecalais.fr\/v5\/wp-content\/uploads\/2026\/01\/IMG_1919-860x1147.jpeg 860w, https:\/\/www.hoteldecalais.fr\/v5\/wp-content\/uploads\/2026\/01\/IMG_1919-1160x1547.jpeg 1160w, https:\/\/www.hoteldecalais.fr\/v5\/wp-content\/uploads\/2026\/01\/IMG_1919-320x427.jpeg 320w, https:\/\/www.hoteldecalais.fr\/v5\/wp-content\/uploads\/2026\/01\/IMG_1919-480x640.jpeg 480w, https:\/\/www.hoteldecalais.fr\/v5\/wp-content\/uploads\/2026\/01\/IMG_1919-800x1067.jpeg 800w\" sizes=\"auto, (max-width: 1920px) 100vw, 1920px\" \/><\/div><div class=\"cmsmasters_owl_slider_item cmsmasters_content_slider_item\"><img loading=\"lazy\" decoding=\"async\" width=\"1920\" height=\"2560\" src=\"https:\/\/www.hoteldecalais.fr\/v5\/wp-content\/uploads\/2026\/01\/IMG_0417-scaled.jpeg\" class=\"attachment-full size-full\" alt=\"\" srcset=\"https:\/\/www.hoteldecalais.fr\/v5\/wp-content\/uploads\/2026\/01\/IMG_0417-scaled.jpeg 1920w, https:\/\/www.hoteldecalais.fr\/v5\/wp-content\/uploads\/2026\/01\/IMG_0417-225x300.jpeg 225w, https:\/\/www.hoteldecalais.fr\/v5\/wp-content\/uploads\/2026\/01\/IMG_0417-768x1024.jpeg 768w, https:\/\/www.hoteldecalais.fr\/v5\/wp-content\/uploads\/2026\/01\/IMG_0417-1152x1536.jpeg 1152w, https:\/\/www.hoteldecalais.fr\/v5\/wp-content\/uploads\/2026\/01\/IMG_0417-1536x2048.jpeg 1536w, https:\/\/www.hoteldecalais.fr\/v5\/wp-content\/uploads\/2026\/01\/IMG_0417-580x773.jpeg 580w, https:\/\/www.hoteldecalais.fr\/v5\/wp-content\/uploads\/2026\/01\/IMG_0417-860x1147.jpeg 860w, https:\/\/www.hoteldecalais.fr\/v5\/wp-content\/uploads\/2026\/01\/IMG_0417-1160x1547.jpeg 1160w, https:\/\/www.hoteldecalais.fr\/v5\/wp-content\/uploads\/2026\/01\/IMG_0417-320x427.jpeg 320w, https:\/\/www.hoteldecalais.fr\/v5\/wp-content\/uploads\/2026\/01\/IMG_0417-480x640.jpeg 480w, https:\/\/www.hoteldecalais.fr\/v5\/wp-content\/uploads\/2026\/01\/IMG_0417-800x1067.jpeg 800w\" sizes=\"auto, (max-width: 1920px) 100vw, 1920px\" \/><\/div><div class=\"cmsmasters_owl_slider_item cmsmasters_content_slider_item\"><img loading=\"lazy\" decoding=\"async\" width=\"2560\" height=\"1563\" src=\"https:\/\/www.hoteldecalais.fr\/v5\/wp-content\/uploads\/2026\/01\/IMG_0424-scaled.jpeg\" class=\"attachment-full size-full\" alt=\"\" srcset=\"https:\/\/www.hoteldecalais.fr\/v5\/wp-content\/uploads\/2026\/01\/IMG_0424-scaled.jpeg 2560w, https:\/\/www.hoteldecalais.fr\/v5\/wp-content\/uploads\/2026\/01\/IMG_0424-300x183.jpeg 300w, https:\/\/www.hoteldecalais.fr\/v5\/wp-content\/uploads\/2026\/01\/IMG_0424-1024x625.jpeg 1024w, https:\/\/www.hoteldecalais.fr\/v5\/wp-content\/uploads\/2026\/01\/IMG_0424-768x469.jpeg 768w, https:\/\/www.hoteldecalais.fr\/v5\/wp-content\/uploads\/2026\/01\/IMG_0424-1536x938.jpeg 1536w, https:\/\/www.hoteldecalais.fr\/v5\/wp-content\/uploads\/2026\/01\/IMG_0424-2048x1250.jpeg 2048w, https:\/\/www.hoteldecalais.fr\/v5\/wp-content\/uploads\/2026\/01\/IMG_0424-580x354.jpeg 580w, https:\/\/www.hoteldecalais.fr\/v5\/wp-content\/uploads\/2026\/01\/IMG_0424-860x525.jpeg 860w, https:\/\/www.hoteldecalais.fr\/v5\/wp-content\/uploads\/2026\/01\/IMG_0424-1160x708.jpeg 1160w, https:\/\/www.hoteldecalais.fr\/v5\/wp-content\/uploads\/2026\/01\/IMG_0424-320x195.jpeg 320w, https:\/\/www.hoteldecalais.fr\/v5\/wp-content\/uploads\/2026\/01\/IMG_0424-480x293.jpeg 480w, https:\/\/www.hoteldecalais.fr\/v5\/wp-content\/uploads\/2026\/01\/IMG_0424-800x488.jpeg 800w\" sizes=\"auto, (max-width: 2560px) 100vw, 2560px\" \/><\/div><div class=\"cmsmasters_owl_slider_item cmsmasters_content_slider_item\"><img loading=\"lazy\" decoding=\"async\" width=\"2560\" height=\"1920\" src=\"https:\/\/www.hoteldecalais.fr\/v5\/wp-content\/uploads\/2026\/01\/IMG_1923-scaled.jpeg\" class=\"attachment-full size-full\" alt=\"\" srcset=\"https:\/\/www.hoteldecalais.fr\/v5\/wp-content\/uploads\/2026\/01\/IMG_1923-scaled.jpeg 2560w, https:\/\/www.hoteldecalais.fr\/v5\/wp-content\/uploads\/2026\/01\/IMG_1923-300x225.jpeg 300w, https:\/\/www.hoteldecalais.fr\/v5\/wp-content\/uploads\/2026\/01\/IMG_1923-1024x768.jpeg 1024w, https:\/\/www.hoteldecalais.fr\/v5\/wp-content\/uploads\/2026\/01\/IMG_1923-768x576.jpeg 768w, https:\/\/www.hoteldecalais.fr\/v5\/wp-content\/uploads\/2026\/01\/IMG_1923-1536x1152.jpeg 1536w, https:\/\/www.hoteldecalais.fr\/v5\/wp-content\/uploads\/2026\/01\/IMG_1923-2048x1536.jpeg 2048w, https:\/\/www.hoteldecalais.fr\/v5\/wp-content\/uploads\/2026\/01\/IMG_1923-580x435.jpeg 580w, https:\/\/www.hoteldecalais.fr\/v5\/wp-content\/uploads\/2026\/01\/IMG_1923-860x645.jpeg 860w, https:\/\/www.hoteldecalais.fr\/v5\/wp-content\/uploads\/2026\/01\/IMG_1923-1160x870.jpeg 1160w, https:\/\/www.hoteldecalais.fr\/v5\/wp-content\/uploads\/2026\/01\/IMG_1923-320x240.jpeg 320w, https:\/\/www.hoteldecalais.fr\/v5\/wp-content\/uploads\/2026\/01\/IMG_1923-480x360.jpeg 480w, https:\/\/www.hoteldecalais.fr\/v5\/wp-content\/uploads\/2026\/01\/IMG_1923-800x600.jpeg 800w\" sizes=\"auto, (max-width: 2560px) 100vw, 2560px\" \/><\/div><div class=\"cmsmasters_owl_slider_item cmsmasters_content_slider_item\"><img loading=\"lazy\" decoding=\"async\" width=\"1920\" height=\"2560\" src=\"https:\/\/www.hoteldecalais.fr\/v5\/wp-content\/uploads\/2026\/01\/IMG_1925-1-scaled.png\" class=\"attachment-full size-full\" alt=\"\" srcset=\"https:\/\/www.hoteldecalais.fr\/v5\/wp-content\/uploads\/2026\/01\/IMG_1925-1-scaled.png 1920w, https:\/\/www.hoteldecalais.fr\/v5\/wp-content\/uploads\/2026\/01\/IMG_1925-1-225x300.png 225w, https:\/\/www.hoteldecalais.fr\/v5\/wp-content\/uploads\/2026\/01\/IMG_1925-1-768x1024.png 768w, https:\/\/www.hoteldecalais.fr\/v5\/wp-content\/uploads\/2026\/01\/IMG_1925-1-1152x1536.png 1152w, https:\/\/www.hoteldecalais.fr\/v5\/wp-content\/uploads\/2026\/01\/IMG_1925-1-1536x2048.png 1536w, https:\/\/www.hoteldecalais.fr\/v5\/wp-content\/uploads\/2026\/01\/IMG_1925-1-580x773.png 580w, https:\/\/www.hoteldecalais.fr\/v5\/wp-content\/uploads\/2026\/01\/IMG_1925-1-860x1147.png 860w, https:\/\/www.hoteldecalais.fr\/v5\/wp-content\/uploads\/2026\/01\/IMG_1925-1-1160x1547.png 1160w, https:\/\/www.hoteldecalais.fr\/v5\/wp-content\/uploads\/2026\/01\/IMG_1925-1-320x427.png 320w, https:\/\/www.hoteldecalais.fr\/v5\/wp-content\/uploads\/2026\/01\/IMG_1925-1-480x640.png 480w, https:\/\/www.hoteldecalais.fr\/v5\/wp-content\/uploads\/2026\/01\/IMG_1925-1-800x1067.png 800w\" sizes=\"auto, (max-width: 1920px) 100vw, 1920px\" \/><\/div><div class=\"cmsmasters_owl_slider_item cmsmasters_content_slider_item\"><img loading=\"lazy\" decoding=\"async\" width=\"1920\" height=\"2560\" src=\"https:\/\/www.hoteldecalais.fr\/v5\/wp-content\/uploads\/2026\/01\/IMG_5193-scaled.jpeg\" class=\"attachment-full size-full\" alt=\"\" srcset=\"https:\/\/www.hoteldecalais.fr\/v5\/wp-content\/uploads\/2026\/01\/IMG_5193-scaled.jpeg 1920w, https:\/\/www.hoteldecalais.fr\/v5\/wp-content\/uploads\/2026\/01\/IMG_5193-225x300.jpeg 225w, https:\/\/www.hoteldecalais.fr\/v5\/wp-content\/uploads\/2026\/01\/IMG_5193-768x1024.jpeg 768w, https:\/\/www.hoteldecalais.fr\/v5\/wp-content\/uploads\/2026\/01\/IMG_5193-1152x1536.jpeg 1152w, https:\/\/www.hoteldecalais.fr\/v5\/wp-content\/uploads\/2026\/01\/IMG_5193-1536x2048.jpeg 1536w, https:\/\/www.hoteldecalais.fr\/v5\/wp-content\/uploads\/2026\/01\/IMG_5193-580x773.jpeg 580w, https:\/\/www.hoteldecalais.fr\/v5\/wp-content\/uploads\/2026\/01\/IMG_5193-860x1147.jpeg 860w, https:\/\/www.hoteldecalais.fr\/v5\/wp-content\/uploads\/2026\/01\/IMG_5193-1160x1547.jpeg 1160w, https:\/\/www.hoteldecalais.fr\/v5\/wp-content\/uploads\/2026\/01\/IMG_5193-320x427.jpeg 320w, https:\/\/www.hoteldecalais.fr\/v5\/wp-content\/uploads\/2026\/01\/IMG_5193-480x640.jpeg 480w, https:\/\/www.hoteldecalais.fr\/v5\/wp-content\/uploads\/2026\/01\/IMG_5193-800x1067.jpeg 800w\" sizes=\"auto, (max-width: 1920px) 100vw, 1920px\" \/><\/div><\/div>\n<\/div>\n<\/div><\/div>\n<\/div>\n<\/div>\n<\/div>\n<\/div>\n<\/div>\n<div id=\"cmsmasters_row_ygsla1u9yg\" class=\"cmsmasters_row cmsmasters_color_scheme_default cmsmasters_row_top_default cmsmasters_row_bot_default cmsmasters_row_boxed\">\n<div class=\"cmsmasters_row_outer_parent\">\n<div class=\"cmsmasters_row_outer\">\n<div class=\"cmsmasters_row_inner\">\n<div class=\"cmsmasters_row_margin\">\n<div id=\"cmsmasters_column_8zepg8yhf\" class=\"cmsmasters_column one_first\">\n<div class=\"cmsmasters_column_inner\"><div class=\"cmsmasters_text\">\n<h2 style=\"text-align: center;\">Tarifs<\/h2>\n<table style=\"height: 334px;\" border=\"1\" width=\"1635\">\n<tbody>\n<tr>\n<td colspan=\"3\" width=\"226\">Basse saison<\/td>\n<td colspan=\"3\" width=\"246\">Moyenne saison<\/td>\n<td width=\"132\">Haute saison<\/td>\n<\/tr>\n<tr>\n<td colspan=\"3\" width=\"226\">Hors autres p\u00e9riodes<\/td>\n<td colspan=\"3\" width=\"246\">Vacances scolaires, Avril, Mai, Juin, Septembre<\/td>\n<td width=\"132\">Juillet et Ao\u00fbt<\/td>\n<\/tr>\n<tr>\n<td width=\"75\">Nuit*<\/td>\n<td width=\"85\">3 nuits*<\/td>\n<td width=\"66\">Semaine<\/td>\n<td width=\"85\">Nuit*<\/td>\n<td width=\"85\">3 nuits*<\/td>\n<td width=\"76\">Semaine<\/td>\n<td width=\"132\">Semaine<\/td>\n<\/tr>\n<tr>\n<td width=\"75\"><strong>105 \u20ac<\/strong><\/td>\n<td width=\"85\">90 x 3<\/p>\n<p><strong>270 \u20ac<\/strong><\/td>\n<td width=\"66\">47 x 7<\/p>\n<p><strong>329 \u20ac<\/strong><\/td>\n<td width=\"85\"><strong>105 \u20ac<\/strong><\/td>\n<td width=\"85\">95 x 3<\/p>\n<p><strong>285 \u20ac<\/strong><\/td>\n<td width=\"76\">70 x 7<\/p>\n<p><strong>490 \u20ac<\/strong><\/td>\n<td width=\"132\">83 x 7<\/p>\n<p><strong>581 \u20ac<\/strong><\/td>\n<\/tr>\n<\/tbody>\n<\/table>\n<p>&nbsp;<\/p>\n<p>* : Except\u00e9 jours f\u00e9ri\u00e9s et leur ponts. Attention, les prix peuvent \u00eatre major\u00e9s les jours f\u00e9ri\u00e9s et leurs ponts et dates \u00e9v\u00e9nementielles.<\/p>\n<p>&nbsp;<\/p>\n<p><strong><u>REMARQUES :<\/u><\/strong><\/p>\n<p>Nos prix comprennent : location &#8211; charges (eau, gaz, \u00e9lectricit\u00e9, chauffage).<\/p>\n<p>Nos prix ne comprennent pas : &#8211; linge de cuisine<\/p>\n<p><strong>\u00a0\u00a0\u00a0\u00a0\u00a0\u00a0\u00a0\u00a0\u00a0\u00a0\u00a0\u00a0\u00a0\u00a0\u00a0\u00a0\u00a0\u00a0\u00a0\u00a0\u00a0\u00a0\u00a0\u00a0\u00a0\u00a0\u00a0\u00a0\u00a0\u00a0\u00a0\u00a0\u00a0\u00a0\u00a0\u00a0\u00a0\u00a0\u00a0\u00a0\u00a0\u00a0\u00a0\u00a0\u00a0\u00a0\u00a0\u00a0 <\/strong>\u00a0\u00a0\u00a0\u00a0\u00a0\u00a0\u00a0\u00a0\u00a0\u00a0\u00a0\u00a0\u00a0\u00a0&#8211; Taxe de s\u00e9jour\u00a0: comprise dans le prix de la location.<\/p>\n<p>&#8211; animal de compagnie admis (3 \u20ac\/jour) sous certaines conditions.<\/p>\n<p>&#8211; m\u00e9nage : 20 \u20ac \u00e0 60 \u20ac.<\/p>\n<p>&#8211; caution d\u00e9finie suivant le type de meubl\u00e9.<\/p>\n<p>&#8211; formule week-end : du vendredi 14 h au dimanche 10 h.<\/p>\n<p>&#8211; semaine et quinzaine suivant disponibilit\u00e9 \u00e0 partir de 14 h, le jour d\u2019arriv\u00e9e, jusqu\u2019\u00e0 10 h le jour de d\u00e9part.<\/p>\n<p><em>Nous r\u00e9servons fermement un appartement contre des arrhes d\u00e9termin\u00e9es en rapport avec le prix de la location.<\/em><\/p>\n<p><em>Un contrat de location est sign\u00e9 entre les deux partis.<\/em><\/p>\n<p><strong><em>L\u2019H\u00f4tel de Calais c\u2019est aussi 45 chambres d\u2019h\u00f4tel dont la plupart ont une vue imprenable sur le port.<\/em><\/strong><\/p>\n<p>&nbsp;<\/p>\n<p>&nbsp;<\/p>\n<\/div>\n<\/div><\/div>\n<\/div>\n<\/div>\n<\/div>\n<\/div>\n<\/div>\n\n","protected":false},"excerpt":{"rendered":"","protected":false},"author":1,"featured_media":0,"parent":0,"menu_order":0,"comment_status":"closed","ping_status":"closed","template":"","meta":{"footnotes":""},"class_list":["post-17621","page","type-page","status-publish","hentry"],"_links":{"self":[{"href":"https:\/\/www.hoteldecalais.fr\/v5\/wp-json\/wp\/v2\/pages\/17621","targetHints":{"allow":["GET"]}}],"collection":[{"href":"https:\/\/www.hoteldecalais.fr\/v5\/wp-json\/wp\/v2\/pages"}],"about":[{"href":"https:\/\/www.hoteldecalais.fr\/v5\/wp-json\/wp\/v2\/types\/page"}],"author":[{"embeddable":true,"href":"https:\/\/www.hoteldecalais.fr\/v5\/wp-json\/wp\/v2\/users\/1"}],"replies":[{"embeddable":true,"href":"https:\/\/www.hoteldecalais.fr\/v5\/wp-json\/wp\/v2\/comments?post=17621"}],"version-history":[{"count":1,"href":"https:\/\/www.hoteldecalais.fr\/v5\/wp-json\/wp\/v2\/pages\/17621\/revisions"}],"predecessor-version":[{"id":17633,"href":"https:\/\/www.hoteldecalais.fr\/v5\/wp-json\/wp\/v2\/pages\/17621\/revisions\/17633"}],"wp:attachment":[{"href":"https:\/\/www.hoteldecalais.fr\/v5\/wp-json\/wp\/v2\/media?parent=17621"}],"curies":[{"name":"wp","href":"https:\/\/api.w.org\/{rel}","templated":true}]}}