{"id":16612,"date":"2021-06-24T17:23:25","date_gmt":"2021-06-24T15:23:25","guid":{"rendered":"https:\/\/www.hoteldecalais.fr\/v5\/?page_id=16612"},"modified":"2026-01-08T10:59:42","modified_gmt":"2026-01-08T09:59:42","slug":"meuble-41bis","status":"publish","type":"page","link":"https:\/\/www.hoteldecalais.fr\/v5\/meuble-41bis\/","title":{"rendered":"meuble-41bis"},"content":{"rendered":"<div id=\"cmsmasters_row_u709v621cj\" class=\"cmsmasters_row cmsmasters_color_scheme_default cmsmasters_row_top_default cmsmasters_row_bot_default cmsmasters_row_boxed\">\n<div class=\"cmsmasters_row_outer_parent\">\n<div class=\"cmsmasters_row_outer\">\n<div class=\"cmsmasters_row_inner\">\n<div class=\"cmsmasters_row_margin\">\n<div id=\"cmsmasters_column_10krbdy6qi\" class=\"cmsmasters_column one_first\">\n<div class=\"cmsmasters_column_inner\"><\/div><\/div>\n<\/div>\n<\/div>\n<\/div>\n<\/div>\n<\/div>\n<div id=\"cmsmasters_row_vfwmhn5ft\" class=\"cmsmasters_row cmsmasters_color_scheme_default cmsmasters_row_top_default cmsmasters_row_bot_default cmsmasters_row_boxed\">\n<div class=\"cmsmasters_row_outer_parent\">\n<div class=\"cmsmasters_row_outer\">\n<div class=\"cmsmasters_row_inner\">\n<div class=\"cmsmasters_row_margin\">\n<div id=\"cmsmasters_column_rgy7zn0s3y\" class=\"cmsmasters_column one_third\">\n<div class=\"cmsmasters_column_inner\"><div class=\"cmsmasters_text\">\n<h2>Meubl\u00e9 \u00ab\u00a041 bis\u00a0\u00bb<\/h2>\n<\/div>\n<div class=\"cmsmasters_text\">\n<p class=\"texte_normal\"><span style=\"color: #000000;\">Pour 3 personnes.**<\/span><\/p>\n<p class=\"texte_normal\"><span style=\"color: #000000;\">-Appartement meubl\u00e9 situ\u00e9 au 1er \u00e9tage, c\u00f4t\u00e9 cour ( 30m\u00b2), compos\u00e9 d&rsquo;une salle \u00e0 manger\/cuisine\/s\u00e9jour\/; une chambre avec lit de 2 personnes + un fauteuil lit d&rsquo;une personne dans le s\u00e9jour, une salle de bain avec douche, wc et lavabo<br \/>\nT\u00e9l\u00e9vision.<\/span><\/p>\n<p>&nbsp;<\/p>\n<p><a href=\"https:\/\/hoteldecalais.thais-hotel.com\/direct-booking\/calendar?room_types=&#091;64&#093;\" target=\"_blank\" rel=\"noopener\"><img loading=\"lazy\" decoding=\"async\" class=\"alignnone wp-image-17260\" src=\"https:\/\/www.hoteldecalais.fr\/v5\/wp-content\/uploads\/2022\/06\/reserver-300x205.jpg\" alt=\"\" width=\"157\" height=\"107\" srcset=\"https:\/\/www.hoteldecalais.fr\/v5\/wp-content\/uploads\/2022\/06\/reserver-300x205.jpg 300w, https:\/\/www.hoteldecalais.fr\/v5\/wp-content\/uploads\/2022\/06\/reserver.jpg 526w\" sizes=\"auto, (max-width: 157px) 100vw, 157px\" \/><\/a><\/p>\n<\/div>\n<div class=\"cmsmasters_text\">\n<p>&nbsp;<\/p>\n<p>&nbsp;<\/p>\n<p>&nbsp;<\/p>\n<p>&nbsp;<\/p>\n<\/div>\n<\/div><\/div>\n<div id=\"cmsmasters_column_mbhm2z3nfq\" class=\"cmsmasters_column two_third\">\n<div class=\"cmsmasters_column_inner\"><div class=\"cmsmasters_content_slider_wrap\" style=\"max-width:px;\"><div id=\"cmsmasters_slider_j9iwdq6pr\" class=\"cmsmasters_owl_slider owl-carousel cmsmasters_content_slider\" data-auto-play=\"false\" data-stop-on-hover=\"false\" data-rewind-nav=\"false\" data-slide-speed=\"600\" data-pagination-speed=\"600\" data-rewind-speed=\"1000\" data-transition-style=\"false\" data-pagination=\"true\" data-navigation=\"true\"><div class=\"cmsmasters_owl_slider_item cmsmasters_content_slider_item\"><img loading=\"lazy\" decoding=\"async\" width=\"800\" height=\"600\" src=\"https:\/\/www.hoteldecalais.fr\/v5\/wp-content\/uploads\/2021\/06\/hoteldecalais-letreport-41bis-10.jpg\" class=\"attachment-full size-full\" alt=\"\" srcset=\"https:\/\/www.hoteldecalais.fr\/v5\/wp-content\/uploads\/2021\/06\/hoteldecalais-letreport-41bis-10.jpg 800w, https:\/\/www.hoteldecalais.fr\/v5\/wp-content\/uploads\/2021\/06\/hoteldecalais-letreport-41bis-10-300x225.jpg 300w, https:\/\/www.hoteldecalais.fr\/v5\/wp-content\/uploads\/2021\/06\/hoteldecalais-letreport-41bis-10-768x576.jpg 768w, https:\/\/www.hoteldecalais.fr\/v5\/wp-content\/uploads\/2021\/06\/hoteldecalais-letreport-41bis-10-580x435.jpg 580w\" sizes=\"auto, (max-width: 800px) 100vw, 800px\" \/><\/div><div class=\"cmsmasters_owl_slider_item cmsmasters_content_slider_item\"><img loading=\"lazy\" decoding=\"async\" width=\"800\" height=\"600\" src=\"https:\/\/www.hoteldecalais.fr\/v5\/wp-content\/uploads\/2021\/06\/hoteldecalais-letreport-41bis-12.jpg\" class=\"attachment-full size-full\" alt=\"\" srcset=\"https:\/\/www.hoteldecalais.fr\/v5\/wp-content\/uploads\/2021\/06\/hoteldecalais-letreport-41bis-12.jpg 800w, https:\/\/www.hoteldecalais.fr\/v5\/wp-content\/uploads\/2021\/06\/hoteldecalais-letreport-41bis-12-300x225.jpg 300w, https:\/\/www.hoteldecalais.fr\/v5\/wp-content\/uploads\/2021\/06\/hoteldecalais-letreport-41bis-12-768x576.jpg 768w, https:\/\/www.hoteldecalais.fr\/v5\/wp-content\/uploads\/2021\/06\/hoteldecalais-letreport-41bis-12-580x435.jpg 580w\" sizes=\"auto, (max-width: 800px) 100vw, 800px\" \/><\/div><div class=\"cmsmasters_owl_slider_item cmsmasters_content_slider_item\"><img loading=\"lazy\" decoding=\"async\" width=\"800\" height=\"600\" src=\"https:\/\/www.hoteldecalais.fr\/v5\/wp-content\/uploads\/2021\/06\/hoteldecalais-letreport-41bis-8.jpg\" class=\"attachment-full size-full\" alt=\"\" srcset=\"https:\/\/www.hoteldecalais.fr\/v5\/wp-content\/uploads\/2021\/06\/hoteldecalais-letreport-41bis-8.jpg 800w, https:\/\/www.hoteldecalais.fr\/v5\/wp-content\/uploads\/2021\/06\/hoteldecalais-letreport-41bis-8-300x225.jpg 300w, https:\/\/www.hoteldecalais.fr\/v5\/wp-content\/uploads\/2021\/06\/hoteldecalais-letreport-41bis-8-768x576.jpg 768w, https:\/\/www.hoteldecalais.fr\/v5\/wp-content\/uploads\/2021\/06\/hoteldecalais-letreport-41bis-8-580x435.jpg 580w\" sizes=\"auto, (max-width: 800px) 100vw, 800px\" \/><\/div><div class=\"cmsmasters_owl_slider_item cmsmasters_content_slider_item\"><img loading=\"lazy\" decoding=\"async\" width=\"800\" height=\"600\" src=\"https:\/\/www.hoteldecalais.fr\/v5\/wp-content\/uploads\/2021\/06\/hoteldecalais-letreport-41bis-6.jpg\" class=\"attachment-full size-full\" alt=\"\" srcset=\"https:\/\/www.hoteldecalais.fr\/v5\/wp-content\/uploads\/2021\/06\/hoteldecalais-letreport-41bis-6.jpg 800w, https:\/\/www.hoteldecalais.fr\/v5\/wp-content\/uploads\/2021\/06\/hoteldecalais-letreport-41bis-6-300x225.jpg 300w, https:\/\/www.hoteldecalais.fr\/v5\/wp-content\/uploads\/2021\/06\/hoteldecalais-letreport-41bis-6-768x576.jpg 768w, https:\/\/www.hoteldecalais.fr\/v5\/wp-content\/uploads\/2021\/06\/hoteldecalais-letreport-41bis-6-580x435.jpg 580w\" sizes=\"auto, (max-width: 800px) 100vw, 800px\" \/><\/div><div class=\"cmsmasters_owl_slider_item cmsmasters_content_slider_item\"><img loading=\"lazy\" decoding=\"async\" width=\"800\" height=\"600\" src=\"https:\/\/www.hoteldecalais.fr\/v5\/wp-content\/uploads\/2021\/06\/hoteldecalais-letreport-41bis-14.jpg\" class=\"attachment-full size-full\" alt=\"\" srcset=\"https:\/\/www.hoteldecalais.fr\/v5\/wp-content\/uploads\/2021\/06\/hoteldecalais-letreport-41bis-14.jpg 800w, https:\/\/www.hoteldecalais.fr\/v5\/wp-content\/uploads\/2021\/06\/hoteldecalais-letreport-41bis-14-300x225.jpg 300w, https:\/\/www.hoteldecalais.fr\/v5\/wp-content\/uploads\/2021\/06\/hoteldecalais-letreport-41bis-14-768x576.jpg 768w, https:\/\/www.hoteldecalais.fr\/v5\/wp-content\/uploads\/2021\/06\/hoteldecalais-letreport-41bis-14-580x435.jpg 580w\" sizes=\"auto, (max-width: 800px) 100vw, 800px\" \/><\/div><div class=\"cmsmasters_owl_slider_item cmsmasters_content_slider_item\"><img loading=\"lazy\" decoding=\"async\" width=\"800\" height=\"600\" src=\"https:\/\/www.hoteldecalais.fr\/v5\/wp-content\/uploads\/2021\/06\/hoteldecalais-letreport-41bis-13.jpg\" class=\"attachment-full size-full\" alt=\"\" srcset=\"https:\/\/www.hoteldecalais.fr\/v5\/wp-content\/uploads\/2021\/06\/hoteldecalais-letreport-41bis-13.jpg 800w, https:\/\/www.hoteldecalais.fr\/v5\/wp-content\/uploads\/2021\/06\/hoteldecalais-letreport-41bis-13-300x225.jpg 300w, https:\/\/www.hoteldecalais.fr\/v5\/wp-content\/uploads\/2021\/06\/hoteldecalais-letreport-41bis-13-768x576.jpg 768w, https:\/\/www.hoteldecalais.fr\/v5\/wp-content\/uploads\/2021\/06\/hoteldecalais-letreport-41bis-13-580x435.jpg 580w\" sizes=\"auto, (max-width: 800px) 100vw, 800px\" \/><\/div><div class=\"cmsmasters_owl_slider_item cmsmasters_content_slider_item\"><img loading=\"lazy\" decoding=\"async\" width=\"800\" height=\"600\" src=\"https:\/\/www.hoteldecalais.fr\/v5\/wp-content\/uploads\/2021\/06\/hoteldecalais-letreport-41bis-9.jpg\" class=\"attachment-full size-full\" alt=\"\" srcset=\"https:\/\/www.hoteldecalais.fr\/v5\/wp-content\/uploads\/2021\/06\/hoteldecalais-letreport-41bis-9.jpg 800w, https:\/\/www.hoteldecalais.fr\/v5\/wp-content\/uploads\/2021\/06\/hoteldecalais-letreport-41bis-9-300x225.jpg 300w, https:\/\/www.hoteldecalais.fr\/v5\/wp-content\/uploads\/2021\/06\/hoteldecalais-letreport-41bis-9-768x576.jpg 768w, https:\/\/www.hoteldecalais.fr\/v5\/wp-content\/uploads\/2021\/06\/hoteldecalais-letreport-41bis-9-580x435.jpg 580w\" sizes=\"auto, (max-width: 800px) 100vw, 800px\" \/><\/div><div class=\"cmsmasters_owl_slider_item cmsmasters_content_slider_item\"><img loading=\"lazy\" decoding=\"async\" width=\"800\" height=\"600\" src=\"https:\/\/www.hoteldecalais.fr\/v5\/wp-content\/uploads\/2021\/06\/hoteldecalais-letreport-41bis-11.jpg\" class=\"attachment-full size-full\" alt=\"\" srcset=\"https:\/\/www.hoteldecalais.fr\/v5\/wp-content\/uploads\/2021\/06\/hoteldecalais-letreport-41bis-11.jpg 800w, https:\/\/www.hoteldecalais.fr\/v5\/wp-content\/uploads\/2021\/06\/hoteldecalais-letreport-41bis-11-300x225.jpg 300w, https:\/\/www.hoteldecalais.fr\/v5\/wp-content\/uploads\/2021\/06\/hoteldecalais-letreport-41bis-11-768x576.jpg 768w, https:\/\/www.hoteldecalais.fr\/v5\/wp-content\/uploads\/2021\/06\/hoteldecalais-letreport-41bis-11-580x435.jpg 580w\" sizes=\"auto, (max-width: 800px) 100vw, 800px\" \/><\/div><div class=\"cmsmasters_owl_slider_item cmsmasters_content_slider_item\"><img loading=\"lazy\" decoding=\"async\" width=\"800\" height=\"600\" src=\"https:\/\/www.hoteldecalais.fr\/v5\/wp-content\/uploads\/2021\/06\/hoteldecalais-letreport-41bis-5.jpg\" class=\"attachment-full size-full\" alt=\"\" srcset=\"https:\/\/www.hoteldecalais.fr\/v5\/wp-content\/uploads\/2021\/06\/hoteldecalais-letreport-41bis-5.jpg 800w, https:\/\/www.hoteldecalais.fr\/v5\/wp-content\/uploads\/2021\/06\/hoteldecalais-letreport-41bis-5-300x225.jpg 300w, https:\/\/www.hoteldecalais.fr\/v5\/wp-content\/uploads\/2021\/06\/hoteldecalais-letreport-41bis-5-768x576.jpg 768w, https:\/\/www.hoteldecalais.fr\/v5\/wp-content\/uploads\/2021\/06\/hoteldecalais-letreport-41bis-5-580x435.jpg 580w\" sizes=\"auto, (max-width: 800px) 100vw, 800px\" \/><\/div><div class=\"cmsmasters_owl_slider_item cmsmasters_content_slider_item\"><img loading=\"lazy\" decoding=\"async\" width=\"800\" height=\"600\" src=\"https:\/\/www.hoteldecalais.fr\/v5\/wp-content\/uploads\/2021\/06\/hoteldecalais-letreport-41bis-4.jpg\" class=\"attachment-full size-full\" alt=\"\" srcset=\"https:\/\/www.hoteldecalais.fr\/v5\/wp-content\/uploads\/2021\/06\/hoteldecalais-letreport-41bis-4.jpg 800w, https:\/\/www.hoteldecalais.fr\/v5\/wp-content\/uploads\/2021\/06\/hoteldecalais-letreport-41bis-4-300x225.jpg 300w, https:\/\/www.hoteldecalais.fr\/v5\/wp-content\/uploads\/2021\/06\/hoteldecalais-letreport-41bis-4-768x576.jpg 768w, https:\/\/www.hoteldecalais.fr\/v5\/wp-content\/uploads\/2021\/06\/hoteldecalais-letreport-41bis-4-580x435.jpg 580w\" sizes=\"auto, (max-width: 800px) 100vw, 800px\" \/><\/div><div class=\"cmsmasters_owl_slider_item cmsmasters_content_slider_item\"><img loading=\"lazy\" decoding=\"async\" width=\"600\" height=\"450\" src=\"https:\/\/www.hoteldecalais.fr\/v5\/wp-content\/uploads\/2021\/06\/hoteldecalais-letreport-41bis-situation.jpg\" class=\"attachment-full size-full\" alt=\"\" srcset=\"https:\/\/www.hoteldecalais.fr\/v5\/wp-content\/uploads\/2021\/06\/hoteldecalais-letreport-41bis-situation.jpg 600w, https:\/\/www.hoteldecalais.fr\/v5\/wp-content\/uploads\/2021\/06\/hoteldecalais-letreport-41bis-situation-300x225.jpg 300w, https:\/\/www.hoteldecalais.fr\/v5\/wp-content\/uploads\/2021\/06\/hoteldecalais-letreport-41bis-situation-580x435.jpg 580w\" sizes=\"auto, (max-width: 600px) 100vw, 600px\" \/><\/div><div class=\"cmsmasters_owl_slider_item cmsmasters_content_slider_item\"><img loading=\"lazy\" decoding=\"async\" width=\"600\" height=\"450\" src=\"https:\/\/www.hoteldecalais.fr\/v5\/wp-content\/uploads\/2021\/06\/hoteldecalais-letreport-41bis-vue2.jpg\" class=\"attachment-full size-full\" alt=\"\" srcset=\"https:\/\/www.hoteldecalais.fr\/v5\/wp-content\/uploads\/2021\/06\/hoteldecalais-letreport-41bis-vue2.jpg 600w, https:\/\/www.hoteldecalais.fr\/v5\/wp-content\/uploads\/2021\/06\/hoteldecalais-letreport-41bis-vue2-300x225.jpg 300w, https:\/\/www.hoteldecalais.fr\/v5\/wp-content\/uploads\/2021\/06\/hoteldecalais-letreport-41bis-vue2-580x435.jpg 580w\" sizes=\"auto, (max-width: 600px) 100vw, 600px\" \/><\/div><div class=\"cmsmasters_owl_slider_item cmsmasters_content_slider_item\"><img loading=\"lazy\" decoding=\"async\" width=\"600\" height=\"450\" src=\"https:\/\/www.hoteldecalais.fr\/v5\/wp-content\/uploads\/2021\/06\/hoteldecalais-letreport-41bis-vue1.jpg\" class=\"attachment-full size-full\" alt=\"\" srcset=\"https:\/\/www.hoteldecalais.fr\/v5\/wp-content\/uploads\/2021\/06\/hoteldecalais-letreport-41bis-vue1.jpg 600w, https:\/\/www.hoteldecalais.fr\/v5\/wp-content\/uploads\/2021\/06\/hoteldecalais-letreport-41bis-vue1-300x225.jpg 300w, https:\/\/www.hoteldecalais.fr\/v5\/wp-content\/uploads\/2021\/06\/hoteldecalais-letreport-41bis-vue1-580x435.jpg 580w\" sizes=\"auto, (max-width: 600px) 100vw, 600px\" \/><\/div><\/div>\n<\/div>\n<\/div><\/div>\n<\/div>\n<\/div>\n<\/div>\n<\/div>\n<\/div>\n<div id=\"cmsmasters_row_ygsla1u9yg\" class=\"cmsmasters_row cmsmasters_color_scheme_default cmsmasters_row_top_default cmsmasters_row_bot_default cmsmasters_row_boxed\">\n<div class=\"cmsmasters_row_outer_parent\">\n<div class=\"cmsmasters_row_outer\">\n<div class=\"cmsmasters_row_inner\">\n<div class=\"cmsmasters_row_margin\">\n<div id=\"cmsmasters_column_8zepg8yhf\" class=\"cmsmasters_column one_first\">\n<div class=\"cmsmasters_column_inner\"><div class=\"cmsmasters_text\">\n<h2 style=\"text-align: center;\">Tarifs<\/h2>\n<p>&nbsp;<\/p>\n<table style=\"height: 311px;\" border=\"1\" width=\"1663\">\n<tbody>\n<tr>\n<td colspan=\"3\" width=\"208\">Basse saison<\/td>\n<td colspan=\"3\" width=\"255\">Moyenne saison<\/td>\n<td width=\"170\">Haute saison<\/td>\n<\/tr>\n<tr>\n<td colspan=\"3\" width=\"208\">Hors autres p\u00e9riodes<\/td>\n<td colspan=\"3\" width=\"255\">Vacances scolaires, Avril, Mai, Juin, Septembre<\/td>\n<td width=\"170\">Juillet et Ao\u00fbt<\/td>\n<\/tr>\n<tr>\n<td width=\"66\">Nuit*<\/td>\n<td width=\"66\">3 nuits*<\/td>\n<td width=\"76\">Semaine<\/td>\n<td width=\"76\">Nuit*<\/td>\n<td width=\"78\">3 nuits*<\/td>\n<td width=\"102\">Semaine<\/td>\n<td width=\"170\">Semaine<\/td>\n<\/tr>\n<tr>\n<td width=\"66\"><strong>85 \u20ac<\/strong><\/td>\n<td width=\"66\">75 x 3<\/p>\n<p><strong>225 \u20ac<\/strong><\/td>\n<td width=\"76\">37 x 7<\/p>\n<p><strong>259 \u20ac<\/strong><\/td>\n<td width=\"76\"><strong>85 \u20ac<\/strong><\/td>\n<td width=\"78\">78 x 3<\/p>\n<p><strong>234 \u20ac<\/strong><\/td>\n<td width=\"102\">50 x 7<\/p>\n<p><strong>350 \u20ac<\/strong><\/td>\n<td width=\"170\">60 x 7<\/p>\n<p><strong>420 \u20ac<\/strong><\/td>\n<\/tr>\n<\/tbody>\n<\/table>\n<p>* : Except\u00e9 jours f\u00e9ri\u00e9s et leur ponts. Attention, les prix peuvent \u00eatre major\u00e9s les jours f\u00e9ri\u00e9s et leurs ponts et dates \u00e9v\u00e9nementielles.<\/p>\n<p>&nbsp;<\/p>\n<p><strong><u>REMARQUES :<\/u><\/strong><\/p>\n<p>Nos prix comprennent : location &#8211; charges (eau, gaz, \u00e9lectricit\u00e9, chauffage).<\/p>\n<p>Nos prix ne comprennent pas : &#8211; linge de cuisine<\/p>\n<p><strong>\u00a0\u00a0\u00a0\u00a0\u00a0\u00a0\u00a0\u00a0\u00a0\u00a0\u00a0\u00a0\u00a0\u00a0\u00a0\u00a0\u00a0\u00a0\u00a0\u00a0\u00a0\u00a0\u00a0\u00a0\u00a0\u00a0\u00a0\u00a0\u00a0\u00a0\u00a0\u00a0\u00a0\u00a0\u00a0\u00a0\u00a0\u00a0\u00a0\u00a0\u00a0\u00a0\u00a0\u00a0\u00a0\u00a0\u00a0\u00a0 <\/strong>\u00a0\u00a0\u00a0\u00a0\u00a0\u00a0\u00a0\u00a0\u00a0\u00a0\u00a0\u00a0\u00a0\u00a0&#8211; Taxe de s\u00e9jour\u00a0: comprise dans le prix de la location.<\/p>\n<p>&#8211; animal de compagnie admis (3 \u20ac\/jour) sous certaines conditions.<\/p>\n<p>&#8211; m\u00e9nage : 20 \u20ac \u00e0 60 \u20ac.<\/p>\n<p>&#8211; caution d\u00e9finie suivant le type de meubl\u00e9.<\/p>\n<p>&#8211; formule week-end : du vendredi 14 h au dimanche 10 h.<\/p>\n<p>&#8211; semaine et quinzaine suivant disponibilit\u00e9 \u00e0 partir de 14 h, le jour d\u2019arriv\u00e9e, jusqu\u2019\u00e0 10 h le jour de d\u00e9part.<\/p>\n<p><em>Nous r\u00e9servons fermement un appartement contre des arrhes d\u00e9termin\u00e9es en rapport avec le prix de la location.<\/em><\/p>\n<p><em>Un contrat de location est sign\u00e9 entre les deux partis.<\/em><\/p>\n<p><strong><em>L\u2019H\u00f4tel de Calais c\u2019est aussi 45 chambres d\u2019h\u00f4tel dont la plupart ont une vue imprenable sur le port.<\/em><\/strong><\/p>\n<p>&nbsp;<\/p>\n<p>&nbsp;<\/p>\n<\/div>\n<\/div><\/div>\n<\/div>\n<\/div>\n<\/div>\n<\/div>\n<\/div>\n\n","protected":false},"excerpt":{"rendered":"","protected":false},"author":1,"featured_media":0,"parent":0,"menu_order":0,"comment_status":"closed","ping_status":"closed","template":"","meta":{"footnotes":""},"class_list":["post-16612","page","type-page","status-publish","hentry"],"_links":{"self":[{"href":"https:\/\/www.hoteldecalais.fr\/v5\/wp-json\/wp\/v2\/pages\/16612","targetHints":{"allow":["GET"]}}],"collection":[{"href":"https:\/\/www.hoteldecalais.fr\/v5\/wp-json\/wp\/v2\/pages"}],"about":[{"href":"https:\/\/www.hoteldecalais.fr\/v5\/wp-json\/wp\/v2\/types\/page"}],"author":[{"embeddable":true,"href":"https:\/\/www.hoteldecalais.fr\/v5\/wp-json\/wp\/v2\/users\/1"}],"replies":[{"embeddable":true,"href":"https:\/\/www.hoteldecalais.fr\/v5\/wp-json\/wp\/v2\/comments?post=16612"}],"version-history":[{"count":7,"href":"https:\/\/www.hoteldecalais.fr\/v5\/wp-json\/wp\/v2\/pages\/16612\/revisions"}],"predecessor-version":[{"id":17593,"href":"https:\/\/www.hoteldecalais.fr\/v5\/wp-json\/wp\/v2\/pages\/16612\/revisions\/17593"}],"wp:attachment":[{"href":"https:\/\/www.hoteldecalais.fr\/v5\/wp-json\/wp\/v2\/media?parent=16612"}],"curies":[{"name":"wp","href":"https:\/\/api.w.org\/{rel}","templated":true}]}}