{"id":16559,"date":"2021-06-24T16:52:53","date_gmt":"2021-06-24T14:52:53","guid":{"rendered":"https:\/\/www.hoteldecalais.fr\/v5\/?page_id=16559"},"modified":"2026-01-27T15:50:33","modified_gmt":"2026-01-27T14:50:33","slug":"les-meubles","status":"publish","type":"page","link":"https:\/\/www.hoteldecalais.fr\/v5\/les-meubles\/","title":{"rendered":"Les Meubl\u00e9s"},"content":{"rendered":"\r\n<div class=\"vce-row-container\" data-vce-boxed-width=\"true\">\r\n<div id=\"el-1392c9cb\" class=\"vce-row vce-row--col-gap-30 vce-row-equal-height vce-row-content--top\" data-vce-do-apply=\"all el-1392c9cb\">\r\n<div class=\"vce-row-content\" data-vce-element-content=\"true\">\r\n\r\n\r\n<div id=\"el-af928956\" class=\"vce-col vce-col--md-auto vce-col--xs-1 vce-col--xs-last vce-col--xs-first vce-col--sm-last vce-col--sm-first vce-col--md-last vce-col--lg-last vce-col--xl-last vce-col--md-first vce-col--lg-first vce-col--xl-first\">\r\n<div class=\"vce-col-inner\" data-vce-do-apply=\"border margin background el-af928956\">\r\n<div class=\"vce-col-content\" data-vce-element-content=\"true\" data-vce-do-apply=\"padding el-af928956\">\r\n\r\n\r\n<div class=\"vce-text-block\">\r\n<div id=\"el-c887ecd3\" class=\"vce-text-block-wrapper vce\" data-vce-do-apply=\"all el-c887ecd3\">\r\n\r\n<div id=\"cmsmasters_row_6nizrsg4xy\" class=\"cmsmasters_row cmsmasters_color_scheme_default cmsmasters_row_top_default cmsmasters_row_bot_default cmsmasters_row_boxed\">\n<div class=\"cmsmasters_row_outer_parent\">\n<div class=\"cmsmasters_row_outer\">\n<div class=\"cmsmasters_row_inner\">\n<div class=\"cmsmasters_row_margin\">\n<div id=\"cmsmasters_column_n5ftnwcqh\" class=\"cmsmasters_column one_first\">\n<div class=\"cmsmasters_column_inner\"><div class=\"cmsmasters_text\">\n<h2 style=\"text-align: center;\">Les Meubl\u00e9s<\/h2>\n<p class=\"texte_normal\" style=\"text-align: center;\">Situ\u00e9 en plein centre ville dans une rue commer\u00e7ante, \u00e0 50 m\u00e8tres du port, 300 m\u00e8tres de la plage et de la gare, nos meubl\u00e9s font partis d'un ensemble d'anciens b\u00e2timents surplombant le port et domin\u00e9 par l'\u00e9glise Saint-Jacques.<\/p>\n<p class=\"texte_normal\" style=\"text-align: center;\">Certains de ceux, d\u00e9crit ici, font l'objet d'une classification \u00e0 la charte de qualit\u00e9 Cl\u00e9vacances.<\/p>\n<p class=\"texte_normal\" style=\"text-align: center;\">Nos cuisines sont \u00e9quip\u00e9es d'un evier double bac\/\u00e9goutoir, avec eau chaude et froide, r\u00e9frig\u00e9rateur, gazini\u00e9re avec four et ustenciles de cuisine.<br \/>\nLes couvertures et oreillers sont fournis.<br \/>\nChauffage dans chaque meubl\u00e9.<\/p>\n<\/div>\n<\/div><\/div>\n<div id=\"cmsmasters_column_o0qjcgefl\" class=\"cmsmasters_column one_first\">\n<div class=\"cmsmasters_column_inner\"><\/div><\/div>\n<div id=\"cmsmasters_column_q8cp85zzea\" class=\"cmsmasters_column one_first\">\n<div class=\"cmsmasters_column_inner\"><\/div><\/div>\n<\/div>\n<\/div>\n<\/div>\n<\/div>\n<\/div>\n<div id=\"cmsmasters_row_28ycg8wcvt\" class=\"cmsmasters_row cmsmasters_color_scheme_default cmsmasters_row_top_default cmsmasters_row_bot_default cmsmasters_row_boxed\">\n<div class=\"cmsmasters_row_outer_parent\">\n<div class=\"cmsmasters_row_outer\">\n<div class=\"cmsmasters_row_inner\">\n<div class=\"cmsmasters_row_margin\">\n<div id=\"cmsmasters_column_y0bdvb5lcg\" class=\"cmsmasters_column one_third\">\n<div class=\"cmsmasters_column_inner\"><div class=\"cmsmasters_text\">\n<p>Meubl\u00e9 \"36\"<\/p>\n<\/div>\n<div class=\"cmsmasters_img  cmsmasters_image_n\" data-animation=\"fadeIn\" data-delay=\"0\"><a href=\"https:\/\/www.hoteldecalais.fr\/v5\/meuble-36\/\"><img src=\"https:\/\/www.hoteldecalais.fr\/v5\/wp-content\/uploads\/2021\/06\/hoteldecalais-letreport-36-5-300x225.jpg\" \/><\/a><\/div><div class=\"cmsmasters_text\">\n<p>Pour 2 personnes<br \/>\n<a class=\"link1\" href=\"https:\/\/www.hoteldecalais.fr\/v5\/meuble-36\/\">PLUS D'INFORMATIONS...<\/a><\/p>\n<\/div>\n<\/div><\/div>\n<div id=\"cmsmasters_column_sd80o657s\" class=\"cmsmasters_column one_third\">\n<div class=\"cmsmasters_column_inner\"><div class=\"cmsmasters_text\">\n<p>Meubl\u00e9 \"33\"<\/p>\n<\/div>\n<div class=\"cmsmasters_img  cmsmasters_image_n\" data-animation=\"fadeIn\" data-delay=\"0\"><a href=\"https:\/\/www.hoteldecalais.fr\/v5\/meuble-33\/\"><img src=\"https:\/\/www.hoteldecalais.fr\/v5\/wp-content\/uploads\/2021\/06\/hoteldecalais-letreport-33-6-300x225.jpg\" \/><\/a><\/div><div class=\"cmsmasters_text\">\n<p>Pour 2 personnes<br \/>\n<a class=\"link1\" href=\"https:\/\/www.hoteldecalais.fr\/v5\/meuble-33\/\">PLUS D'INFORMATIONS...<\/a><\/p>\n<\/div>\n<\/div><\/div>\n<div id=\"cmsmasters_column_wmmj41ciu5\" class=\"cmsmasters_column one_third\">\n<div class=\"cmsmasters_column_inner\"><div class=\"cmsmasters_text\">\n<p>Meubl\u00e9 \"55\"<\/p>\n<p><a href=\"https:\/\/www.hoteldecalais.fr\/v5\/meuble-55\/\"><img loading=\"lazy\" decoding=\"async\" class=\"alignnone size-medium wp-image-17564\" src=\"https:\/\/www.hoteldecalais.fr\/v5\/wp-content\/uploads\/2025\/12\/55-4-300x225.jpg\" alt=\"\" width=\"300\" height=\"225\" srcset=\"https:\/\/www.hoteldecalais.fr\/v5\/wp-content\/uploads\/2025\/12\/55-4-300x225.jpg 300w, https:\/\/www.hoteldecalais.fr\/v5\/wp-content\/uploads\/2025\/12\/55-4-768x576.jpg 768w, https:\/\/www.hoteldecalais.fr\/v5\/wp-content\/uploads\/2025\/12\/55-4-580x435.jpg 580w, https:\/\/www.hoteldecalais.fr\/v5\/wp-content\/uploads\/2025\/12\/55-4-860x645.jpg 860w, https:\/\/www.hoteldecalais.fr\/v5\/wp-content\/uploads\/2025\/12\/55-4-320x240.jpg 320w, https:\/\/www.hoteldecalais.fr\/v5\/wp-content\/uploads\/2025\/12\/55-4-480x360.jpg 480w, https:\/\/www.hoteldecalais.fr\/v5\/wp-content\/uploads\/2025\/12\/55-4-800x600.jpg 800w, https:\/\/www.hoteldecalais.fr\/v5\/wp-content\/uploads\/2025\/12\/55-4.jpg 1000w\" sizes=\"auto, (max-width: 300px) 100vw, 300px\" \/><\/a><\/p>\n<p>Pour 2 personnes<br \/>\n<a href=\"https:\/\/www.hoteldecalais.fr\/v5\/meuble-55\/\">PLUS D'INFORMATIONS...<\/a><\/p>\n<\/div>\n<\/div><\/div>\n<\/div>\n<\/div>\n<\/div>\n<\/div>\n<\/div>\n<div id=\"cmsmasters_row_khwompdi0q\" class=\"cmsmasters_row cmsmasters_color_scheme_default cmsmasters_row_top_default cmsmasters_row_bot_default cmsmasters_row_boxed\">\n<div class=\"cmsmasters_row_outer_parent\">\n<div class=\"cmsmasters_row_outer\">\n<div class=\"cmsmasters_row_inner\">\n<div class=\"cmsmasters_row_margin\">\n<div id=\"cmsmasters_column_blm0aln46t\" class=\"cmsmasters_column one_first\">\n<div class=\"cmsmasters_column_inner\"><div id=\"cmsmasters_divider_eq7wv198en\" class=\"cmsmasters_divider cmsmasters_divider_width_long cmsmasters_divider_pos_center\"><\/div>\n<\/div><\/div>\n<\/div>\n<\/div>\n<\/div>\n<\/div>\n<\/div>\n<div id=\"cmsmasters_row_53jn1xcfd\" class=\"cmsmasters_row cmsmasters_color_scheme_default cmsmasters_row_top_default cmsmasters_row_bot_default cmsmasters_row_boxed\">\n<div class=\"cmsmasters_row_outer_parent\">\n<div class=\"cmsmasters_row_outer\">\n<div class=\"cmsmasters_row_inner\">\n<div class=\"cmsmasters_row_margin\">\n<div id=\"cmsmasters_column_1vf6xxoez\" class=\"cmsmasters_column one_third\">\n<div class=\"cmsmasters_column_inner\"><div class=\"cmsmasters_text\">\n<p>Meubl\u00e9 \"56\"<\/p>\n<\/div>\n<div class=\"cmsmasters_img  cmsmasters_image_n\" data-animation=\"fadeIn\" data-delay=\"0\"><a href=\"https:\/\/www.hoteldecalais.fr\/v5\/meuble-56\/\"><img src=\"https:\/\/www.hoteldecalais.fr\/v5\/wp-content\/uploads\/2021\/06\/hoteldecalais-letreport-56-3-300x225.jpg\" \/><\/a><\/div><div class=\"cmsmasters_text\">\n<p>Pour 2 personnes<br \/>\n<a class=\"link1\" href=\"https:\/\/www.hoteldecalais.fr\/v5\/meuble-56\/\">PLUS D'INFORMATIONS...<\/a><\/p>\n<\/div>\n<\/div><\/div>\n<div id=\"cmsmasters_column_bxyhdioxs7\" class=\"cmsmasters_column one_third\">\n<div class=\"cmsmasters_column_inner\"><div class=\"cmsmasters_text\">\n<p>Meubl\u00e9 \"41bis\"<\/p>\n<\/div>\n<div class=\"cmsmasters_img  cmsmasters_image_n\" data-animation=\"fadeIn\" data-delay=\"0\"><a href=\"https:\/\/www.hoteldecalais.fr\/v5\/meuble-41bis\/\"><img src=\"https:\/\/www.hoteldecalais.fr\/v5\/wp-content\/uploads\/2021\/06\/hoteldecalais-letreport-41bis-10-300x225.jpg\" \/><\/a><\/div><div class=\"cmsmasters_text\">\n<p>Pour 3 personnes<br \/>\n<a class=\"link1\" href=\"https:\/\/www.hoteldecalais.fr\/v5\/meuble-41bis\/\">PLUS D'INFORMATIONS...<\/a><\/p>\n<\/div>\n<\/div><\/div>\n<div id=\"cmsmasters_column_xqu1nz40k\" class=\"cmsmasters_column one_third\">\n<div class=\"cmsmasters_column_inner\"><div class=\"cmsmasters_text\">\n<\/div>\n<p>Meubl\u00e9 \"37-38\"<\/p>\n<p><a href=\"https:\/\/www.hoteldecalais.fr\/v5\/meuble-37-38\/\"><img loading=\"lazy\" decoding=\"async\" class=\"alignnone size-medium wp-image-17388\" src=\"https:\/\/www.hoteldecalais.fr\/v5\/wp-content\/uploads\/2024\/05\/hoteldecalais-letreport-37-38-53-300x200.jpg\" alt=\"\" width=\"300\" height=\"200\" srcset=\"https:\/\/www.hoteldecalais.fr\/v5\/wp-content\/uploads\/2024\/05\/hoteldecalais-letreport-37-38-53-300x200.jpg 300w, https:\/\/www.hoteldecalais.fr\/v5\/wp-content\/uploads\/2024\/05\/hoteldecalais-letreport-37-38-53-1024x683.jpg 1024w, https:\/\/www.hoteldecalais.fr\/v5\/wp-content\/uploads\/2024\/05\/hoteldecalais-letreport-37-38-53-768x512.jpg 768w, https:\/\/www.hoteldecalais.fr\/v5\/wp-content\/uploads\/2024\/05\/hoteldecalais-letreport-37-38-53-1536x1024.jpg 1536w, https:\/\/www.hoteldecalais.fr\/v5\/wp-content\/uploads\/2024\/05\/hoteldecalais-letreport-37-38-53-2048x1365.jpg 2048w, https:\/\/www.hoteldecalais.fr\/v5\/wp-content\/uploads\/2024\/05\/hoteldecalais-letreport-37-38-53-580x387.jpg 580w, https:\/\/www.hoteldecalais.fr\/v5\/wp-content\/uploads\/2024\/05\/hoteldecalais-letreport-37-38-53-860x573.jpg 860w, https:\/\/www.hoteldecalais.fr\/v5\/wp-content\/uploads\/2024\/05\/hoteldecalais-letreport-37-38-53-1160x773.jpg 1160w, https:\/\/www.hoteldecalais.fr\/v5\/wp-content\/uploads\/2024\/05\/hoteldecalais-letreport-37-38-53-320x213.jpg 320w, https:\/\/www.hoteldecalais.fr\/v5\/wp-content\/uploads\/2024\/05\/hoteldecalais-letreport-37-38-53-480x320.jpg 480w, https:\/\/www.hoteldecalais.fr\/v5\/wp-content\/uploads\/2024\/05\/hoteldecalais-letreport-37-38-53-800x533.jpg 800w\" sizes=\"auto, (max-width: 300px) 100vw, 300px\" \/><\/a><\/p>\n<p>Pour 2\/4 personnes\n<a class=\"link1\" href=\"https:\/\/www.hoteldecalais.fr\/v5\/meuble-37-38\/\">PLUS D'INFORMATIONS...<\/a><\/p>\n<\/div><\/div>\n<\/div>\n<\/div>\n<\/div>\n<\/div>\n<\/div>\n<div id=\"cmsmasters_row_tuzp5i3si\" class=\"cmsmasters_row cmsmasters_color_scheme_default cmsmasters_row_top_default cmsmasters_row_bot_default cmsmasters_row_boxed\">\n<div class=\"cmsmasters_row_outer_parent\">\n<div class=\"cmsmasters_row_outer\">\n<div class=\"cmsmasters_row_inner\">\n<div class=\"cmsmasters_row_margin\">\n<div id=\"cmsmasters_column_85lgdab4zv\" class=\"cmsmasters_column one_first\">\n<div class=\"cmsmasters_column_inner\"><div id=\"cmsmasters_divider_059u6lxmwt\" class=\"cmsmasters_divider cmsmasters_divider_width_long cmsmasters_divider_pos_center\"><\/div>\n<\/div><\/div>\n<\/div>\n<\/div>\n<\/div>\n<\/div>\n<\/div>\n<div id=\"cmsmasters_row_99k8kxrnqt\" class=\"cmsmasters_row cmsmasters_color_scheme_default cmsmasters_row_top_default cmsmasters_row_bot_default cmsmasters_row_boxed\">\n<div class=\"cmsmasters_row_outer_parent\">\n<div class=\"cmsmasters_row_outer\">\n<div class=\"cmsmasters_row_inner\">\n<div class=\"cmsmasters_row_margin\">\n<div id=\"cmsmasters_column_jwq5kp095\" class=\"cmsmasters_column one_third\">\n<div class=\"cmsmasters_column_inner\"><div class=\"cmsmasters_text\">\n<p>Meubl\u00e9 \"1bis \u00e9toile de mer\"<\/p>\n<\/div>\n<div class=\"cmsmasters_img  cmsmasters_image_n\" data-animation=\"fadeIn\" data-delay=\"0\"><a href=\"https:\/\/www.hoteldecalais.fr\/v5\/meuble-1bis-etoile-de-mer\/\"><img src=\"https:\/\/www.hoteldecalais.fr\/v5\/wp-content\/uploads\/2021\/06\/hoteldecalais-letreport-1bis-18-300x225.jpg\" \/><\/a><\/div><div class=\"cmsmasters_text\">\n<p>Pour 2\/4 personnes<br \/>\n<a class=\"link1\" href=\"https:\/\/www.hoteldecalais.fr\/v5\/meuble-1bis-etoile-de-mer\/\">PLUS D'INFORMATIONS...<\/a><\/p>\n<\/div>\n<\/div><\/div>\n<div id=\"cmsmasters_column_8wdygvpqc\" class=\"cmsmasters_column one_third\">\n<div class=\"cmsmasters_column_inner\"><div class=\"cmsmasters_text\">\n<p>Meubl\u00e9 \"2 bis \u00e9toile de mer\"<\/p>\n<\/div>\n<div class=\"cmsmasters_img  cmsmasters_image_n\" data-animation=\"fadeIn\" data-delay=\"0\"><a href=\"https:\/\/www.hoteldecalais.fr\/v5\/meuble-2bis-etoile-de-mer\/\"><img src=\"https:\/\/www.hoteldecalais.fr\/v5\/wp-content\/uploads\/2021\/06\/hoteldecalais-letreport-2bis-16-300x225.jpg\" \/><\/a><\/div><div class=\"cmsmasters_text\">\n<p>Pour 2\/4 personnes<br \/>\n<a class=\"link1\" href=\"https:\/\/www.hoteldecalais.fr\/v5\/meuble-2bis-etoile-de-mer\/\">PLUS D'INFORMATIONS...<\/a><\/p>\n<\/div>\n<\/div><\/div>\n<div id=\"cmsmasters_column_3teuyekari\" class=\"cmsmasters_column one_third\">\n<div class=\"cmsmasters_column_inner\"><div class=\"cmsmasters_text\">\n<p>Meubl\u00e9 \"54\"<\/p>\n<\/div>\n<div class=\"cmsmasters_img  cmsmasters_image_n\" data-animation=\"fadeIn\" data-delay=\"0\"><a href=\"https:\/\/www.hoteldecalais.fr\/v5\/meuble-54\/\"><img src=\"https:\/\/www.hoteldecalais.fr\/v5\/wp-content\/uploads\/2021\/06\/hoteldecalais-letreport-54-8-300x225.jpg\" \/><\/a><\/div><div class=\"cmsmasters_text\">\n<p>Pour 4 personnes<br \/>\n<a class=\"link1\" href=\"https:\/\/www.hoteldecalais.fr\/v5\/meuble-54\/\">PLUS D'INFORMATIONS...<\/a><\/p>\n<\/div>\n<\/div><\/div>\n<\/div>\n<\/div>\n<\/div>\n<\/div>\n<\/div>\n<div id=\"cmsmasters_row_2zz33d9r2u\" class=\"cmsmasters_row cmsmasters_color_scheme_default cmsmasters_row_top_default cmsmasters_row_bot_default cmsmasters_row_boxed\">\n<div class=\"cmsmasters_row_outer_parent\">\n<div class=\"cmsmasters_row_outer\">\n<div class=\"cmsmasters_row_inner\">\n<div class=\"cmsmasters_row_margin\">\n<div id=\"cmsmasters_column_nlki0t2fbd\" class=\"cmsmasters_column one_first\">\n<div class=\"cmsmasters_column_inner\"><div id=\"cmsmasters_divider_r4mv0tb2k\" class=\"cmsmasters_divider cmsmasters_divider_width_long cmsmasters_divider_pos_center\"><\/div>\n<\/div><\/div>\n<\/div>\n<\/div>\n<\/div>\n<\/div>\n<\/div>\n<div id=\"cmsmasters_row_suo50ri5er\" class=\"cmsmasters_row cmsmasters_color_scheme_default cmsmasters_row_top_default cmsmasters_row_bot_default cmsmasters_row_boxed\">\n<div class=\"cmsmasters_row_outer_parent\">\n<div class=\"cmsmasters_row_outer\">\n<div class=\"cmsmasters_row_inner\">\n<div class=\"cmsmasters_row_margin\">\n<div id=\"cmsmasters_column_1kt52k5fnp\" class=\"cmsmasters_column one_third\">\n<div class=\"cmsmasters_column_inner\"><div class=\"cmsmasters_text\">\n<p>Meubl\u00e9 \"32-34\"<\/p>\n<p><a href=\"https:\/\/www.hoteldecalais.fr\/v5\/meuble-32-34\/\"><img loading=\"lazy\" decoding=\"async\" class=\"alignnone size-medium wp-image-17576\" src=\"https:\/\/www.hoteldecalais.fr\/v5\/wp-content\/uploads\/2025\/12\/6-300x225.jpg\" alt=\"\" width=\"300\" height=\"225\" srcset=\"https:\/\/www.hoteldecalais.fr\/v5\/wp-content\/uploads\/2025\/12\/6-300x225.jpg 300w, https:\/\/www.hoteldecalais.fr\/v5\/wp-content\/uploads\/2025\/12\/6-768x576.jpg 768w, https:\/\/www.hoteldecalais.fr\/v5\/wp-content\/uploads\/2025\/12\/6-580x435.jpg 580w, https:\/\/www.hoteldecalais.fr\/v5\/wp-content\/uploads\/2025\/12\/6-860x645.jpg 860w, https:\/\/www.hoteldecalais.fr\/v5\/wp-content\/uploads\/2025\/12\/6-320x240.jpg 320w, https:\/\/www.hoteldecalais.fr\/v5\/wp-content\/uploads\/2025\/12\/6-480x360.jpg 480w, https:\/\/www.hoteldecalais.fr\/v5\/wp-content\/uploads\/2025\/12\/6-800x600.jpg 800w, https:\/\/www.hoteldecalais.fr\/v5\/wp-content\/uploads\/2025\/12\/6.jpg 1000w\" sizes=\"auto, (max-width: 300px) 100vw, 300px\" \/><\/a><br \/>\nPour 5 personnes<br \/>\n<a class=\"link1\" href=\"https:\/\/www.hoteldecalais.fr\/v5\/meuble-32-34\/\">PLUS D'INFORMATIONS...<\/a><\/p>\n<\/div>\n<\/div><\/div>\n<div id=\"cmsmasters_column_6g7n3ftk1r\" class=\"cmsmasters_column one_third\">\n<div class=\"cmsmasters_column_inner\"><div class=\"cmsmasters_text\">\n<p>Meubl\u00e9 \"49bis\"<\/p>\n<p><a href=\"https:\/\/www.hoteldecalais.fr\/v5\/meuble-49bis\/\"><img loading=\"lazy\" decoding=\"async\" class=\"alignnone wp-image-17625 size-medium\" src=\"https:\/\/www.hoteldecalais.fr\/v5\/wp-content\/uploads\/2026\/01\/IMG_1914-300x225.jpeg\" alt=\"\" width=\"300\" height=\"225\" srcset=\"https:\/\/www.hoteldecalais.fr\/v5\/wp-content\/uploads\/2026\/01\/IMG_1914-300x225.jpeg 300w, https:\/\/www.hoteldecalais.fr\/v5\/wp-content\/uploads\/2026\/01\/IMG_1914-1024x768.jpeg 1024w, https:\/\/www.hoteldecalais.fr\/v5\/wp-content\/uploads\/2026\/01\/IMG_1914-768x576.jpeg 768w, https:\/\/www.hoteldecalais.fr\/v5\/wp-content\/uploads\/2026\/01\/IMG_1914-1536x1152.jpeg 1536w, https:\/\/www.hoteldecalais.fr\/v5\/wp-content\/uploads\/2026\/01\/IMG_1914-2048x1536.jpeg 2048w, https:\/\/www.hoteldecalais.fr\/v5\/wp-content\/uploads\/2026\/01\/IMG_1914-580x435.jpeg 580w, https:\/\/www.hoteldecalais.fr\/v5\/wp-content\/uploads\/2026\/01\/IMG_1914-860x645.jpeg 860w, https:\/\/www.hoteldecalais.fr\/v5\/wp-content\/uploads\/2026\/01\/IMG_1914-1160x870.jpeg 1160w, https:\/\/www.hoteldecalais.fr\/v5\/wp-content\/uploads\/2026\/01\/IMG_1914-320x240.jpeg 320w, https:\/\/www.hoteldecalais.fr\/v5\/wp-content\/uploads\/2026\/01\/IMG_1914-480x360.jpeg 480w, https:\/\/www.hoteldecalais.fr\/v5\/wp-content\/uploads\/2026\/01\/IMG_1914-800x600.jpeg 800w\" sizes=\"auto, (max-width: 300px) 100vw, 300px\" \/><\/a><br \/>\nPour 5 personnes<br \/>\n<a class=\"link1\" href=\"https:\/\/www.hoteldecalais.fr\/v5\/meuble-49bis\/\">PLUS D'INFORMATIONS...<\/a><\/p>\n<p>&nbsp;<\/p>\n<p>Meubl\u00e9 \"corvette\"<\/p>\n<\/div>\n<div class=\"cmsmasters_img  cmsmasters_image_n\" data-animation=\"fadeIn\" data-delay=\"0\"><a href=\"https:\/\/www.hoteldecalais.fr\/v5\/meuble-corvette\/\"><img src=\"https:\/\/www.hoteldecalais.fr\/v5\/wp-content\/uploads\/2021\/06\/hoteldecalais-letreport-corvette-19-300x225.jpg\" \/><\/a><\/div><div class=\"cmsmasters_text\">\n<p>Pour 6\/7 personnes<br \/>\n<a class=\"link1\" href=\"https:\/\/www.hoteldecalais.fr\/v5\/meuble-corvette\/\">PLUS D'INFORMATIONS...<\/a><\/p>\n<\/div>\n<\/div><\/div>\n<div id=\"cmsmasters_column_2vqret3vx5\" class=\"cmsmasters_column one_third\">\n<div class=\"cmsmasters_column_inner\"><div class=\"cmsmasters_text\">\n<p>Meubl\u00e9 \"1 \u00e9toile de la mer\"<\/p>\n<\/div>\n<div class=\"cmsmasters_img  cmsmasters_image_n\" data-animation=\"fadeIn\" data-delay=\"0\"><a href=\"https:\/\/www.hoteldecalais.fr\/v5\/meuble1-etoile-de-la-mer\/\"><img src=\"https:\/\/www.hoteldecalais.fr\/v5\/wp-content\/uploads\/2021\/06\/hoteldecalais-letreport-1etoile-5-300x225.jpg\" \/><\/a><\/div><div class=\"cmsmasters_text\">\n<p>Pour 4\/6 personnes<br \/>\n<a class=\"link1\" href=\"https:\/\/www.hoteldecalais.fr\/v5\/meuble1-etoile-de-la-mer\/\">PLUS D'INFORMATIONS...<\/a><\/p>\n<\/div>\n<\/div><\/div>\n<\/div>\n<\/div>\n<\/div>\n<\/div>\n<\/div>\n<div id=\"cmsmasters_row_r2j0n2pby\" class=\"cmsmasters_row cmsmasters_color_scheme_default cmsmasters_row_top_default cmsmasters_row_bot_default cmsmasters_row_boxed\">\n<div class=\"cmsmasters_row_outer_parent\">\n<div class=\"cmsmasters_row_outer\">\n<div class=\"cmsmasters_row_inner\">\n<div class=\"cmsmasters_row_margin\">\n<div id=\"cmsmasters_column_opb01jcgw4\" class=\"cmsmasters_column one_first\">\n<div class=\"cmsmasters_column_inner\"><div id=\"cmsmasters_divider_gdz6qf8xqu\" class=\"cmsmasters_divider cmsmasters_divider_width_long cmsmasters_divider_pos_center\"><\/div>\n<\/div><\/div>\n<\/div>\n<\/div>\n<\/div>\n<\/div>\n<\/div>\n<div id=\"cmsmasters_row_gqiodklpm8\" class=\"cmsmasters_row cmsmasters_color_scheme_default cmsmasters_row_top_default cmsmasters_row_bot_default cmsmasters_row_boxed\">\n<div class=\"cmsmasters_row_outer_parent\">\n<div class=\"cmsmasters_row_outer\">\n<div class=\"cmsmasters_row_inner\">\n<div class=\"cmsmasters_row_margin\">\n<div id=\"cmsmasters_column_z6limta2mp\" class=\"cmsmasters_column one_third\">\n<div class=\"cmsmasters_column_inner\"><div class=\"cmsmasters_text\">\n<p>Meubl\u00e9 \"2 \u00e9toile de la mer\"<\/p>\n<\/div>\n<div class=\"cmsmasters_img  cmsmasters_image_n\" data-animation=\"fadeIn\" data-delay=\"0\"><a href=\"https:\/\/www.hoteldecalais.fr\/v5\/meuble2-etoile-de-la-mer\/\"><img src=\"https:\/\/www.hoteldecalais.fr\/v5\/wp-content\/uploads\/2021\/06\/hoteldecalais-letreport-2etoile-11-300x200.jpg\" \/><\/a><\/div><div class=\"cmsmasters_text\">\n<p>Pour 4\/6 personnes<br \/>\n<a class=\"link1\" href=\"https:\/\/www.hoteldecalais.fr\/v5\/meuble2-etoile-de-la-mer\/\">PLUS D'INFORMATIONS...<\/a><\/p>\n<\/div>\n<\/div><\/div>\n<div id=\"cmsmasters_column_xndo9zf5q\" class=\"cmsmasters_column one_third\">\n<div class=\"cmsmasters_column_inner\"><\/div><\/div>\n<div id=\"cmsmasters_column_rbir6e2ls\" class=\"cmsmasters_column one_third\">\n<div class=\"cmsmasters_column_inner\"><\/div><\/div>\n<\/div>\n<\/div>\n<\/div>\n<\/div>\n<\/div>\n<div id=\"cmsmasters_row_xha397tx6q\" class=\"cmsmasters_row cmsmasters_color_scheme_default cmsmasters_row_top_default cmsmasters_row_bot_default cmsmasters_row_boxed\">\n<div class=\"cmsmasters_row_outer_parent\">\n<div class=\"cmsmasters_row_outer\">\n<div class=\"cmsmasters_row_inner\">\n<div class=\"cmsmasters_row_margin\">\n<div id=\"cmsmasters_column_ts6lh0ol5\" class=\"cmsmasters_column one_first\">\n<div class=\"cmsmasters_column_inner\"><div id=\"cmsmasters_divider_pb625c0bg\" class=\"cmsmasters_divider cmsmasters_divider_width_long cmsmasters_divider_pos_center\"><\/div>\n<\/div><\/div>\n<\/div>\n<\/div>\n<\/div>\n<\/div>\n<\/div>\n\r\n\r\n<\/div>\r\n<\/div>\r\n\r\n\r\n<\/div>\r\n<\/div>\r\n<\/div>\r\n\r\n\r\n<\/div>\r\n<\/div>\r\n<\/div>\r\n\n","protected":false},"excerpt":{"rendered":"","protected":false},"author":1,"featured_media":0,"parent":0,"menu_order":0,"comment_status":"closed","ping_status":"closed","template":"","meta":{"footnotes":""},"class_list":["post-16559","page","type-page","status-publish","hentry"],"_links":{"self":[{"href":"https:\/\/www.hoteldecalais.fr\/v5\/wp-json\/wp\/v2\/pages\/16559","targetHints":{"allow":["GET"]}}],"collection":[{"href":"https:\/\/www.hoteldecalais.fr\/v5\/wp-json\/wp\/v2\/pages"}],"about":[{"href":"https:\/\/www.hoteldecalais.fr\/v5\/wp-json\/wp\/v2\/types\/page"}],"author":[{"embeddable":true,"href":"https:\/\/www.hoteldecalais.fr\/v5\/wp-json\/wp\/v2\/users\/1"}],"replies":[{"embeddable":true,"href":"https:\/\/www.hoteldecalais.fr\/v5\/wp-json\/wp\/v2\/comments?post=16559"}],"version-history":[{"count":28,"href":"https:\/\/www.hoteldecalais.fr\/v5\/wp-json\/wp\/v2\/pages\/16559\/revisions"}],"predecessor-version":[{"id":17639,"href":"https:\/\/www.hoteldecalais.fr\/v5\/wp-json\/wp\/v2\/pages\/16559\/revisions\/17639"}],"wp:attachment":[{"href":"https:\/\/www.hoteldecalais.fr\/v5\/wp-json\/wp\/v2\/media?parent=16559"}],"curies":[{"name":"wp","href":"https:\/\/api.w.org\/{rel}","templated":true}]}}