{"id":15127,"date":"2021-05-20T18:22:13","date_gmt":"2021-05-20T16:22:13","guid":{"rendered":"https:\/\/www.hoteldecalais.fr\/v5\/?page_id=15127"},"modified":"2021-08-03T15:52:39","modified_gmt":"2021-08-03T13:52:39","slug":"salon-salle-de-billard","status":"publish","type":"page","link":"https:\/\/www.hoteldecalais.fr\/v5\/salon-salle-de-billard\/","title":{"rendered":"SALON \/ SALLE DE BILLARD"},"content":{"rendered":"<div id=\"cmsmasters_row_\" class=\"cmsmasters_row cmsmasters_color_scheme_default cmsmasters_row_top_default cmsmasters_row_bot_default cmsmasters_row_boxed\">\n<div class=\"cmsmasters_row_outer_parent\">\n<div class=\"cmsmasters_row_outer\">\n<div class=\"cmsmasters_row_inner\">\n<div class=\"cmsmasters_row_margin\">\n<div id=\"cmsmasters_column_\" class=\"cmsmasters_column one_half\">\n<div class=\"cmsmasters_column_inner\"><div class=\"cmsmasters_text\">\n<h2 class=\"ind4 wp-block-heading\"><span class=\"st_chambre-1\">SALON \/ SALLE DE BILLARD<\/span><\/h2>\n<p class=\"st_chambre-1\">\u00a0<\/p>\n<p class=\"texte_normal\">Un salon \/ salle de billard est \u00e0 votre disposition depuis le moi de mai 2010.<\/p>\n<p class=\"texte_normal\">Ouvert de 8h \u00e0 21h, vous pourrez passer un moment de d\u00e9tente agr\u00e9able en faisant un billard Fran\u00e7ais ou Am\u00e9ricain, ou en vous installant confortablement dans le canap\u00e9 pour regarder un bon film sur grand \u00e9cran plat.<\/p>\n<\/p>\n<\/div>\n<\/div><\/div>\n<div id=\"cmsmasters_column_7exuut287\" class=\"cmsmasters_column one_half\">\n<div class=\"cmsmasters_column_inner\"><div id=\"cmsmasters_gallery_7hpjheqko4\" class=\"cmsmasters_gallery_wrap\" data-type=\"grid\" data-count=\"0\"><ul class=\"cmsmasters_gallery cmsmasters_4 cmsmasters_more_items_loader\"><li class=\"cmsmasters_gallery_item\"><figure><a href=\"https:\/\/www.hoteldecalais.fr\/v5\/wp-content\/uploads\/2021\/05\/hoteldecalais-letreport-salon-1.jpg\" rel=\"ilightbox[7hpjheqko4]\"><img loading=\"lazy\" decoding=\"async\" width=\"640\" height=\"480\" src=\"https:\/\/www.hoteldecalais.fr\/v5\/wp-content\/uploads\/2021\/05\/hoteldecalais-letreport-salon-1.jpg\" class=\"attachment-full size-full\" alt=\"\" srcset=\"https:\/\/www.hoteldecalais.fr\/v5\/wp-content\/uploads\/2021\/05\/hoteldecalais-letreport-salon-1.jpg 640w, https:\/\/www.hoteldecalais.fr\/v5\/wp-content\/uploads\/2021\/05\/hoteldecalais-letreport-salon-1-300x225.jpg 300w, https:\/\/www.hoteldecalais.fr\/v5\/wp-content\/uploads\/2021\/05\/hoteldecalais-letreport-salon-1-580x435.jpg 580w\" sizes=\"auto, (max-width: 640px) 100vw, 640px\" \/><\/a><\/figure><\/li><li class=\"cmsmasters_gallery_item\"><figure><a href=\"https:\/\/www.hoteldecalais.fr\/v5\/wp-content\/uploads\/2021\/05\/hoteldecalais-letreport-salon-2.jpg\" rel=\"ilightbox[7hpjheqko4]\"><img loading=\"lazy\" decoding=\"async\" width=\"640\" height=\"480\" src=\"https:\/\/www.hoteldecalais.fr\/v5\/wp-content\/uploads\/2021\/05\/hoteldecalais-letreport-salon-2.jpg\" class=\"attachment-full size-full\" alt=\"\" srcset=\"https:\/\/www.hoteldecalais.fr\/v5\/wp-content\/uploads\/2021\/05\/hoteldecalais-letreport-salon-2.jpg 640w, https:\/\/www.hoteldecalais.fr\/v5\/wp-content\/uploads\/2021\/05\/hoteldecalais-letreport-salon-2-300x225.jpg 300w, https:\/\/www.hoteldecalais.fr\/v5\/wp-content\/uploads\/2021\/05\/hoteldecalais-letreport-salon-2-580x435.jpg 580w\" sizes=\"auto, (max-width: 640px) 100vw, 640px\" \/><\/a><\/figure><\/li><li class=\"cmsmasters_gallery_item\"><figure><a href=\"https:\/\/www.hoteldecalais.fr\/v5\/wp-content\/uploads\/2021\/05\/hoteldecalais-letreport-salon-3.jpg\" rel=\"ilightbox[7hpjheqko4]\"><img loading=\"lazy\" decoding=\"async\" width=\"640\" height=\"480\" src=\"https:\/\/www.hoteldecalais.fr\/v5\/wp-content\/uploads\/2021\/05\/hoteldecalais-letreport-salon-3.jpg\" class=\"attachment-full size-full\" alt=\"\" srcset=\"https:\/\/www.hoteldecalais.fr\/v5\/wp-content\/uploads\/2021\/05\/hoteldecalais-letreport-salon-3.jpg 640w, https:\/\/www.hoteldecalais.fr\/v5\/wp-content\/uploads\/2021\/05\/hoteldecalais-letreport-salon-3-300x225.jpg 300w, https:\/\/www.hoteldecalais.fr\/v5\/wp-content\/uploads\/2021\/05\/hoteldecalais-letreport-salon-3-580x435.jpg 580w\" sizes=\"auto, (max-width: 640px) 100vw, 640px\" \/><\/a><\/figure><\/li><li class=\"cmsmasters_gallery_item\"><figure><a href=\"https:\/\/www.hoteldecalais.fr\/v5\/wp-content\/uploads\/2021\/05\/hoteldecalais-letreport-salon-4.jpg\" rel=\"ilightbox[7hpjheqko4]\"><img loading=\"lazy\" decoding=\"async\" width=\"640\" height=\"480\" src=\"https:\/\/www.hoteldecalais.fr\/v5\/wp-content\/uploads\/2021\/05\/hoteldecalais-letreport-salon-4.jpg\" class=\"attachment-full size-full\" alt=\"\" srcset=\"https:\/\/www.hoteldecalais.fr\/v5\/wp-content\/uploads\/2021\/05\/hoteldecalais-letreport-salon-4.jpg 640w, https:\/\/www.hoteldecalais.fr\/v5\/wp-content\/uploads\/2021\/05\/hoteldecalais-letreport-salon-4-300x225.jpg 300w, https:\/\/www.hoteldecalais.fr\/v5\/wp-content\/uploads\/2021\/05\/hoteldecalais-letreport-salon-4-580x435.jpg 580w\" sizes=\"auto, (max-width: 640px) 100vw, 640px\" \/><\/a><\/figure><\/li><li class=\"cmsmasters_gallery_item\"><figure><a href=\"https:\/\/www.hoteldecalais.fr\/v5\/wp-content\/uploads\/2021\/05\/hoteldecalais-letreport-salon-5.jpg\" rel=\"ilightbox[7hpjheqko4]\"><img loading=\"lazy\" decoding=\"async\" width=\"640\" height=\"480\" src=\"https:\/\/www.hoteldecalais.fr\/v5\/wp-content\/uploads\/2021\/05\/hoteldecalais-letreport-salon-5.jpg\" class=\"attachment-full size-full\" alt=\"\" srcset=\"https:\/\/www.hoteldecalais.fr\/v5\/wp-content\/uploads\/2021\/05\/hoteldecalais-letreport-salon-5.jpg 640w, https:\/\/www.hoteldecalais.fr\/v5\/wp-content\/uploads\/2021\/05\/hoteldecalais-letreport-salon-5-300x225.jpg 300w, https:\/\/www.hoteldecalais.fr\/v5\/wp-content\/uploads\/2021\/05\/hoteldecalais-letreport-salon-5-580x435.jpg 580w\" sizes=\"auto, (max-width: 640px) 100vw, 640px\" \/><\/a><\/figure><\/li><li class=\"cmsmasters_gallery_item\"><figure><a href=\"https:\/\/www.hoteldecalais.fr\/v5\/wp-content\/uploads\/2021\/05\/hoteldecalais-letreport-salon-6.jpg\" rel=\"ilightbox[7hpjheqko4]\"><img loading=\"lazy\" decoding=\"async\" width=\"640\" height=\"480\" src=\"https:\/\/www.hoteldecalais.fr\/v5\/wp-content\/uploads\/2021\/05\/hoteldecalais-letreport-salon-6.jpg\" class=\"attachment-full size-full\" alt=\"\" srcset=\"https:\/\/www.hoteldecalais.fr\/v5\/wp-content\/uploads\/2021\/05\/hoteldecalais-letreport-salon-6.jpg 640w, https:\/\/www.hoteldecalais.fr\/v5\/wp-content\/uploads\/2021\/05\/hoteldecalais-letreport-salon-6-300x225.jpg 300w, https:\/\/www.hoteldecalais.fr\/v5\/wp-content\/uploads\/2021\/05\/hoteldecalais-letreport-salon-6-580x435.jpg 580w\" sizes=\"auto, (max-width: 640px) 100vw, 640px\" \/><\/a><\/figure><\/li><li class=\"cmsmasters_gallery_item\"><figure><a href=\"https:\/\/www.hoteldecalais.fr\/v5\/wp-content\/uploads\/2021\/05\/hoteldecalais-letreport-salon-7.jpg\" rel=\"ilightbox[7hpjheqko4]\"><img loading=\"lazy\" decoding=\"async\" width=\"640\" height=\"480\" src=\"https:\/\/www.hoteldecalais.fr\/v5\/wp-content\/uploads\/2021\/05\/hoteldecalais-letreport-salon-7.jpg\" class=\"attachment-full size-full\" alt=\"\" srcset=\"https:\/\/www.hoteldecalais.fr\/v5\/wp-content\/uploads\/2021\/05\/hoteldecalais-letreport-salon-7.jpg 640w, https:\/\/www.hoteldecalais.fr\/v5\/wp-content\/uploads\/2021\/05\/hoteldecalais-letreport-salon-7-300x225.jpg 300w, https:\/\/www.hoteldecalais.fr\/v5\/wp-content\/uploads\/2021\/05\/hoteldecalais-letreport-salon-7-580x435.jpg 580w\" sizes=\"auto, (max-width: 640px) 100vw, 640px\" \/><\/a><\/figure><\/li><li class=\"cmsmasters_gallery_item\"><figure><a href=\"https:\/\/www.hoteldecalais.fr\/v5\/wp-content\/uploads\/2021\/05\/hoteldecalais-letreport-salon-8.jpg\" rel=\"ilightbox[7hpjheqko4]\"><img loading=\"lazy\" decoding=\"async\" width=\"640\" height=\"480\" src=\"https:\/\/www.hoteldecalais.fr\/v5\/wp-content\/uploads\/2021\/05\/hoteldecalais-letreport-salon-8.jpg\" class=\"attachment-full size-full\" alt=\"\" srcset=\"https:\/\/www.hoteldecalais.fr\/v5\/wp-content\/uploads\/2021\/05\/hoteldecalais-letreport-salon-8.jpg 640w, https:\/\/www.hoteldecalais.fr\/v5\/wp-content\/uploads\/2021\/05\/hoteldecalais-letreport-salon-8-300x225.jpg 300w, https:\/\/www.hoteldecalais.fr\/v5\/wp-content\/uploads\/2021\/05\/hoteldecalais-letreport-salon-8-580x435.jpg 580w\" sizes=\"auto, (max-width: 640px) 100vw, 640px\" \/><\/a><\/figure><\/li><li class=\"cmsmasters_gallery_item\"><figure><a href=\"https:\/\/www.hoteldecalais.fr\/v5\/wp-content\/uploads\/2021\/05\/hoteldecalais-letreport-salon-9.jpg\" rel=\"ilightbox[7hpjheqko4]\"><img loading=\"lazy\" decoding=\"async\" width=\"640\" height=\"480\" src=\"https:\/\/www.hoteldecalais.fr\/v5\/wp-content\/uploads\/2021\/05\/hoteldecalais-letreport-salon-9.jpg\" class=\"attachment-full size-full\" alt=\"\" srcset=\"https:\/\/www.hoteldecalais.fr\/v5\/wp-content\/uploads\/2021\/05\/hoteldecalais-letreport-salon-9.jpg 640w, https:\/\/www.hoteldecalais.fr\/v5\/wp-content\/uploads\/2021\/05\/hoteldecalais-letreport-salon-9-300x225.jpg 300w, https:\/\/www.hoteldecalais.fr\/v5\/wp-content\/uploads\/2021\/05\/hoteldecalais-letreport-salon-9-580x435.jpg 580w\" sizes=\"auto, (max-width: 640px) 100vw, 640px\" \/><\/a><\/figure><\/li><li class=\"cmsmasters_gallery_item\"><figure><a href=\"https:\/\/www.hoteldecalais.fr\/v5\/wp-content\/uploads\/2021\/05\/hoteldecalais-letreport-salon-10.jpg\" rel=\"ilightbox[7hpjheqko4]\"><img loading=\"lazy\" decoding=\"async\" width=\"640\" height=\"480\" src=\"https:\/\/www.hoteldecalais.fr\/v5\/wp-content\/uploads\/2021\/05\/hoteldecalais-letreport-salon-10.jpg\" class=\"attachment-full size-full\" alt=\"\" srcset=\"https:\/\/www.hoteldecalais.fr\/v5\/wp-content\/uploads\/2021\/05\/hoteldecalais-letreport-salon-10.jpg 640w, https:\/\/www.hoteldecalais.fr\/v5\/wp-content\/uploads\/2021\/05\/hoteldecalais-letreport-salon-10-300x225.jpg 300w, https:\/\/www.hoteldecalais.fr\/v5\/wp-content\/uploads\/2021\/05\/hoteldecalais-letreport-salon-10-580x435.jpg 580w\" sizes=\"auto, (max-width: 640px) 100vw, 640px\" \/><\/a><\/figure><\/li><li class=\"cmsmasters_gallery_item\"><figure><a href=\"https:\/\/www.hoteldecalais.fr\/v5\/wp-content\/uploads\/2021\/05\/hoteldecalais-letreport-salon-11.jpg\" rel=\"ilightbox[7hpjheqko4]\"><img loading=\"lazy\" decoding=\"async\" width=\"640\" height=\"480\" src=\"https:\/\/www.hoteldecalais.fr\/v5\/wp-content\/uploads\/2021\/05\/hoteldecalais-letreport-salon-11.jpg\" class=\"attachment-full size-full\" alt=\"\" srcset=\"https:\/\/www.hoteldecalais.fr\/v5\/wp-content\/uploads\/2021\/05\/hoteldecalais-letreport-salon-11.jpg 640w, https:\/\/www.hoteldecalais.fr\/v5\/wp-content\/uploads\/2021\/05\/hoteldecalais-letreport-salon-11-300x225.jpg 300w, https:\/\/www.hoteldecalais.fr\/v5\/wp-content\/uploads\/2021\/05\/hoteldecalais-letreport-salon-11-580x435.jpg 580w\" sizes=\"auto, (max-width: 640px) 100vw, 640px\" \/><\/a><\/figure><\/li><\/ul><\/div>\n<\/div><\/div>\n<\/div>\n<\/div>\n<\/div>\n<\/div>\n<\/div>\n","protected":false},"excerpt":{"rendered":"","protected":false},"author":1,"featured_media":0,"parent":0,"menu_order":0,"comment_status":"closed","ping_status":"closed","template":"","meta":{"footnotes":""},"class_list":["post-15127","page","type-page","status-publish","hentry"],"_links":{"self":[{"href":"https:\/\/www.hoteldecalais.fr\/v5\/wp-json\/wp\/v2\/pages\/15127","targetHints":{"allow":["GET"]}}],"collection":[{"href":"https:\/\/www.hoteldecalais.fr\/v5\/wp-json\/wp\/v2\/pages"}],"about":[{"href":"https:\/\/www.hoteldecalais.fr\/v5\/wp-json\/wp\/v2\/types\/page"}],"author":[{"embeddable":true,"href":"https:\/\/www.hoteldecalais.fr\/v5\/wp-json\/wp\/v2\/users\/1"}],"replies":[{"embeddable":true,"href":"https:\/\/www.hoteldecalais.fr\/v5\/wp-json\/wp\/v2\/comments?post=15127"}],"version-history":[{"count":2,"href":"https:\/\/www.hoteldecalais.fr\/v5\/wp-json\/wp\/v2\/pages\/15127\/revisions"}],"predecessor-version":[{"id":17137,"href":"https:\/\/www.hoteldecalais.fr\/v5\/wp-json\/wp\/v2\/pages\/15127\/revisions\/17137"}],"wp:attachment":[{"href":"https:\/\/www.hoteldecalais.fr\/v5\/wp-json\/wp\/v2\/media?parent=15127"}],"curies":[{"name":"wp","href":"https:\/\/api.w.org\/{rel}","templated":true}]}}