{"id":15104,"date":"2021-05-20T18:18:49","date_gmt":"2021-05-20T16:18:49","guid":{"rendered":"https:\/\/www.hoteldecalais.fr\/v5\/?page_id=15104"},"modified":"2021-08-03T16:13:38","modified_gmt":"2021-08-03T14:13:38","slug":"salle-de-detente-pour-pmr","status":"publish","type":"page","link":"https:\/\/www.hoteldecalais.fr\/v5\/salle-de-detente-pour-pmr\/","title":{"rendered":"Salle de d\u00e9tente pour PMR"},"content":{"rendered":"<div id=\"cmsmasters_row_\" class=\"cmsmasters_row cmsmasters_color_scheme_default cmsmasters_row_top_default cmsmasters_row_bot_default cmsmasters_row_boxed\">\n<div class=\"cmsmasters_row_outer_parent\">\n<div class=\"cmsmasters_row_outer\">\n<div class=\"cmsmasters_row_inner\">\n<div class=\"cmsmasters_row_margin\">\n<div id=\"cmsmasters_column_\" class=\"cmsmasters_column one_half\">\n<div class=\"cmsmasters_column_inner\"><div class=\"cmsmasters_text\">\n<h2 class=\"ind4 wp-block-heading\"><span class=\"st_chambre-1\">SALLE DU PETIT D\u00c9JEUNER<\/span>\u00a0ADAPT\u00c9E AUX PERSONNES \u00c0 MOBILIT\u00c9 R\u00c9DUITE<\/h2>\n<p class=\"st_chambre-1\">\u00a0<\/p>\n<p class=\"texte_normal\">Un salon qui sert \u00e0 la fois de salle de petits d\u00e9jeuners sp\u00e9cialement adapt\u00e9 pour les personnes \u00e0 mobilit\u00e9 r\u00e9duite est en service \u00e0 l&rsquo;h\u00f4tel de Calais depuis cet \u00e9t\u00e9.<\/p>\n<p class=\"texte_normal\">Il a \u00e9t\u00e9 am\u00e9nag\u00e9 \u00e0 la place d&rsquo;un ancien meubl\u00e9 (la Goelette) qui donnait directement au rez de chauss\u00e9e dans la cour de l&rsquo;h\u00f4tel et offre une vue d\u00e9gag\u00e9e sur le port.<\/p>\n<p class=\"texte_normal\">\u00a0<\/p>\n<\/p>\n<\/div>\n<\/div><\/div>\n<div id=\"cmsmasters_column_7exuut287\" class=\"cmsmasters_column one_half\">\n<div class=\"cmsmasters_column_inner\"><div id=\"cmsmasters_gallery_7hpjheqko4\" class=\"cmsmasters_gallery_wrap\" data-type=\"grid\" data-count=\"0\"><ul class=\"cmsmasters_gallery cmsmasters_4 cmsmasters_more_items_loader\"><li class=\"cmsmasters_gallery_item\"><figure><a href=\"https:\/\/www.hoteldecalais.fr\/v5\/wp-content\/uploads\/2021\/05\/1-1.jpg\" rel=\"ilightbox[7hpjheqko4]\"><img loading=\"lazy\" decoding=\"async\" width=\"960\" height=\"640\" src=\"https:\/\/www.hoteldecalais.fr\/v5\/wp-content\/uploads\/2021\/05\/1-1.jpg\" class=\"attachment-full size-full\" alt=\"\" srcset=\"https:\/\/www.hoteldecalais.fr\/v5\/wp-content\/uploads\/2021\/05\/1-1.jpg 960w, https:\/\/www.hoteldecalais.fr\/v5\/wp-content\/uploads\/2021\/05\/1-1-300x200.jpg 300w, https:\/\/www.hoteldecalais.fr\/v5\/wp-content\/uploads\/2021\/05\/1-1-768x512.jpg 768w, https:\/\/www.hoteldecalais.fr\/v5\/wp-content\/uploads\/2021\/05\/1-1-580x387.jpg 580w, https:\/\/www.hoteldecalais.fr\/v5\/wp-content\/uploads\/2021\/05\/1-1-860x573.jpg 860w\" sizes=\"auto, (max-width: 960px) 100vw, 960px\" \/><\/a><\/figure><\/li><li class=\"cmsmasters_gallery_item\"><figure><a href=\"https:\/\/www.hoteldecalais.fr\/v5\/wp-content\/uploads\/2021\/05\/2.jpg\" rel=\"ilightbox[7hpjheqko4]\"><img loading=\"lazy\" decoding=\"async\" width=\"960\" height=\"640\" src=\"https:\/\/www.hoteldecalais.fr\/v5\/wp-content\/uploads\/2021\/05\/2.jpg\" class=\"attachment-full size-full\" alt=\"\" srcset=\"https:\/\/www.hoteldecalais.fr\/v5\/wp-content\/uploads\/2021\/05\/2.jpg 960w, https:\/\/www.hoteldecalais.fr\/v5\/wp-content\/uploads\/2021\/05\/2-300x200.jpg 300w, https:\/\/www.hoteldecalais.fr\/v5\/wp-content\/uploads\/2021\/05\/2-768x512.jpg 768w, https:\/\/www.hoteldecalais.fr\/v5\/wp-content\/uploads\/2021\/05\/2-580x387.jpg 580w, https:\/\/www.hoteldecalais.fr\/v5\/wp-content\/uploads\/2021\/05\/2-860x573.jpg 860w\" sizes=\"auto, (max-width: 960px) 100vw, 960px\" \/><\/a><\/figure><\/li><li class=\"cmsmasters_gallery_item\"><figure><a href=\"https:\/\/www.hoteldecalais.fr\/v5\/wp-content\/uploads\/2021\/05\/3.jpg\" rel=\"ilightbox[7hpjheqko4]\"><img loading=\"lazy\" decoding=\"async\" width=\"960\" height=\"640\" src=\"https:\/\/www.hoteldecalais.fr\/v5\/wp-content\/uploads\/2021\/05\/3.jpg\" class=\"attachment-full size-full\" alt=\"\" srcset=\"https:\/\/www.hoteldecalais.fr\/v5\/wp-content\/uploads\/2021\/05\/3.jpg 960w, https:\/\/www.hoteldecalais.fr\/v5\/wp-content\/uploads\/2021\/05\/3-300x200.jpg 300w, https:\/\/www.hoteldecalais.fr\/v5\/wp-content\/uploads\/2021\/05\/3-768x512.jpg 768w, https:\/\/www.hoteldecalais.fr\/v5\/wp-content\/uploads\/2021\/05\/3-580x387.jpg 580w, https:\/\/www.hoteldecalais.fr\/v5\/wp-content\/uploads\/2021\/05\/3-860x573.jpg 860w\" sizes=\"auto, (max-width: 960px) 100vw, 960px\" \/><\/a><\/figure><\/li><li class=\"cmsmasters_gallery_item\"><figure><a href=\"https:\/\/www.hoteldecalais.fr\/v5\/wp-content\/uploads\/2021\/05\/4.jpg\" rel=\"ilightbox[7hpjheqko4]\"><img loading=\"lazy\" decoding=\"async\" width=\"960\" height=\"640\" src=\"https:\/\/www.hoteldecalais.fr\/v5\/wp-content\/uploads\/2021\/05\/4.jpg\" class=\"attachment-full size-full\" alt=\"\" srcset=\"https:\/\/www.hoteldecalais.fr\/v5\/wp-content\/uploads\/2021\/05\/4.jpg 960w, https:\/\/www.hoteldecalais.fr\/v5\/wp-content\/uploads\/2021\/05\/4-300x200.jpg 300w, https:\/\/www.hoteldecalais.fr\/v5\/wp-content\/uploads\/2021\/05\/4-768x512.jpg 768w, https:\/\/www.hoteldecalais.fr\/v5\/wp-content\/uploads\/2021\/05\/4-580x387.jpg 580w, https:\/\/www.hoteldecalais.fr\/v5\/wp-content\/uploads\/2021\/05\/4-860x573.jpg 860w\" sizes=\"auto, (max-width: 960px) 100vw, 960px\" \/><\/a><\/figure><\/li><li class=\"cmsmasters_gallery_item\"><figure><a href=\"https:\/\/www.hoteldecalais.fr\/v5\/wp-content\/uploads\/2021\/05\/5-1.jpg\" rel=\"ilightbox[7hpjheqko4]\"><img loading=\"lazy\" decoding=\"async\" width=\"960\" height=\"640\" src=\"https:\/\/www.hoteldecalais.fr\/v5\/wp-content\/uploads\/2021\/05\/5-1.jpg\" class=\"attachment-full size-full\" alt=\"\" srcset=\"https:\/\/www.hoteldecalais.fr\/v5\/wp-content\/uploads\/2021\/05\/5-1.jpg 960w, https:\/\/www.hoteldecalais.fr\/v5\/wp-content\/uploads\/2021\/05\/5-1-300x200.jpg 300w, https:\/\/www.hoteldecalais.fr\/v5\/wp-content\/uploads\/2021\/05\/5-1-768x512.jpg 768w, https:\/\/www.hoteldecalais.fr\/v5\/wp-content\/uploads\/2021\/05\/5-1-580x387.jpg 580w, https:\/\/www.hoteldecalais.fr\/v5\/wp-content\/uploads\/2021\/05\/5-1-860x573.jpg 860w\" sizes=\"auto, (max-width: 960px) 100vw, 960px\" \/><\/a><\/figure><\/li><li class=\"cmsmasters_gallery_item\"><figure><a href=\"https:\/\/www.hoteldecalais.fr\/v5\/wp-content\/uploads\/2021\/05\/6-1.jpg\" rel=\"ilightbox[7hpjheqko4]\"><img loading=\"lazy\" decoding=\"async\" width=\"960\" height=\"640\" src=\"https:\/\/www.hoteldecalais.fr\/v5\/wp-content\/uploads\/2021\/05\/6-1.jpg\" class=\"attachment-full size-full\" alt=\"\" srcset=\"https:\/\/www.hoteldecalais.fr\/v5\/wp-content\/uploads\/2021\/05\/6-1.jpg 960w, https:\/\/www.hoteldecalais.fr\/v5\/wp-content\/uploads\/2021\/05\/6-1-300x200.jpg 300w, https:\/\/www.hoteldecalais.fr\/v5\/wp-content\/uploads\/2021\/05\/6-1-768x512.jpg 768w, https:\/\/www.hoteldecalais.fr\/v5\/wp-content\/uploads\/2021\/05\/6-1-580x387.jpg 580w, https:\/\/www.hoteldecalais.fr\/v5\/wp-content\/uploads\/2021\/05\/6-1-860x573.jpg 860w\" sizes=\"auto, (max-width: 960px) 100vw, 960px\" \/><\/a><\/figure><\/li><li class=\"cmsmasters_gallery_item\"><figure><a href=\"https:\/\/www.hoteldecalais.fr\/v5\/wp-content\/uploads\/2021\/05\/7.jpg\" rel=\"ilightbox[7hpjheqko4]\"><img loading=\"lazy\" decoding=\"async\" width=\"960\" height=\"640\" src=\"https:\/\/www.hoteldecalais.fr\/v5\/wp-content\/uploads\/2021\/05\/7.jpg\" class=\"attachment-full size-full\" alt=\"\" srcset=\"https:\/\/www.hoteldecalais.fr\/v5\/wp-content\/uploads\/2021\/05\/7.jpg 960w, https:\/\/www.hoteldecalais.fr\/v5\/wp-content\/uploads\/2021\/05\/7-300x200.jpg 300w, https:\/\/www.hoteldecalais.fr\/v5\/wp-content\/uploads\/2021\/05\/7-768x512.jpg 768w, https:\/\/www.hoteldecalais.fr\/v5\/wp-content\/uploads\/2021\/05\/7-580x387.jpg 580w, https:\/\/www.hoteldecalais.fr\/v5\/wp-content\/uploads\/2021\/05\/7-860x573.jpg 860w\" sizes=\"auto, (max-width: 960px) 100vw, 960px\" \/><\/a><\/figure><\/li><li class=\"cmsmasters_gallery_item\"><figure><a href=\"https:\/\/www.hoteldecalais.fr\/v5\/wp-content\/uploads\/2021\/05\/8.jpg\" rel=\"ilightbox[7hpjheqko4]\"><img loading=\"lazy\" decoding=\"async\" width=\"960\" height=\"640\" src=\"https:\/\/www.hoteldecalais.fr\/v5\/wp-content\/uploads\/2021\/05\/8.jpg\" class=\"attachment-full size-full\" alt=\"\" srcset=\"https:\/\/www.hoteldecalais.fr\/v5\/wp-content\/uploads\/2021\/05\/8.jpg 960w, https:\/\/www.hoteldecalais.fr\/v5\/wp-content\/uploads\/2021\/05\/8-300x200.jpg 300w, https:\/\/www.hoteldecalais.fr\/v5\/wp-content\/uploads\/2021\/05\/8-768x512.jpg 768w, https:\/\/www.hoteldecalais.fr\/v5\/wp-content\/uploads\/2021\/05\/8-580x387.jpg 580w, https:\/\/www.hoteldecalais.fr\/v5\/wp-content\/uploads\/2021\/05\/8-860x573.jpg 860w\" sizes=\"auto, (max-width: 960px) 100vw, 960px\" \/><\/a><\/figure><\/li><li class=\"cmsmasters_gallery_item\"><figure><a href=\"https:\/\/www.hoteldecalais.fr\/v5\/wp-content\/uploads\/2021\/05\/9.jpg\" rel=\"ilightbox[7hpjheqko4]\"><img loading=\"lazy\" decoding=\"async\" width=\"960\" height=\"640\" src=\"https:\/\/www.hoteldecalais.fr\/v5\/wp-content\/uploads\/2021\/05\/9.jpg\" class=\"attachment-full size-full\" alt=\"\" srcset=\"https:\/\/www.hoteldecalais.fr\/v5\/wp-content\/uploads\/2021\/05\/9.jpg 960w, https:\/\/www.hoteldecalais.fr\/v5\/wp-content\/uploads\/2021\/05\/9-300x200.jpg 300w, https:\/\/www.hoteldecalais.fr\/v5\/wp-content\/uploads\/2021\/05\/9-768x512.jpg 768w, https:\/\/www.hoteldecalais.fr\/v5\/wp-content\/uploads\/2021\/05\/9-580x387.jpg 580w, https:\/\/www.hoteldecalais.fr\/v5\/wp-content\/uploads\/2021\/05\/9-860x573.jpg 860w\" sizes=\"auto, (max-width: 960px) 100vw, 960px\" \/><\/a><\/figure><\/li><li class=\"cmsmasters_gallery_item\"><figure><a href=\"https:\/\/www.hoteldecalais.fr\/v5\/wp-content\/uploads\/2021\/05\/10.jpg\" rel=\"ilightbox[7hpjheqko4]\"><img loading=\"lazy\" decoding=\"async\" width=\"960\" height=\"640\" src=\"https:\/\/www.hoteldecalais.fr\/v5\/wp-content\/uploads\/2021\/05\/10.jpg\" class=\"attachment-full size-full\" alt=\"\" srcset=\"https:\/\/www.hoteldecalais.fr\/v5\/wp-content\/uploads\/2021\/05\/10.jpg 960w, https:\/\/www.hoteldecalais.fr\/v5\/wp-content\/uploads\/2021\/05\/10-300x200.jpg 300w, https:\/\/www.hoteldecalais.fr\/v5\/wp-content\/uploads\/2021\/05\/10-768x512.jpg 768w, https:\/\/www.hoteldecalais.fr\/v5\/wp-content\/uploads\/2021\/05\/10-580x387.jpg 580w, https:\/\/www.hoteldecalais.fr\/v5\/wp-content\/uploads\/2021\/05\/10-860x573.jpg 860w\" sizes=\"auto, (max-width: 960px) 100vw, 960px\" \/><\/a><\/figure><\/li><li class=\"cmsmasters_gallery_item\"><figure><a href=\"https:\/\/www.hoteldecalais.fr\/v5\/wp-content\/uploads\/2021\/05\/11.jpg\" rel=\"ilightbox[7hpjheqko4]\"><img loading=\"lazy\" decoding=\"async\" width=\"960\" height=\"640\" src=\"https:\/\/www.hoteldecalais.fr\/v5\/wp-content\/uploads\/2021\/05\/11.jpg\" class=\"attachment-full size-full\" alt=\"\" srcset=\"https:\/\/www.hoteldecalais.fr\/v5\/wp-content\/uploads\/2021\/05\/11.jpg 960w, https:\/\/www.hoteldecalais.fr\/v5\/wp-content\/uploads\/2021\/05\/11-300x200.jpg 300w, https:\/\/www.hoteldecalais.fr\/v5\/wp-content\/uploads\/2021\/05\/11-768x512.jpg 768w, https:\/\/www.hoteldecalais.fr\/v5\/wp-content\/uploads\/2021\/05\/11-580x387.jpg 580w, https:\/\/www.hoteldecalais.fr\/v5\/wp-content\/uploads\/2021\/05\/11-860x573.jpg 860w\" sizes=\"auto, (max-width: 960px) 100vw, 960px\" \/><\/a><\/figure><\/li><li class=\"cmsmasters_gallery_item\"><figure><a href=\"https:\/\/www.hoteldecalais.fr\/v5\/wp-content\/uploads\/2021\/05\/12.jpg\" rel=\"ilightbox[7hpjheqko4]\"><img loading=\"lazy\" decoding=\"async\" width=\"960\" height=\"640\" src=\"https:\/\/www.hoteldecalais.fr\/v5\/wp-content\/uploads\/2021\/05\/12.jpg\" class=\"attachment-full size-full\" alt=\"\" srcset=\"https:\/\/www.hoteldecalais.fr\/v5\/wp-content\/uploads\/2021\/05\/12.jpg 960w, https:\/\/www.hoteldecalais.fr\/v5\/wp-content\/uploads\/2021\/05\/12-300x200.jpg 300w, https:\/\/www.hoteldecalais.fr\/v5\/wp-content\/uploads\/2021\/05\/12-768x512.jpg 768w, https:\/\/www.hoteldecalais.fr\/v5\/wp-content\/uploads\/2021\/05\/12-580x387.jpg 580w, https:\/\/www.hoteldecalais.fr\/v5\/wp-content\/uploads\/2021\/05\/12-860x573.jpg 860w\" sizes=\"auto, (max-width: 960px) 100vw, 960px\" \/><\/a><\/figure><\/li><li class=\"cmsmasters_gallery_item\"><figure><a href=\"https:\/\/www.hoteldecalais.fr\/v5\/wp-content\/uploads\/2021\/05\/13.jpg\" rel=\"ilightbox[7hpjheqko4]\"><img loading=\"lazy\" decoding=\"async\" width=\"960\" height=\"640\" src=\"https:\/\/www.hoteldecalais.fr\/v5\/wp-content\/uploads\/2021\/05\/13.jpg\" class=\"attachment-full size-full\" alt=\"\" srcset=\"https:\/\/www.hoteldecalais.fr\/v5\/wp-content\/uploads\/2021\/05\/13.jpg 960w, https:\/\/www.hoteldecalais.fr\/v5\/wp-content\/uploads\/2021\/05\/13-300x200.jpg 300w, https:\/\/www.hoteldecalais.fr\/v5\/wp-content\/uploads\/2021\/05\/13-768x512.jpg 768w, https:\/\/www.hoteldecalais.fr\/v5\/wp-content\/uploads\/2021\/05\/13-580x387.jpg 580w, https:\/\/www.hoteldecalais.fr\/v5\/wp-content\/uploads\/2021\/05\/13-860x573.jpg 860w\" sizes=\"auto, (max-width: 960px) 100vw, 960px\" \/><\/a><\/figure><\/li><li class=\"cmsmasters_gallery_item\"><figure><a href=\"https:\/\/www.hoteldecalais.fr\/v5\/wp-content\/uploads\/2021\/05\/14.jpg\" rel=\"ilightbox[7hpjheqko4]\"><img loading=\"lazy\" decoding=\"async\" width=\"960\" height=\"640\" src=\"https:\/\/www.hoteldecalais.fr\/v5\/wp-content\/uploads\/2021\/05\/14.jpg\" class=\"attachment-full size-full\" alt=\"\" srcset=\"https:\/\/www.hoteldecalais.fr\/v5\/wp-content\/uploads\/2021\/05\/14.jpg 960w, https:\/\/www.hoteldecalais.fr\/v5\/wp-content\/uploads\/2021\/05\/14-300x200.jpg 300w, https:\/\/www.hoteldecalais.fr\/v5\/wp-content\/uploads\/2021\/05\/14-768x512.jpg 768w, https:\/\/www.hoteldecalais.fr\/v5\/wp-content\/uploads\/2021\/05\/14-580x387.jpg 580w, https:\/\/www.hoteldecalais.fr\/v5\/wp-content\/uploads\/2021\/05\/14-860x573.jpg 860w\" sizes=\"auto, (max-width: 960px) 100vw, 960px\" \/><\/a><\/figure><\/li><li class=\"cmsmasters_gallery_item\"><figure><a href=\"https:\/\/www.hoteldecalais.fr\/v5\/wp-content\/uploads\/2021\/05\/15.jpg\" rel=\"ilightbox[7hpjheqko4]\"><img loading=\"lazy\" decoding=\"async\" width=\"645\" height=\"960\" src=\"https:\/\/www.hoteldecalais.fr\/v5\/wp-content\/uploads\/2021\/05\/15.jpg\" class=\"attachment-full size-full\" alt=\"\" srcset=\"https:\/\/www.hoteldecalais.fr\/v5\/wp-content\/uploads\/2021\/05\/15.jpg 645w, https:\/\/www.hoteldecalais.fr\/v5\/wp-content\/uploads\/2021\/05\/15-202x300.jpg 202w, https:\/\/www.hoteldecalais.fr\/v5\/wp-content\/uploads\/2021\/05\/15-580x863.jpg 580w\" sizes=\"auto, (max-width: 645px) 100vw, 645px\" \/><\/a><\/figure><\/li><li class=\"cmsmasters_gallery_item\"><figure><a href=\"https:\/\/www.hoteldecalais.fr\/v5\/wp-content\/uploads\/2021\/05\/16.jpg\" rel=\"ilightbox[7hpjheqko4]\"><img loading=\"lazy\" decoding=\"async\" width=\"960\" height=\"640\" src=\"https:\/\/www.hoteldecalais.fr\/v5\/wp-content\/uploads\/2021\/05\/16.jpg\" class=\"attachment-full size-full\" alt=\"\" srcset=\"https:\/\/www.hoteldecalais.fr\/v5\/wp-content\/uploads\/2021\/05\/16.jpg 960w, https:\/\/www.hoteldecalais.fr\/v5\/wp-content\/uploads\/2021\/05\/16-300x200.jpg 300w, https:\/\/www.hoteldecalais.fr\/v5\/wp-content\/uploads\/2021\/05\/16-768x512.jpg 768w, https:\/\/www.hoteldecalais.fr\/v5\/wp-content\/uploads\/2021\/05\/16-580x387.jpg 580w, https:\/\/www.hoteldecalais.fr\/v5\/wp-content\/uploads\/2021\/05\/16-860x573.jpg 860w\" sizes=\"auto, (max-width: 960px) 100vw, 960px\" \/><\/a><\/figure><\/li><li class=\"cmsmasters_gallery_item\"><figure><a href=\"https:\/\/www.hoteldecalais.fr\/v5\/wp-content\/uploads\/2021\/05\/17.jpg\" rel=\"ilightbox[7hpjheqko4]\"><img loading=\"lazy\" decoding=\"async\" width=\"960\" height=\"640\" src=\"https:\/\/www.hoteldecalais.fr\/v5\/wp-content\/uploads\/2021\/05\/17.jpg\" class=\"attachment-full size-full\" alt=\"\" srcset=\"https:\/\/www.hoteldecalais.fr\/v5\/wp-content\/uploads\/2021\/05\/17.jpg 960w, https:\/\/www.hoteldecalais.fr\/v5\/wp-content\/uploads\/2021\/05\/17-300x200.jpg 300w, https:\/\/www.hoteldecalais.fr\/v5\/wp-content\/uploads\/2021\/05\/17-768x512.jpg 768w, https:\/\/www.hoteldecalais.fr\/v5\/wp-content\/uploads\/2021\/05\/17-580x387.jpg 580w, https:\/\/www.hoteldecalais.fr\/v5\/wp-content\/uploads\/2021\/05\/17-860x573.jpg 860w\" sizes=\"auto, (max-width: 960px) 100vw, 960px\" \/><\/a><\/figure><\/li><li class=\"cmsmasters_gallery_item\"><figure><a href=\"https:\/\/www.hoteldecalais.fr\/v5\/wp-content\/uploads\/2021\/05\/18.jpg\" rel=\"ilightbox[7hpjheqko4]\"><img loading=\"lazy\" decoding=\"async\" width=\"645\" height=\"960\" src=\"https:\/\/www.hoteldecalais.fr\/v5\/wp-content\/uploads\/2021\/05\/18.jpg\" class=\"attachment-full size-full\" alt=\"\" srcset=\"https:\/\/www.hoteldecalais.fr\/v5\/wp-content\/uploads\/2021\/05\/18.jpg 645w, https:\/\/www.hoteldecalais.fr\/v5\/wp-content\/uploads\/2021\/05\/18-202x300.jpg 202w, https:\/\/www.hoteldecalais.fr\/v5\/wp-content\/uploads\/2021\/05\/18-580x863.jpg 580w\" sizes=\"auto, (max-width: 645px) 100vw, 645px\" \/><\/a><\/figure><\/li><li class=\"cmsmasters_gallery_item\"><figure><a href=\"https:\/\/www.hoteldecalais.fr\/v5\/wp-content\/uploads\/2021\/05\/19.jpg\" rel=\"ilightbox[7hpjheqko4]\"><img loading=\"lazy\" decoding=\"async\" width=\"960\" height=\"640\" src=\"https:\/\/www.hoteldecalais.fr\/v5\/wp-content\/uploads\/2021\/05\/19.jpg\" class=\"attachment-full size-full\" alt=\"\" srcset=\"https:\/\/www.hoteldecalais.fr\/v5\/wp-content\/uploads\/2021\/05\/19.jpg 960w, https:\/\/www.hoteldecalais.fr\/v5\/wp-content\/uploads\/2021\/05\/19-300x200.jpg 300w, https:\/\/www.hoteldecalais.fr\/v5\/wp-content\/uploads\/2021\/05\/19-768x512.jpg 768w, https:\/\/www.hoteldecalais.fr\/v5\/wp-content\/uploads\/2021\/05\/19-580x387.jpg 580w, https:\/\/www.hoteldecalais.fr\/v5\/wp-content\/uploads\/2021\/05\/19-860x573.jpg 860w\" sizes=\"auto, (max-width: 960px) 100vw, 960px\" \/><\/a><\/figure><\/li><li class=\"cmsmasters_gallery_item\"><figure><a href=\"https:\/\/www.hoteldecalais.fr\/v5\/wp-content\/uploads\/2021\/05\/20.jpg\" rel=\"ilightbox[7hpjheqko4]\"><img loading=\"lazy\" decoding=\"async\" width=\"645\" height=\"960\" src=\"https:\/\/www.hoteldecalais.fr\/v5\/wp-content\/uploads\/2021\/05\/20.jpg\" class=\"attachment-full size-full\" alt=\"\" srcset=\"https:\/\/www.hoteldecalais.fr\/v5\/wp-content\/uploads\/2021\/05\/20.jpg 645w, https:\/\/www.hoteldecalais.fr\/v5\/wp-content\/uploads\/2021\/05\/20-202x300.jpg 202w, https:\/\/www.hoteldecalais.fr\/v5\/wp-content\/uploads\/2021\/05\/20-580x863.jpg 580w\" sizes=\"auto, (max-width: 645px) 100vw, 645px\" \/><\/a><\/figure><\/li><li class=\"cmsmasters_gallery_item\"><figure><a href=\"https:\/\/www.hoteldecalais.fr\/v5\/wp-content\/uploads\/2021\/08\/13082020-P1320994.jpg\" rel=\"ilightbox[7hpjheqko4]\"><img loading=\"lazy\" decoding=\"async\" width=\"800\" height=\"600\" src=\"https:\/\/www.hoteldecalais.fr\/v5\/wp-content\/uploads\/2021\/08\/13082020-P1320994.jpg\" class=\"attachment-full size-full\" alt=\"\" srcset=\"https:\/\/www.hoteldecalais.fr\/v5\/wp-content\/uploads\/2021\/08\/13082020-P1320994.jpg 800w, https:\/\/www.hoteldecalais.fr\/v5\/wp-content\/uploads\/2021\/08\/13082020-P1320994-300x225.jpg 300w, https:\/\/www.hoteldecalais.fr\/v5\/wp-content\/uploads\/2021\/08\/13082020-P1320994-768x576.jpg 768w, https:\/\/www.hoteldecalais.fr\/v5\/wp-content\/uploads\/2021\/08\/13082020-P1320994-580x435.jpg 580w\" sizes=\"auto, (max-width: 800px) 100vw, 800px\" \/><\/a><\/figure><\/li><li class=\"cmsmasters_gallery_item\"><figure><a href=\"https:\/\/www.hoteldecalais.fr\/v5\/wp-content\/uploads\/2021\/08\/13082020-P1320995.jpg\" rel=\"ilightbox[7hpjheqko4]\"><img loading=\"lazy\" decoding=\"async\" width=\"800\" height=\"600\" src=\"https:\/\/www.hoteldecalais.fr\/v5\/wp-content\/uploads\/2021\/08\/13082020-P1320995.jpg\" class=\"attachment-full size-full\" alt=\"\" srcset=\"https:\/\/www.hoteldecalais.fr\/v5\/wp-content\/uploads\/2021\/08\/13082020-P1320995.jpg 800w, https:\/\/www.hoteldecalais.fr\/v5\/wp-content\/uploads\/2021\/08\/13082020-P1320995-300x225.jpg 300w, https:\/\/www.hoteldecalais.fr\/v5\/wp-content\/uploads\/2021\/08\/13082020-P1320995-768x576.jpg 768w, https:\/\/www.hoteldecalais.fr\/v5\/wp-content\/uploads\/2021\/08\/13082020-P1320995-580x435.jpg 580w\" sizes=\"auto, (max-width: 800px) 100vw, 800px\" \/><\/a><\/figure><\/li><\/ul><\/div>\n<\/div><\/div>\n<\/div>\n<\/div>\n<\/div>\n<\/div>\n<\/div>\n","protected":false},"excerpt":{"rendered":"","protected":false},"author":1,"featured_media":0,"parent":0,"menu_order":0,"comment_status":"closed","ping_status":"closed","template":"","meta":{"footnotes":""},"class_list":["post-15104","page","type-page","status-publish","hentry"],"_links":{"self":[{"href":"https:\/\/www.hoteldecalais.fr\/v5\/wp-json\/wp\/v2\/pages\/15104","targetHints":{"allow":["GET"]}}],"collection":[{"href":"https:\/\/www.hoteldecalais.fr\/v5\/wp-json\/wp\/v2\/pages"}],"about":[{"href":"https:\/\/www.hoteldecalais.fr\/v5\/wp-json\/wp\/v2\/types\/page"}],"author":[{"embeddable":true,"href":"https:\/\/www.hoteldecalais.fr\/v5\/wp-json\/wp\/v2\/users\/1"}],"replies":[{"embeddable":true,"href":"https:\/\/www.hoteldecalais.fr\/v5\/wp-json\/wp\/v2\/comments?post=15104"}],"version-history":[{"count":2,"href":"https:\/\/www.hoteldecalais.fr\/v5\/wp-json\/wp\/v2\/pages\/15104\/revisions"}],"predecessor-version":[{"id":17140,"href":"https:\/\/www.hoteldecalais.fr\/v5\/wp-json\/wp\/v2\/pages\/15104\/revisions\/17140"}],"wp:attachment":[{"href":"https:\/\/www.hoteldecalais.fr\/v5\/wp-json\/wp\/v2\/media?parent=15104"}],"curies":[{"name":"wp","href":"https:\/\/api.w.org\/{rel}","templated":true}]}}