{"id":15085,"date":"2021-05-20T17:48:40","date_gmt":"2021-05-20T15:48:40","guid":{"rendered":"https:\/\/www.hoteldecalais.fr\/v5\/?page_id=15085"},"modified":"2025-01-07T08:51:38","modified_gmt":"2025-01-07T07:51:38","slug":"petit-dejeuner-2","status":"publish","type":"page","link":"https:\/\/www.hoteldecalais.fr\/v5\/petit-dejeuner-2\/","title":{"rendered":"Petit d\u00e9jeuner"},"content":{"rendered":"<div id=\"cmsmasters_row_\" class=\"cmsmasters_row cmsmasters_color_scheme_default cmsmasters_row_top_default cmsmasters_row_bot_default cmsmasters_row_boxed\">\n<div class=\"cmsmasters_row_outer_parent\">\n<div class=\"cmsmasters_row_outer\">\n<div class=\"cmsmasters_row_inner\">\n<div class=\"cmsmasters_row_margin\">\n<div id=\"cmsmasters_column_\" class=\"cmsmasters_column one_half\">\n<div class=\"cmsmasters_column_inner\"><div class=\"cmsmasters_text\">\n<h2 class=\"ind4 wp-block-heading\"><span class=\"st_chambre-1\">SALLE DU PETIT D\u00c9JEUNER<\/span><\/h2>\n<p class=\"st_chambre-1\">\u00a0<\/p>\n<p class=\"texte_normal\">Nos petits d\u00e9jeuners sont servis dans l&rsquo;ancienne salle de restaurant, avec une belle vue sur le port et la mer.<\/p>\n<p class=\"texte_normal\">\u00a0<\/p>\n<p class=\"texte_normal\">Depuis avril 2009 ils sont servis sous forme de \u00ab buffet \u00bb.<\/p>\n<p class=\"texte_normal\">Vous avez \u00e0 votre disposition pain, beurre, confitures, croissants, jus d&rsquo;orange, caf\u00e9, plusieurs sortes de th\u00e9 et autres infusions, chocolat, Nutella. Mais aussi fruits, salade de fruits, fromage blanc, yaourts, c\u00e9r\u00e9ales, biscottes, \u0153ufs, charcuteries, fromages. Servi entre 8H00 et 10H (10H30 le week end), il co\u00fbte 12 \u20ac. Suppl\u00e9ment de 2 \u20ac en chambre.<\/p>\n<dl class=\"adress\">\n<dt class=\"f_14\"><\/dt>\n<\/dl>\n<\/div>\n<\/div><\/div>\n<div id=\"cmsmasters_column_7exuut287\" class=\"cmsmasters_column one_half\">\n<div class=\"cmsmasters_column_inner\"><div id=\"cmsmasters_gallery_7hpjheqko4\" class=\"cmsmasters_gallery_wrap\" data-type=\"grid\" data-count=\"0\"><ul class=\"cmsmasters_gallery cmsmasters_4 cmsmasters_more_items_loader\"><li class=\"cmsmasters_gallery_item\"><figure><a href=\"https:\/\/www.hoteldecalais.fr\/v5\/wp-content\/uploads\/2021\/08\/salle-petit-dejeuner-1.jpg\" rel=\"ilightbox[7hpjheqko4]\"><img loading=\"lazy\" decoding=\"async\" width=\"900\" height=\"600\" src=\"https:\/\/www.hoteldecalais.fr\/v5\/wp-content\/uploads\/2021\/08\/salle-petit-dejeuner-1.jpg\" class=\"attachment-full size-full\" alt=\"\" srcset=\"https:\/\/www.hoteldecalais.fr\/v5\/wp-content\/uploads\/2021\/08\/salle-petit-dejeuner-1.jpg 900w, https:\/\/www.hoteldecalais.fr\/v5\/wp-content\/uploads\/2021\/08\/salle-petit-dejeuner-1-300x200.jpg 300w, https:\/\/www.hoteldecalais.fr\/v5\/wp-content\/uploads\/2021\/08\/salle-petit-dejeuner-1-768x512.jpg 768w, https:\/\/www.hoteldecalais.fr\/v5\/wp-content\/uploads\/2021\/08\/salle-petit-dejeuner-1-580x387.jpg 580w, https:\/\/www.hoteldecalais.fr\/v5\/wp-content\/uploads\/2021\/08\/salle-petit-dejeuner-1-860x573.jpg 860w\" sizes=\"auto, (max-width: 900px) 100vw, 900px\" \/><\/a><\/figure><\/li><li class=\"cmsmasters_gallery_item\"><figure><a href=\"https:\/\/www.hoteldecalais.fr\/v5\/wp-content\/uploads\/2021\/08\/salle-petit-dejeuner-2.jpg\" rel=\"ilightbox[7hpjheqko4]\"><img loading=\"lazy\" decoding=\"async\" width=\"900\" height=\"600\" src=\"https:\/\/www.hoteldecalais.fr\/v5\/wp-content\/uploads\/2021\/08\/salle-petit-dejeuner-2.jpg\" class=\"attachment-full size-full\" alt=\"\" srcset=\"https:\/\/www.hoteldecalais.fr\/v5\/wp-content\/uploads\/2021\/08\/salle-petit-dejeuner-2.jpg 900w, https:\/\/www.hoteldecalais.fr\/v5\/wp-content\/uploads\/2021\/08\/salle-petit-dejeuner-2-300x200.jpg 300w, https:\/\/www.hoteldecalais.fr\/v5\/wp-content\/uploads\/2021\/08\/salle-petit-dejeuner-2-768x512.jpg 768w, https:\/\/www.hoteldecalais.fr\/v5\/wp-content\/uploads\/2021\/08\/salle-petit-dejeuner-2-580x387.jpg 580w, https:\/\/www.hoteldecalais.fr\/v5\/wp-content\/uploads\/2021\/08\/salle-petit-dejeuner-2-860x573.jpg 860w\" sizes=\"auto, (max-width: 900px) 100vw, 900px\" \/><\/a><\/figure><\/li><li class=\"cmsmasters_gallery_item\"><figure><a href=\"https:\/\/www.hoteldecalais.fr\/v5\/wp-content\/uploads\/2021\/08\/salle-petit-dejeuner-3.jpg\" rel=\"ilightbox[7hpjheqko4]\"><img loading=\"lazy\" decoding=\"async\" width=\"900\" height=\"600\" src=\"https:\/\/www.hoteldecalais.fr\/v5\/wp-content\/uploads\/2021\/08\/salle-petit-dejeuner-3.jpg\" class=\"attachment-full size-full\" alt=\"\" srcset=\"https:\/\/www.hoteldecalais.fr\/v5\/wp-content\/uploads\/2021\/08\/salle-petit-dejeuner-3.jpg 900w, https:\/\/www.hoteldecalais.fr\/v5\/wp-content\/uploads\/2021\/08\/salle-petit-dejeuner-3-300x200.jpg 300w, https:\/\/www.hoteldecalais.fr\/v5\/wp-content\/uploads\/2021\/08\/salle-petit-dejeuner-3-768x512.jpg 768w, https:\/\/www.hoteldecalais.fr\/v5\/wp-content\/uploads\/2021\/08\/salle-petit-dejeuner-3-580x387.jpg 580w, https:\/\/www.hoteldecalais.fr\/v5\/wp-content\/uploads\/2021\/08\/salle-petit-dejeuner-3-860x573.jpg 860w\" sizes=\"auto, (max-width: 900px) 100vw, 900px\" \/><\/a><\/figure><\/li><li class=\"cmsmasters_gallery_item\"><figure><a href=\"https:\/\/www.hoteldecalais.fr\/v5\/wp-content\/uploads\/2021\/08\/salle-petit-dejeuner-4.jpg\" rel=\"ilightbox[7hpjheqko4]\"><img loading=\"lazy\" decoding=\"async\" width=\"900\" height=\"600\" src=\"https:\/\/www.hoteldecalais.fr\/v5\/wp-content\/uploads\/2021\/08\/salle-petit-dejeuner-4.jpg\" class=\"attachment-full size-full\" alt=\"\" srcset=\"https:\/\/www.hoteldecalais.fr\/v5\/wp-content\/uploads\/2021\/08\/salle-petit-dejeuner-4.jpg 900w, https:\/\/www.hoteldecalais.fr\/v5\/wp-content\/uploads\/2021\/08\/salle-petit-dejeuner-4-300x200.jpg 300w, https:\/\/www.hoteldecalais.fr\/v5\/wp-content\/uploads\/2021\/08\/salle-petit-dejeuner-4-768x512.jpg 768w, https:\/\/www.hoteldecalais.fr\/v5\/wp-content\/uploads\/2021\/08\/salle-petit-dejeuner-4-580x387.jpg 580w, https:\/\/www.hoteldecalais.fr\/v5\/wp-content\/uploads\/2021\/08\/salle-petit-dejeuner-4-860x573.jpg 860w\" sizes=\"auto, (max-width: 900px) 100vw, 900px\" \/><\/a><\/figure><\/li><li class=\"cmsmasters_gallery_item\"><figure><a href=\"https:\/\/www.hoteldecalais.fr\/v5\/wp-content\/uploads\/2021\/08\/salle-petit-dejeuner-5.jpg\" rel=\"ilightbox[7hpjheqko4]\"><img loading=\"lazy\" decoding=\"async\" width=\"900\" height=\"675\" src=\"https:\/\/www.hoteldecalais.fr\/v5\/wp-content\/uploads\/2021\/08\/salle-petit-dejeuner-5.jpg\" class=\"attachment-full size-full\" alt=\"\" srcset=\"https:\/\/www.hoteldecalais.fr\/v5\/wp-content\/uploads\/2021\/08\/salle-petit-dejeuner-5.jpg 900w, https:\/\/www.hoteldecalais.fr\/v5\/wp-content\/uploads\/2021\/08\/salle-petit-dejeuner-5-300x225.jpg 300w, https:\/\/www.hoteldecalais.fr\/v5\/wp-content\/uploads\/2021\/08\/salle-petit-dejeuner-5-768x576.jpg 768w, https:\/\/www.hoteldecalais.fr\/v5\/wp-content\/uploads\/2021\/08\/salle-petit-dejeuner-5-580x435.jpg 580w, https:\/\/www.hoteldecalais.fr\/v5\/wp-content\/uploads\/2021\/08\/salle-petit-dejeuner-5-860x645.jpg 860w\" sizes=\"auto, (max-width: 900px) 100vw, 900px\" \/><\/a><\/figure><\/li><li class=\"cmsmasters_gallery_item\"><figure><a href=\"https:\/\/www.hoteldecalais.fr\/v5\/wp-content\/uploads\/2021\/08\/salle-petit-dejeuner-6.jpg\" rel=\"ilightbox[7hpjheqko4]\"><img loading=\"lazy\" decoding=\"async\" width=\"900\" height=\"675\" src=\"https:\/\/www.hoteldecalais.fr\/v5\/wp-content\/uploads\/2021\/08\/salle-petit-dejeuner-6.jpg\" class=\"attachment-full size-full\" alt=\"\" srcset=\"https:\/\/www.hoteldecalais.fr\/v5\/wp-content\/uploads\/2021\/08\/salle-petit-dejeuner-6.jpg 900w, https:\/\/www.hoteldecalais.fr\/v5\/wp-content\/uploads\/2021\/08\/salle-petit-dejeuner-6-300x225.jpg 300w, https:\/\/www.hoteldecalais.fr\/v5\/wp-content\/uploads\/2021\/08\/salle-petit-dejeuner-6-768x576.jpg 768w, https:\/\/www.hoteldecalais.fr\/v5\/wp-content\/uploads\/2021\/08\/salle-petit-dejeuner-6-580x435.jpg 580w, https:\/\/www.hoteldecalais.fr\/v5\/wp-content\/uploads\/2021\/08\/salle-petit-dejeuner-6-860x645.jpg 860w\" sizes=\"auto, (max-width: 900px) 100vw, 900px\" \/><\/a><\/figure><\/li><li class=\"cmsmasters_gallery_item\"><figure><a href=\"https:\/\/www.hoteldecalais.fr\/v5\/wp-content\/uploads\/2021\/08\/salle-petit-dejeuner-7.jpg\" rel=\"ilightbox[7hpjheqko4]\"><img loading=\"lazy\" decoding=\"async\" width=\"900\" height=\"600\" src=\"https:\/\/www.hoteldecalais.fr\/v5\/wp-content\/uploads\/2021\/08\/salle-petit-dejeuner-7.jpg\" class=\"attachment-full size-full\" alt=\"\" srcset=\"https:\/\/www.hoteldecalais.fr\/v5\/wp-content\/uploads\/2021\/08\/salle-petit-dejeuner-7.jpg 900w, https:\/\/www.hoteldecalais.fr\/v5\/wp-content\/uploads\/2021\/08\/salle-petit-dejeuner-7-300x200.jpg 300w, https:\/\/www.hoteldecalais.fr\/v5\/wp-content\/uploads\/2021\/08\/salle-petit-dejeuner-7-768x512.jpg 768w, https:\/\/www.hoteldecalais.fr\/v5\/wp-content\/uploads\/2021\/08\/salle-petit-dejeuner-7-580x387.jpg 580w, https:\/\/www.hoteldecalais.fr\/v5\/wp-content\/uploads\/2021\/08\/salle-petit-dejeuner-7-860x573.jpg 860w\" sizes=\"auto, (max-width: 900px) 100vw, 900px\" \/><\/a><\/figure><\/li><li class=\"cmsmasters_gallery_item\"><figure><a href=\"https:\/\/www.hoteldecalais.fr\/v5\/wp-content\/uploads\/2021\/08\/salle-petit-dejeuner-8.jpg\" rel=\"ilightbox[7hpjheqko4]\"><img loading=\"lazy\" decoding=\"async\" width=\"900\" height=\"600\" src=\"https:\/\/www.hoteldecalais.fr\/v5\/wp-content\/uploads\/2021\/08\/salle-petit-dejeuner-8.jpg\" class=\"attachment-full size-full\" alt=\"\" srcset=\"https:\/\/www.hoteldecalais.fr\/v5\/wp-content\/uploads\/2021\/08\/salle-petit-dejeuner-8.jpg 900w, https:\/\/www.hoteldecalais.fr\/v5\/wp-content\/uploads\/2021\/08\/salle-petit-dejeuner-8-300x200.jpg 300w, https:\/\/www.hoteldecalais.fr\/v5\/wp-content\/uploads\/2021\/08\/salle-petit-dejeuner-8-768x512.jpg 768w, https:\/\/www.hoteldecalais.fr\/v5\/wp-content\/uploads\/2021\/08\/salle-petit-dejeuner-8-580x387.jpg 580w, https:\/\/www.hoteldecalais.fr\/v5\/wp-content\/uploads\/2021\/08\/salle-petit-dejeuner-8-860x573.jpg 860w\" sizes=\"auto, (max-width: 900px) 100vw, 900px\" \/><\/a><\/figure><\/li><li class=\"cmsmasters_gallery_item\"><figure><a href=\"https:\/\/www.hoteldecalais.fr\/v5\/wp-content\/uploads\/2021\/08\/salle-petit-dejeuner-9.jpg\" rel=\"ilightbox[7hpjheqko4]\"><img loading=\"lazy\" decoding=\"async\" width=\"900\" height=\"600\" src=\"https:\/\/www.hoteldecalais.fr\/v5\/wp-content\/uploads\/2021\/08\/salle-petit-dejeuner-9.jpg\" class=\"attachment-full size-full\" alt=\"\" srcset=\"https:\/\/www.hoteldecalais.fr\/v5\/wp-content\/uploads\/2021\/08\/salle-petit-dejeuner-9.jpg 900w, https:\/\/www.hoteldecalais.fr\/v5\/wp-content\/uploads\/2021\/08\/salle-petit-dejeuner-9-300x200.jpg 300w, https:\/\/www.hoteldecalais.fr\/v5\/wp-content\/uploads\/2021\/08\/salle-petit-dejeuner-9-768x512.jpg 768w, https:\/\/www.hoteldecalais.fr\/v5\/wp-content\/uploads\/2021\/08\/salle-petit-dejeuner-9-580x387.jpg 580w, https:\/\/www.hoteldecalais.fr\/v5\/wp-content\/uploads\/2021\/08\/salle-petit-dejeuner-9-860x573.jpg 860w\" sizes=\"auto, (max-width: 900px) 100vw, 900px\" \/><\/a><\/figure><\/li><li class=\"cmsmasters_gallery_item\"><figure><a href=\"https:\/\/www.hoteldecalais.fr\/v5\/wp-content\/uploads\/2021\/08\/salle-petit-dejeuner-10.jpg\" rel=\"ilightbox[7hpjheqko4]\"><img loading=\"lazy\" decoding=\"async\" width=\"900\" height=\"600\" src=\"https:\/\/www.hoteldecalais.fr\/v5\/wp-content\/uploads\/2021\/08\/salle-petit-dejeuner-10.jpg\" class=\"attachment-full size-full\" alt=\"\" srcset=\"https:\/\/www.hoteldecalais.fr\/v5\/wp-content\/uploads\/2021\/08\/salle-petit-dejeuner-10.jpg 900w, https:\/\/www.hoteldecalais.fr\/v5\/wp-content\/uploads\/2021\/08\/salle-petit-dejeuner-10-300x200.jpg 300w, https:\/\/www.hoteldecalais.fr\/v5\/wp-content\/uploads\/2021\/08\/salle-petit-dejeuner-10-768x512.jpg 768w, https:\/\/www.hoteldecalais.fr\/v5\/wp-content\/uploads\/2021\/08\/salle-petit-dejeuner-10-580x387.jpg 580w, https:\/\/www.hoteldecalais.fr\/v5\/wp-content\/uploads\/2021\/08\/salle-petit-dejeuner-10-860x573.jpg 860w\" sizes=\"auto, (max-width: 900px) 100vw, 900px\" \/><\/a><\/figure><\/li><li class=\"cmsmasters_gallery_item\"><figure><a href=\"https:\/\/www.hoteldecalais.fr\/v5\/wp-content\/uploads\/2021\/08\/salle-petit-dejeuner-11.jpg\" rel=\"ilightbox[7hpjheqko4]\"><img loading=\"lazy\" decoding=\"async\" width=\"900\" height=\"600\" src=\"https:\/\/www.hoteldecalais.fr\/v5\/wp-content\/uploads\/2021\/08\/salle-petit-dejeuner-11.jpg\" class=\"attachment-full size-full\" alt=\"\" srcset=\"https:\/\/www.hoteldecalais.fr\/v5\/wp-content\/uploads\/2021\/08\/salle-petit-dejeuner-11.jpg 900w, https:\/\/www.hoteldecalais.fr\/v5\/wp-content\/uploads\/2021\/08\/salle-petit-dejeuner-11-300x200.jpg 300w, https:\/\/www.hoteldecalais.fr\/v5\/wp-content\/uploads\/2021\/08\/salle-petit-dejeuner-11-768x512.jpg 768w, https:\/\/www.hoteldecalais.fr\/v5\/wp-content\/uploads\/2021\/08\/salle-petit-dejeuner-11-580x387.jpg 580w, https:\/\/www.hoteldecalais.fr\/v5\/wp-content\/uploads\/2021\/08\/salle-petit-dejeuner-11-860x573.jpg 860w\" sizes=\"auto, (max-width: 900px) 100vw, 900px\" \/><\/a><\/figure><\/li><li class=\"cmsmasters_gallery_item\"><figure><a href=\"https:\/\/www.hoteldecalais.fr\/v5\/wp-content\/uploads\/2021\/08\/salle-petit-dejeuner-12.jpg\" rel=\"ilightbox[7hpjheqko4]\"><img loading=\"lazy\" decoding=\"async\" width=\"900\" height=\"600\" src=\"https:\/\/www.hoteldecalais.fr\/v5\/wp-content\/uploads\/2021\/08\/salle-petit-dejeuner-12.jpg\" class=\"attachment-full size-full\" alt=\"\" srcset=\"https:\/\/www.hoteldecalais.fr\/v5\/wp-content\/uploads\/2021\/08\/salle-petit-dejeuner-12.jpg 900w, https:\/\/www.hoteldecalais.fr\/v5\/wp-content\/uploads\/2021\/08\/salle-petit-dejeuner-12-300x200.jpg 300w, https:\/\/www.hoteldecalais.fr\/v5\/wp-content\/uploads\/2021\/08\/salle-petit-dejeuner-12-768x512.jpg 768w, https:\/\/www.hoteldecalais.fr\/v5\/wp-content\/uploads\/2021\/08\/salle-petit-dejeuner-12-580x387.jpg 580w, https:\/\/www.hoteldecalais.fr\/v5\/wp-content\/uploads\/2021\/08\/salle-petit-dejeuner-12-860x573.jpg 860w\" sizes=\"auto, (max-width: 900px) 100vw, 900px\" \/><\/a><\/figure><\/li><li class=\"cmsmasters_gallery_item\"><figure><a href=\"https:\/\/www.hoteldecalais.fr\/v5\/wp-content\/uploads\/2021\/08\/salle-petit-dejeuner-13.jpg\" rel=\"ilightbox[7hpjheqko4]\"><img loading=\"lazy\" decoding=\"async\" width=\"900\" height=\"600\" src=\"https:\/\/www.hoteldecalais.fr\/v5\/wp-content\/uploads\/2021\/08\/salle-petit-dejeuner-13.jpg\" class=\"attachment-full size-full\" alt=\"\" srcset=\"https:\/\/www.hoteldecalais.fr\/v5\/wp-content\/uploads\/2021\/08\/salle-petit-dejeuner-13.jpg 900w, https:\/\/www.hoteldecalais.fr\/v5\/wp-content\/uploads\/2021\/08\/salle-petit-dejeuner-13-300x200.jpg 300w, https:\/\/www.hoteldecalais.fr\/v5\/wp-content\/uploads\/2021\/08\/salle-petit-dejeuner-13-768x512.jpg 768w, https:\/\/www.hoteldecalais.fr\/v5\/wp-content\/uploads\/2021\/08\/salle-petit-dejeuner-13-580x387.jpg 580w, https:\/\/www.hoteldecalais.fr\/v5\/wp-content\/uploads\/2021\/08\/salle-petit-dejeuner-13-860x573.jpg 860w\" sizes=\"auto, (max-width: 900px) 100vw, 900px\" \/><\/a><\/figure><\/li><li class=\"cmsmasters_gallery_item\"><figure><a href=\"https:\/\/www.hoteldecalais.fr\/v5\/wp-content\/uploads\/2021\/08\/salle-petit-dejeuner-14.jpg\" rel=\"ilightbox[7hpjheqko4]\"><img loading=\"lazy\" decoding=\"async\" width=\"900\" height=\"600\" src=\"https:\/\/www.hoteldecalais.fr\/v5\/wp-content\/uploads\/2021\/08\/salle-petit-dejeuner-14.jpg\" class=\"attachment-full size-full\" alt=\"\" srcset=\"https:\/\/www.hoteldecalais.fr\/v5\/wp-content\/uploads\/2021\/08\/salle-petit-dejeuner-14.jpg 900w, https:\/\/www.hoteldecalais.fr\/v5\/wp-content\/uploads\/2021\/08\/salle-petit-dejeuner-14-300x200.jpg 300w, https:\/\/www.hoteldecalais.fr\/v5\/wp-content\/uploads\/2021\/08\/salle-petit-dejeuner-14-768x512.jpg 768w, https:\/\/www.hoteldecalais.fr\/v5\/wp-content\/uploads\/2021\/08\/salle-petit-dejeuner-14-580x387.jpg 580w, https:\/\/www.hoteldecalais.fr\/v5\/wp-content\/uploads\/2021\/08\/salle-petit-dejeuner-14-860x573.jpg 860w\" sizes=\"auto, (max-width: 900px) 100vw, 900px\" \/><\/a><\/figure><\/li><li class=\"cmsmasters_gallery_item\"><figure><a href=\"https:\/\/www.hoteldecalais.fr\/v5\/wp-content\/uploads\/2021\/08\/salle-petit-dejeuner-15.jpg\" rel=\"ilightbox[7hpjheqko4]\"><img loading=\"lazy\" decoding=\"async\" width=\"900\" height=\"600\" src=\"https:\/\/www.hoteldecalais.fr\/v5\/wp-content\/uploads\/2021\/08\/salle-petit-dejeuner-15.jpg\" class=\"attachment-full size-full\" alt=\"\" srcset=\"https:\/\/www.hoteldecalais.fr\/v5\/wp-content\/uploads\/2021\/08\/salle-petit-dejeuner-15.jpg 900w, https:\/\/www.hoteldecalais.fr\/v5\/wp-content\/uploads\/2021\/08\/salle-petit-dejeuner-15-300x200.jpg 300w, https:\/\/www.hoteldecalais.fr\/v5\/wp-content\/uploads\/2021\/08\/salle-petit-dejeuner-15-768x512.jpg 768w, https:\/\/www.hoteldecalais.fr\/v5\/wp-content\/uploads\/2021\/08\/salle-petit-dejeuner-15-580x387.jpg 580w, https:\/\/www.hoteldecalais.fr\/v5\/wp-content\/uploads\/2021\/08\/salle-petit-dejeuner-15-860x573.jpg 860w\" sizes=\"auto, (max-width: 900px) 100vw, 900px\" \/><\/a><\/figure><\/li><li class=\"cmsmasters_gallery_item\"><figure><a href=\"https:\/\/www.hoteldecalais.fr\/v5\/wp-content\/uploads\/2021\/08\/salle-petit-dejeuner-16.jpg\" rel=\"ilightbox[7hpjheqko4]\"><img loading=\"lazy\" decoding=\"async\" width=\"900\" height=\"600\" src=\"https:\/\/www.hoteldecalais.fr\/v5\/wp-content\/uploads\/2021\/08\/salle-petit-dejeuner-16.jpg\" class=\"attachment-full size-full\" alt=\"\" srcset=\"https:\/\/www.hoteldecalais.fr\/v5\/wp-content\/uploads\/2021\/08\/salle-petit-dejeuner-16.jpg 900w, https:\/\/www.hoteldecalais.fr\/v5\/wp-content\/uploads\/2021\/08\/salle-petit-dejeuner-16-300x200.jpg 300w, https:\/\/www.hoteldecalais.fr\/v5\/wp-content\/uploads\/2021\/08\/salle-petit-dejeuner-16-768x512.jpg 768w, https:\/\/www.hoteldecalais.fr\/v5\/wp-content\/uploads\/2021\/08\/salle-petit-dejeuner-16-580x387.jpg 580w, https:\/\/www.hoteldecalais.fr\/v5\/wp-content\/uploads\/2021\/08\/salle-petit-dejeuner-16-860x573.jpg 860w\" sizes=\"auto, (max-width: 900px) 100vw, 900px\" \/><\/a><\/figure><\/li><\/ul><\/div>\n<\/div><\/div>\n<\/div>\n<\/div>\n<\/div>\n<\/div>\n<\/div>\n","protected":false},"excerpt":{"rendered":"","protected":false},"author":1,"featured_media":0,"parent":0,"menu_order":0,"comment_status":"closed","ping_status":"closed","template":"","meta":{"footnotes":""},"class_list":["post-15085","page","type-page","status-publish","hentry"],"_links":{"self":[{"href":"https:\/\/www.hoteldecalais.fr\/v5\/wp-json\/wp\/v2\/pages\/15085","targetHints":{"allow":["GET"]}}],"collection":[{"href":"https:\/\/www.hoteldecalais.fr\/v5\/wp-json\/wp\/v2\/pages"}],"about":[{"href":"https:\/\/www.hoteldecalais.fr\/v5\/wp-json\/wp\/v2\/types\/page"}],"author":[{"embeddable":true,"href":"https:\/\/www.hoteldecalais.fr\/v5\/wp-json\/wp\/v2\/users\/1"}],"replies":[{"embeddable":true,"href":"https:\/\/www.hoteldecalais.fr\/v5\/wp-json\/wp\/v2\/comments?post=15085"}],"version-history":[{"count":5,"href":"https:\/\/www.hoteldecalais.fr\/v5\/wp-json\/wp\/v2\/pages\/15085\/revisions"}],"predecessor-version":[{"id":17470,"href":"https:\/\/www.hoteldecalais.fr\/v5\/wp-json\/wp\/v2\/pages\/15085\/revisions\/17470"}],"wp:attachment":[{"href":"https:\/\/www.hoteldecalais.fr\/v5\/wp-json\/wp\/v2\/media?parent=15085"}],"curies":[{"name":"wp","href":"https:\/\/api.w.org\/{rel}","templated":true}]}}