{"id":15061,"date":"2021-05-20T17:44:05","date_gmt":"2021-05-20T15:44:05","guid":{"rendered":"https:\/\/www.hoteldecalais.fr\/v5\/?page_id=15061"},"modified":"2021-08-03T15:29:02","modified_gmt":"2021-08-03T13:29:02","slug":"le-parking","status":"publish","type":"page","link":"https:\/\/www.hoteldecalais.fr\/v5\/le-parking\/","title":{"rendered":"Le parking"},"content":{"rendered":"<div id=\"cmsmasters_row_\" class=\"cmsmasters_row cmsmasters_color_scheme_default cmsmasters_row_top_default cmsmasters_row_bot_default cmsmasters_row_boxed\">\n<div class=\"cmsmasters_row_outer_parent\">\n<div class=\"cmsmasters_row_outer\">\n<div class=\"cmsmasters_row_inner\">\n<div class=\"cmsmasters_row_margin\">\n<div id=\"cmsmasters_column_\" class=\"cmsmasters_column one_half\">\n<div class=\"cmsmasters_column_inner\"><div class=\"cmsmasters_text\">\n<h2 class=\"ind4 wp-block-heading\"><span class=\"st_chambre-1\">PARKING DE L&rsquo;H\u00d4TEL ( 17 PLACES MAX \u00a0Non\u00a0 r\u00e9servable d&rsquo;avance)<\/span><\/h2>\n<p>&nbsp;<\/p>\n<p>Ouvert entre 7H30\/8H et 21H, il est gratuit mais est limit\u00e9 \u00e0 17 places pour 45 chambres\u2026<\/p>\n<p>Nous ne pouvons donc pas potentiellement satisfaire toute notre aimable client\u00e8le \u00ab automobiliste \u00bb quand il y a du monde\u2026<br \/>Aussi, attention \u00e0 se garer correctement pour ne pas perdre de places de parking\u00a0!<\/p>\n<p>La nuit le parking est ferm\u00e9 et les voitures ne peuvent ni rentrer ni sortir.<br \/>Nous ne pouvons pas r\u00e9server les emplacements de stationnement et ce sont les 1er arriv\u00e9s les 1er servis\u2026 Ensuite il faut stationner \u00e0 l\u2019ext\u00e9rieur.<\/p>\n<p>Le stationnement dans la rue est gratuits ; sur le quai il est payant, mais qu\u2019\u00e0 certaines p\u00e9riodes ; les rues situ\u00e9es au dessus ainsi que la place de l\u2019\u00e9glise sont gratuites.<\/p>\n<p>Attention, le passage de la porte coch\u00e8re est assez \u00e9troit et il faut bien rentrer dans l\u2019axe si vous ne voulez pas accrocher votre roue\u00a0!<\/p>\n<\/p>\n<\/div>\n<\/div><\/div>\n<div id=\"cmsmasters_column_7exuut287\" class=\"cmsmasters_column one_half\">\n<div class=\"cmsmasters_column_inner\"><div id=\"cmsmasters_gallery_7hpjheqko4\" class=\"cmsmasters_gallery_wrap\" data-type=\"grid\" data-count=\"0\"><ul class=\"cmsmasters_gallery cmsmasters_4 cmsmasters_more_items_loader\"><li class=\"cmsmasters_gallery_item\"><figure><a href=\"https:\/\/www.hoteldecalais.fr\/v5\/wp-content\/uploads\/2021\/08\/13082020-P1320868.jpg\" rel=\"ilightbox[7hpjheqko4]\"><img loading=\"lazy\" decoding=\"async\" width=\"800\" height=\"600\" src=\"https:\/\/www.hoteldecalais.fr\/v5\/wp-content\/uploads\/2021\/08\/13082020-P1320868.jpg\" class=\"attachment-full size-full\" alt=\"\" srcset=\"https:\/\/www.hoteldecalais.fr\/v5\/wp-content\/uploads\/2021\/08\/13082020-P1320868.jpg 800w, https:\/\/www.hoteldecalais.fr\/v5\/wp-content\/uploads\/2021\/08\/13082020-P1320868-300x225.jpg 300w, https:\/\/www.hoteldecalais.fr\/v5\/wp-content\/uploads\/2021\/08\/13082020-P1320868-768x576.jpg 768w, https:\/\/www.hoteldecalais.fr\/v5\/wp-content\/uploads\/2021\/08\/13082020-P1320868-580x435.jpg 580w\" sizes=\"auto, (max-width: 800px) 100vw, 800px\" \/><\/a><\/figure><\/li><li class=\"cmsmasters_gallery_item\"><figure><a href=\"https:\/\/www.hoteldecalais.fr\/v5\/wp-content\/uploads\/2021\/08\/13082020-P1320871.jpg\" rel=\"ilightbox[7hpjheqko4]\"><img loading=\"lazy\" decoding=\"async\" width=\"800\" height=\"600\" src=\"https:\/\/www.hoteldecalais.fr\/v5\/wp-content\/uploads\/2021\/08\/13082020-P1320871.jpg\" class=\"attachment-full size-full\" alt=\"\" srcset=\"https:\/\/www.hoteldecalais.fr\/v5\/wp-content\/uploads\/2021\/08\/13082020-P1320871.jpg 800w, https:\/\/www.hoteldecalais.fr\/v5\/wp-content\/uploads\/2021\/08\/13082020-P1320871-300x225.jpg 300w, https:\/\/www.hoteldecalais.fr\/v5\/wp-content\/uploads\/2021\/08\/13082020-P1320871-768x576.jpg 768w, https:\/\/www.hoteldecalais.fr\/v5\/wp-content\/uploads\/2021\/08\/13082020-P1320871-580x435.jpg 580w\" sizes=\"auto, (max-width: 800px) 100vw, 800px\" \/><\/a><\/figure><\/li><li class=\"cmsmasters_gallery_item\"><figure><a href=\"https:\/\/www.hoteldecalais.fr\/v5\/wp-content\/uploads\/2021\/08\/DJI_0728.jpg\" rel=\"ilightbox[7hpjheqko4]\"><img loading=\"lazy\" decoding=\"async\" width=\"800\" height=\"533\" src=\"https:\/\/www.hoteldecalais.fr\/v5\/wp-content\/uploads\/2021\/08\/DJI_0728.jpg\" class=\"attachment-full size-full\" alt=\"\" srcset=\"https:\/\/www.hoteldecalais.fr\/v5\/wp-content\/uploads\/2021\/08\/DJI_0728.jpg 800w, https:\/\/www.hoteldecalais.fr\/v5\/wp-content\/uploads\/2021\/08\/DJI_0728-300x200.jpg 300w, https:\/\/www.hoteldecalais.fr\/v5\/wp-content\/uploads\/2021\/08\/DJI_0728-768x512.jpg 768w, https:\/\/www.hoteldecalais.fr\/v5\/wp-content\/uploads\/2021\/08\/DJI_0728-580x386.jpg 580w\" sizes=\"auto, (max-width: 800px) 100vw, 800px\" \/><\/a><\/figure><\/li><li class=\"cmsmasters_gallery_item\"><figure><a href=\"https:\/\/www.hoteldecalais.fr\/v5\/wp-content\/uploads\/2021\/08\/DSC_3316.jpg\" rel=\"ilightbox[7hpjheqko4]\"><img loading=\"lazy\" decoding=\"async\" width=\"800\" height=\"533\" src=\"https:\/\/www.hoteldecalais.fr\/v5\/wp-content\/uploads\/2021\/08\/DSC_3316.jpg\" class=\"attachment-full size-full\" alt=\"\" srcset=\"https:\/\/www.hoteldecalais.fr\/v5\/wp-content\/uploads\/2021\/08\/DSC_3316.jpg 800w, https:\/\/www.hoteldecalais.fr\/v5\/wp-content\/uploads\/2021\/08\/DSC_3316-300x200.jpg 300w, https:\/\/www.hoteldecalais.fr\/v5\/wp-content\/uploads\/2021\/08\/DSC_3316-768x512.jpg 768w, https:\/\/www.hoteldecalais.fr\/v5\/wp-content\/uploads\/2021\/08\/DSC_3316-580x386.jpg 580w\" sizes=\"auto, (max-width: 800px) 100vw, 800px\" \/><\/a><\/figure><\/li><li class=\"cmsmasters_gallery_item\"><figure><a href=\"https:\/\/www.hoteldecalais.fr\/v5\/wp-content\/uploads\/2021\/08\/DSC_3951.jpg\" rel=\"ilightbox[7hpjheqko4]\"><img loading=\"lazy\" decoding=\"async\" width=\"800\" height=\"533\" src=\"https:\/\/www.hoteldecalais.fr\/v5\/wp-content\/uploads\/2021\/08\/DSC_3951.jpg\" class=\"attachment-full size-full\" alt=\"\" srcset=\"https:\/\/www.hoteldecalais.fr\/v5\/wp-content\/uploads\/2021\/08\/DSC_3951.jpg 800w, https:\/\/www.hoteldecalais.fr\/v5\/wp-content\/uploads\/2021\/08\/DSC_3951-300x200.jpg 300w, https:\/\/www.hoteldecalais.fr\/v5\/wp-content\/uploads\/2021\/08\/DSC_3951-768x512.jpg 768w, https:\/\/www.hoteldecalais.fr\/v5\/wp-content\/uploads\/2021\/08\/DSC_3951-580x386.jpg 580w\" sizes=\"auto, (max-width: 800px) 100vw, 800px\" \/><\/a><\/figure><\/li><li class=\"cmsmasters_gallery_item\"><figure><a href=\"https:\/\/www.hoteldecalais.fr\/v5\/wp-content\/uploads\/2021\/08\/DSC_3977.jpg\" rel=\"ilightbox[7hpjheqko4]\"><img loading=\"lazy\" decoding=\"async\" width=\"800\" height=\"533\" src=\"https:\/\/www.hoteldecalais.fr\/v5\/wp-content\/uploads\/2021\/08\/DSC_3977.jpg\" class=\"attachment-full size-full\" alt=\"\" srcset=\"https:\/\/www.hoteldecalais.fr\/v5\/wp-content\/uploads\/2021\/08\/DSC_3977.jpg 800w, https:\/\/www.hoteldecalais.fr\/v5\/wp-content\/uploads\/2021\/08\/DSC_3977-300x200.jpg 300w, https:\/\/www.hoteldecalais.fr\/v5\/wp-content\/uploads\/2021\/08\/DSC_3977-768x512.jpg 768w, https:\/\/www.hoteldecalais.fr\/v5\/wp-content\/uploads\/2021\/08\/DSC_3977-580x386.jpg 580w\" sizes=\"auto, (max-width: 800px) 100vw, 800px\" \/><\/a><\/figure><\/li><li class=\"cmsmasters_gallery_item\"><figure><a href=\"https:\/\/www.hoteldecalais.fr\/v5\/wp-content\/uploads\/2021\/08\/DSC_6876.jpg\" rel=\"ilightbox[7hpjheqko4]\"><img loading=\"lazy\" decoding=\"async\" width=\"800\" height=\"533\" src=\"https:\/\/www.hoteldecalais.fr\/v5\/wp-content\/uploads\/2021\/08\/DSC_6876.jpg\" class=\"attachment-full size-full\" alt=\"\" srcset=\"https:\/\/www.hoteldecalais.fr\/v5\/wp-content\/uploads\/2021\/08\/DSC_6876.jpg 800w, https:\/\/www.hoteldecalais.fr\/v5\/wp-content\/uploads\/2021\/08\/DSC_6876-300x200.jpg 300w, https:\/\/www.hoteldecalais.fr\/v5\/wp-content\/uploads\/2021\/08\/DSC_6876-768x512.jpg 768w, https:\/\/www.hoteldecalais.fr\/v5\/wp-content\/uploads\/2021\/08\/DSC_6876-580x386.jpg 580w\" sizes=\"auto, (max-width: 800px) 100vw, 800px\" \/><\/a><\/figure><\/li><li class=\"cmsmasters_gallery_item\"><figure><a href=\"https:\/\/www.hoteldecalais.fr\/v5\/wp-content\/uploads\/2021\/08\/DSC_6895.jpg\" rel=\"ilightbox[7hpjheqko4]\"><img loading=\"lazy\" decoding=\"async\" width=\"800\" height=\"533\" src=\"https:\/\/www.hoteldecalais.fr\/v5\/wp-content\/uploads\/2021\/08\/DSC_6895.jpg\" class=\"attachment-full size-full\" alt=\"\" srcset=\"https:\/\/www.hoteldecalais.fr\/v5\/wp-content\/uploads\/2021\/08\/DSC_6895.jpg 800w, https:\/\/www.hoteldecalais.fr\/v5\/wp-content\/uploads\/2021\/08\/DSC_6895-300x200.jpg 300w, https:\/\/www.hoteldecalais.fr\/v5\/wp-content\/uploads\/2021\/08\/DSC_6895-768x512.jpg 768w, https:\/\/www.hoteldecalais.fr\/v5\/wp-content\/uploads\/2021\/08\/DSC_6895-580x386.jpg 580w\" sizes=\"auto, (max-width: 800px) 100vw, 800px\" \/><\/a><\/figure><\/li><li class=\"cmsmasters_gallery_item\"><figure><a href=\"https:\/\/www.hoteldecalais.fr\/v5\/wp-content\/uploads\/2021\/08\/DSC_9351.jpg\" rel=\"ilightbox[7hpjheqko4]\"><img loading=\"lazy\" decoding=\"async\" width=\"800\" height=\"533\" src=\"https:\/\/www.hoteldecalais.fr\/v5\/wp-content\/uploads\/2021\/08\/DSC_9351.jpg\" class=\"attachment-full size-full\" alt=\"\" srcset=\"https:\/\/www.hoteldecalais.fr\/v5\/wp-content\/uploads\/2021\/08\/DSC_9351.jpg 800w, https:\/\/www.hoteldecalais.fr\/v5\/wp-content\/uploads\/2021\/08\/DSC_9351-300x200.jpg 300w, https:\/\/www.hoteldecalais.fr\/v5\/wp-content\/uploads\/2021\/08\/DSC_9351-768x512.jpg 768w, https:\/\/www.hoteldecalais.fr\/v5\/wp-content\/uploads\/2021\/08\/DSC_9351-580x386.jpg 580w\" sizes=\"auto, (max-width: 800px) 100vw, 800px\" \/><\/a><\/figure><\/li><li class=\"cmsmasters_gallery_item\"><figure><a href=\"https:\/\/www.hoteldecalais.fr\/v5\/wp-content\/uploads\/2021\/08\/DSC_9365.jpg\" rel=\"ilightbox[7hpjheqko4]\"><img loading=\"lazy\" decoding=\"async\" width=\"800\" height=\"533\" src=\"https:\/\/www.hoteldecalais.fr\/v5\/wp-content\/uploads\/2021\/08\/DSC_9365.jpg\" class=\"attachment-full size-full\" alt=\"\" srcset=\"https:\/\/www.hoteldecalais.fr\/v5\/wp-content\/uploads\/2021\/08\/DSC_9365.jpg 800w, https:\/\/www.hoteldecalais.fr\/v5\/wp-content\/uploads\/2021\/08\/DSC_9365-300x200.jpg 300w, https:\/\/www.hoteldecalais.fr\/v5\/wp-content\/uploads\/2021\/08\/DSC_9365-768x512.jpg 768w, https:\/\/www.hoteldecalais.fr\/v5\/wp-content\/uploads\/2021\/08\/DSC_9365-580x386.jpg 580w\" sizes=\"auto, (max-width: 800px) 100vw, 800px\" \/><\/a><\/figure><\/li><li class=\"cmsmasters_gallery_item\"><figure><a href=\"https:\/\/www.hoteldecalais.fr\/v5\/wp-content\/uploads\/2021\/08\/DSC_9368.jpg\" rel=\"ilightbox[7hpjheqko4]\"><img loading=\"lazy\" decoding=\"async\" width=\"800\" height=\"533\" src=\"https:\/\/www.hoteldecalais.fr\/v5\/wp-content\/uploads\/2021\/08\/DSC_9368.jpg\" class=\"attachment-full size-full\" alt=\"\" srcset=\"https:\/\/www.hoteldecalais.fr\/v5\/wp-content\/uploads\/2021\/08\/DSC_9368.jpg 800w, https:\/\/www.hoteldecalais.fr\/v5\/wp-content\/uploads\/2021\/08\/DSC_9368-300x200.jpg 300w, https:\/\/www.hoteldecalais.fr\/v5\/wp-content\/uploads\/2021\/08\/DSC_9368-768x512.jpg 768w, https:\/\/www.hoteldecalais.fr\/v5\/wp-content\/uploads\/2021\/08\/DSC_9368-580x386.jpg 580w\" sizes=\"auto, (max-width: 800px) 100vw, 800px\" \/><\/a><\/figure><\/li><li class=\"cmsmasters_gallery_item\"><figure><a href=\"https:\/\/www.hoteldecalais.fr\/v5\/wp-content\/uploads\/2021\/08\/tour-de-france-6-juillet-1951.jpg\" rel=\"ilightbox[7hpjheqko4]\"><img loading=\"lazy\" decoding=\"async\" width=\"800\" height=\"493\" src=\"https:\/\/www.hoteldecalais.fr\/v5\/wp-content\/uploads\/2021\/08\/tour-de-france-6-juillet-1951.jpg\" class=\"attachment-full size-full\" alt=\"\" srcset=\"https:\/\/www.hoteldecalais.fr\/v5\/wp-content\/uploads\/2021\/08\/tour-de-france-6-juillet-1951.jpg 800w, https:\/\/www.hoteldecalais.fr\/v5\/wp-content\/uploads\/2021\/08\/tour-de-france-6-juillet-1951-300x185.jpg 300w, https:\/\/www.hoteldecalais.fr\/v5\/wp-content\/uploads\/2021\/08\/tour-de-france-6-juillet-1951-768x473.jpg 768w, https:\/\/www.hoteldecalais.fr\/v5\/wp-content\/uploads\/2021\/08\/tour-de-france-6-juillet-1951-580x357.jpg 580w\" sizes=\"auto, (max-width: 800px) 100vw, 800px\" \/><\/a><\/figure><\/li><li class=\"cmsmasters_gallery_item\"><figure><a href=\"https:\/\/www.hoteldecalais.fr\/v5\/wp-content\/uploads\/2021\/08\/cour-hotel-de-calais-10-aout-1946.jpg\" rel=\"ilightbox[7hpjheqko4]\"><img loading=\"lazy\" decoding=\"async\" width=\"800\" height=\"561\" src=\"https:\/\/www.hoteldecalais.fr\/v5\/wp-content\/uploads\/2021\/08\/cour-hotel-de-calais-10-aout-1946.jpg\" class=\"attachment-full size-full\" alt=\"\" srcset=\"https:\/\/www.hoteldecalais.fr\/v5\/wp-content\/uploads\/2021\/08\/cour-hotel-de-calais-10-aout-1946.jpg 800w, https:\/\/www.hoteldecalais.fr\/v5\/wp-content\/uploads\/2021\/08\/cour-hotel-de-calais-10-aout-1946-300x210.jpg 300w, https:\/\/www.hoteldecalais.fr\/v5\/wp-content\/uploads\/2021\/08\/cour-hotel-de-calais-10-aout-1946-768x539.jpg 768w, https:\/\/www.hoteldecalais.fr\/v5\/wp-content\/uploads\/2021\/08\/cour-hotel-de-calais-10-aout-1946-580x407.jpg 580w\" sizes=\"auto, (max-width: 800px) 100vw, 800px\" \/><\/a><\/figure><\/li><\/ul><\/div>\n<\/div><\/div>\n<\/div>\n<\/div>\n<\/div>\n<\/div>\n<\/div>\n","protected":false},"excerpt":{"rendered":"","protected":false},"author":1,"featured_media":0,"parent":0,"menu_order":0,"comment_status":"closed","ping_status":"closed","template":"","meta":{"footnotes":""},"class_list":["post-15061","page","type-page","status-publish","hentry"],"_links":{"self":[{"href":"https:\/\/www.hoteldecalais.fr\/v5\/wp-json\/wp\/v2\/pages\/15061","targetHints":{"allow":["GET"]}}],"collection":[{"href":"https:\/\/www.hoteldecalais.fr\/v5\/wp-json\/wp\/v2\/pages"}],"about":[{"href":"https:\/\/www.hoteldecalais.fr\/v5\/wp-json\/wp\/v2\/types\/page"}],"author":[{"embeddable":true,"href":"https:\/\/www.hoteldecalais.fr\/v5\/wp-json\/wp\/v2\/users\/1"}],"replies":[{"embeddable":true,"href":"https:\/\/www.hoteldecalais.fr\/v5\/wp-json\/wp\/v2\/comments?post=15061"}],"version-history":[{"count":5,"href":"https:\/\/www.hoteldecalais.fr\/v5\/wp-json\/wp\/v2\/pages\/15061\/revisions"}],"predecessor-version":[{"id":17346,"href":"https:\/\/www.hoteldecalais.fr\/v5\/wp-json\/wp\/v2\/pages\/15061\/revisions\/17346"}],"wp:attachment":[{"href":"https:\/\/www.hoteldecalais.fr\/v5\/wp-json\/wp\/v2\/media?parent=15061"}],"curies":[{"name":"wp","href":"https:\/\/api.w.org\/{rel}","templated":true}]}}