{"id":15025,"date":"2021-05-20T17:14:13","date_gmt":"2021-05-20T15:14:13","guid":{"rendered":"https:\/\/www.hoteldecalais.fr\/v5\/?page_id=15025"},"modified":"2021-07-27T11:18:49","modified_gmt":"2021-07-27T09:18:49","slug":"lascenseur-2","status":"publish","type":"page","link":"https:\/\/www.hoteldecalais.fr\/v5\/lascenseur-2\/","title":{"rendered":"L&rsquo;ASCENSEUR"},"content":{"rendered":"<div id=\"cmsmasters_row_\" class=\"cmsmasters_row cmsmasters_color_scheme_default cmsmasters_row_top_default cmsmasters_row_bot_default cmsmasters_row_boxed\">\n<div class=\"cmsmasters_row_outer_parent\">\n<div class=\"cmsmasters_row_outer\">\n<div class=\"cmsmasters_row_inner\">\n<div class=\"cmsmasters_row_margin\">\n<div id=\"cmsmasters_column_\" class=\"cmsmasters_column one_half\">\n<div class=\"cmsmasters_column_inner\"><div class=\"cmsmasters_text\">\n<h2 class=\"ind4 wp-block-heading\"><span class=\"st_chambre-1\">L&rsquo;ASCENSEUR<\/span><\/h2>\n<p class=\"texte_normal\">Depuis septembre 2017, l&rsquo;h\u00f4tel est \u00e9quip\u00e9 d&rsquo;un ascenseur pouvant desservir plus de la moiti\u00e9 des chambres de l&rsquo;h\u00f4tel.<\/p>\n<p class=\"texte_normal\">En effet, l&rsquo;ascenseur dessert les chambres entre le 1er et le 3\u00e8me \u00e9tage situ\u00e9es au dessus la salle de petits d\u00e9jeuners par l&rsquo;escalier A ainsi que celles situ\u00e9es cot\u00e9 rue par l&rsquo;escalier B.<\/p>\n<p class=\"texte_normal\">Gr\u00e2ce \u00e0 ses parties vitr\u00e9es, il offre une vue incroyable sur le port<\/p>\n<p>Les chambres desservies par l\u2019ascenseur sans aucunes marches \u00e0 franchir sont\u00a0:<\/p>\n<p>&#8211;\u00a0\u00a0\u00a0\u00a0\u00a0\u00a0\u00a0\u00a0\u00a0\u00a0Au 1er\u00a0\u00e9tage\u00a0: N\u00b01, 2, 3, 4, 5 (avec une marche\u00a0: N\u00b06, 7, 8 et 9)<\/p>\n<p>&#8211;\u00a0\u00a0\u00a0\u00a0\u00a0\u00a0\u00a0\u00a0\u00a0\u00a0Au 2\u00e8me\u00a0\u00e9tage\u00a0: N\u00b018, 19, 20, 23, 24, 25, (avec une marche\u00a0: N\u00b021, 22, 26).<\/p>\n<p>&#8211;\u00a0\u00a0\u00a0\u00a0\u00a0\u00a0\u00a0\u00a0\u00a0\u00a0Au 3\u00e8me\u00a0\u00e9tage\u00a0: N\u00b028, 29, 30, 33, 34, 35, (avec une marche\u00a0: N\u00b031 et avec 2 marches\u00a0: N\u00b032 et36).<\/p>\n<\/p>\n<\/div>\n<\/div><\/div>\n<div id=\"cmsmasters_column_7exuut287\" class=\"cmsmasters_column one_half\">\n<div class=\"cmsmasters_column_inner\"><div id=\"cmsmasters_gallery_7hpjheqko4\" class=\"cmsmasters_gallery_wrap\" data-type=\"grid\" data-count=\"0\"><ul class=\"cmsmasters_gallery cmsmasters_4 cmsmasters_more_items_loader\"><li class=\"cmsmasters_gallery_item\"><figure><a href=\"https:\/\/www.hoteldecalais.fr\/v5\/wp-content\/uploads\/2021\/05\/hoteldecalais-letreport-ascenseur-10.jpg\" rel=\"ilightbox[7hpjheqko4]\"><img loading=\"lazy\" decoding=\"async\" width=\"800\" height=\"533\" src=\"https:\/\/www.hoteldecalais.fr\/v5\/wp-content\/uploads\/2021\/05\/hoteldecalais-letreport-ascenseur-10.jpg\" class=\"attachment-full size-full\" alt=\"\" srcset=\"https:\/\/www.hoteldecalais.fr\/v5\/wp-content\/uploads\/2021\/05\/hoteldecalais-letreport-ascenseur-10.jpg 800w, https:\/\/www.hoteldecalais.fr\/v5\/wp-content\/uploads\/2021\/05\/hoteldecalais-letreport-ascenseur-10-300x200.jpg 300w, https:\/\/www.hoteldecalais.fr\/v5\/wp-content\/uploads\/2021\/05\/hoteldecalais-letreport-ascenseur-10-768x512.jpg 768w, https:\/\/www.hoteldecalais.fr\/v5\/wp-content\/uploads\/2021\/05\/hoteldecalais-letreport-ascenseur-10-580x386.jpg 580w\" sizes=\"auto, (max-width: 800px) 100vw, 800px\" \/><\/a><\/figure><\/li><li class=\"cmsmasters_gallery_item\"><figure><a href=\"https:\/\/www.hoteldecalais.fr\/v5\/wp-content\/uploads\/2021\/05\/hoteldecalais-letreport-ascenseur-18.jpg\" rel=\"ilightbox[7hpjheqko4]\"><img loading=\"lazy\" decoding=\"async\" width=\"1024\" height=\"683\" src=\"https:\/\/www.hoteldecalais.fr\/v5\/wp-content\/uploads\/2021\/05\/hoteldecalais-letreport-ascenseur-18.jpg\" class=\"attachment-full size-full\" alt=\"\" srcset=\"https:\/\/www.hoteldecalais.fr\/v5\/wp-content\/uploads\/2021\/05\/hoteldecalais-letreport-ascenseur-18.jpg 1024w, https:\/\/www.hoteldecalais.fr\/v5\/wp-content\/uploads\/2021\/05\/hoteldecalais-letreport-ascenseur-18-300x200.jpg 300w, https:\/\/www.hoteldecalais.fr\/v5\/wp-content\/uploads\/2021\/05\/hoteldecalais-letreport-ascenseur-18-768x512.jpg 768w, https:\/\/www.hoteldecalais.fr\/v5\/wp-content\/uploads\/2021\/05\/hoteldecalais-letreport-ascenseur-18-580x387.jpg 580w, https:\/\/www.hoteldecalais.fr\/v5\/wp-content\/uploads\/2021\/05\/hoteldecalais-letreport-ascenseur-18-860x574.jpg 860w\" sizes=\"auto, (max-width: 1024px) 100vw, 1024px\" \/><\/a><\/figure><\/li><li class=\"cmsmasters_gallery_item\"><figure><a href=\"https:\/\/www.hoteldecalais.fr\/v5\/wp-content\/uploads\/2021\/05\/hoteldecalais-letreport-ascenseur-8.jpg\" rel=\"ilightbox[7hpjheqko4]\"><img loading=\"lazy\" decoding=\"async\" width=\"467\" height=\"700\" src=\"https:\/\/www.hoteldecalais.fr\/v5\/wp-content\/uploads\/2021\/05\/hoteldecalais-letreport-ascenseur-8.jpg\" class=\"attachment-full size-full\" alt=\"\" srcset=\"https:\/\/www.hoteldecalais.fr\/v5\/wp-content\/uploads\/2021\/05\/hoteldecalais-letreport-ascenseur-8.jpg 467w, https:\/\/www.hoteldecalais.fr\/v5\/wp-content\/uploads\/2021\/05\/hoteldecalais-letreport-ascenseur-8-200x300.jpg 200w\" sizes=\"auto, (max-width: 467px) 100vw, 467px\" \/><\/a><\/figure><\/li><li class=\"cmsmasters_gallery_item\"><figure><a href=\"https:\/\/www.hoteldecalais.fr\/v5\/wp-content\/uploads\/2021\/05\/hoteldecalais-letreport-ascenseur-1.jpg\" rel=\"ilightbox[7hpjheqko4]\"><img loading=\"lazy\" decoding=\"async\" width=\"800\" height=\"533\" src=\"https:\/\/www.hoteldecalais.fr\/v5\/wp-content\/uploads\/2021\/05\/hoteldecalais-letreport-ascenseur-1.jpg\" class=\"attachment-full size-full\" alt=\"\" srcset=\"https:\/\/www.hoteldecalais.fr\/v5\/wp-content\/uploads\/2021\/05\/hoteldecalais-letreport-ascenseur-1.jpg 800w, https:\/\/www.hoteldecalais.fr\/v5\/wp-content\/uploads\/2021\/05\/hoteldecalais-letreport-ascenseur-1-300x200.jpg 300w, https:\/\/www.hoteldecalais.fr\/v5\/wp-content\/uploads\/2021\/05\/hoteldecalais-letreport-ascenseur-1-768x512.jpg 768w, https:\/\/www.hoteldecalais.fr\/v5\/wp-content\/uploads\/2021\/05\/hoteldecalais-letreport-ascenseur-1-580x386.jpg 580w\" sizes=\"auto, (max-width: 800px) 100vw, 800px\" \/><\/a><\/figure><\/li><li class=\"cmsmasters_gallery_item\"><figure><a href=\"https:\/\/www.hoteldecalais.fr\/v5\/wp-content\/uploads\/2021\/05\/hoteldecalais-letreport-ascenseur-17-1.jpg\" rel=\"ilightbox[7hpjheqko4]\"><img loading=\"lazy\" decoding=\"async\" width=\"1024\" height=\"605\" src=\"https:\/\/www.hoteldecalais.fr\/v5\/wp-content\/uploads\/2021\/05\/hoteldecalais-letreport-ascenseur-17-1.jpg\" class=\"attachment-full size-full\" alt=\"\" srcset=\"https:\/\/www.hoteldecalais.fr\/v5\/wp-content\/uploads\/2021\/05\/hoteldecalais-letreport-ascenseur-17-1.jpg 1024w, https:\/\/www.hoteldecalais.fr\/v5\/wp-content\/uploads\/2021\/05\/hoteldecalais-letreport-ascenseur-17-1-300x177.jpg 300w, https:\/\/www.hoteldecalais.fr\/v5\/wp-content\/uploads\/2021\/05\/hoteldecalais-letreport-ascenseur-17-1-768x454.jpg 768w, https:\/\/www.hoteldecalais.fr\/v5\/wp-content\/uploads\/2021\/05\/hoteldecalais-letreport-ascenseur-17-1-580x343.jpg 580w, https:\/\/www.hoteldecalais.fr\/v5\/wp-content\/uploads\/2021\/05\/hoteldecalais-letreport-ascenseur-17-1-860x508.jpg 860w\" sizes=\"auto, (max-width: 1024px) 100vw, 1024px\" \/><\/a><\/figure><\/li><li class=\"cmsmasters_gallery_item\"><figure><a href=\"https:\/\/www.hoteldecalais.fr\/v5\/wp-content\/uploads\/2021\/05\/hoteldecalais-letreport-ascenseur-13.jpg\" rel=\"ilightbox[7hpjheqko4]\"><img loading=\"lazy\" decoding=\"async\" width=\"800\" height=\"533\" src=\"https:\/\/www.hoteldecalais.fr\/v5\/wp-content\/uploads\/2021\/05\/hoteldecalais-letreport-ascenseur-13.jpg\" class=\"attachment-full size-full\" alt=\"\" srcset=\"https:\/\/www.hoteldecalais.fr\/v5\/wp-content\/uploads\/2021\/05\/hoteldecalais-letreport-ascenseur-13.jpg 800w, https:\/\/www.hoteldecalais.fr\/v5\/wp-content\/uploads\/2021\/05\/hoteldecalais-letreport-ascenseur-13-300x200.jpg 300w, https:\/\/www.hoteldecalais.fr\/v5\/wp-content\/uploads\/2021\/05\/hoteldecalais-letreport-ascenseur-13-768x512.jpg 768w, https:\/\/www.hoteldecalais.fr\/v5\/wp-content\/uploads\/2021\/05\/hoteldecalais-letreport-ascenseur-13-580x386.jpg 580w\" sizes=\"auto, (max-width: 800px) 100vw, 800px\" \/><\/a><\/figure><\/li><li class=\"cmsmasters_gallery_item\"><figure><a href=\"https:\/\/www.hoteldecalais.fr\/v5\/wp-content\/uploads\/2021\/05\/hoteldecalais-letreport-ascenseur-12.jpg\" rel=\"ilightbox[7hpjheqko4]\"><img loading=\"lazy\" decoding=\"async\" width=\"800\" height=\"533\" src=\"https:\/\/www.hoteldecalais.fr\/v5\/wp-content\/uploads\/2021\/05\/hoteldecalais-letreport-ascenseur-12.jpg\" class=\"attachment-full size-full\" alt=\"\" srcset=\"https:\/\/www.hoteldecalais.fr\/v5\/wp-content\/uploads\/2021\/05\/hoteldecalais-letreport-ascenseur-12.jpg 800w, https:\/\/www.hoteldecalais.fr\/v5\/wp-content\/uploads\/2021\/05\/hoteldecalais-letreport-ascenseur-12-300x200.jpg 300w, https:\/\/www.hoteldecalais.fr\/v5\/wp-content\/uploads\/2021\/05\/hoteldecalais-letreport-ascenseur-12-768x512.jpg 768w, https:\/\/www.hoteldecalais.fr\/v5\/wp-content\/uploads\/2021\/05\/hoteldecalais-letreport-ascenseur-12-580x386.jpg 580w\" sizes=\"auto, (max-width: 800px) 100vw, 800px\" \/><\/a><\/figure><\/li><li class=\"cmsmasters_gallery_item\"><figure><a href=\"https:\/\/www.hoteldecalais.fr\/v5\/wp-content\/uploads\/2021\/05\/hoteldecalais-letreport-ascenseur-11.jpg\" rel=\"ilightbox[7hpjheqko4]\"><img loading=\"lazy\" decoding=\"async\" width=\"800\" height=\"533\" src=\"https:\/\/www.hoteldecalais.fr\/v5\/wp-content\/uploads\/2021\/05\/hoteldecalais-letreport-ascenseur-11.jpg\" class=\"attachment-full size-full\" alt=\"\" srcset=\"https:\/\/www.hoteldecalais.fr\/v5\/wp-content\/uploads\/2021\/05\/hoteldecalais-letreport-ascenseur-11.jpg 800w, https:\/\/www.hoteldecalais.fr\/v5\/wp-content\/uploads\/2021\/05\/hoteldecalais-letreport-ascenseur-11-300x200.jpg 300w, https:\/\/www.hoteldecalais.fr\/v5\/wp-content\/uploads\/2021\/05\/hoteldecalais-letreport-ascenseur-11-768x512.jpg 768w, https:\/\/www.hoteldecalais.fr\/v5\/wp-content\/uploads\/2021\/05\/hoteldecalais-letreport-ascenseur-11-580x386.jpg 580w\" sizes=\"auto, (max-width: 800px) 100vw, 800px\" \/><\/a><\/figure><\/li><li class=\"cmsmasters_gallery_item\"><figure><a href=\"https:\/\/www.hoteldecalais.fr\/v5\/wp-content\/uploads\/2021\/05\/hoteldecalais-letreport-ascenseur-9.jpg\" rel=\"ilightbox[7hpjheqko4]\"><img loading=\"lazy\" decoding=\"async\" width=\"800\" height=\"533\" src=\"https:\/\/www.hoteldecalais.fr\/v5\/wp-content\/uploads\/2021\/05\/hoteldecalais-letreport-ascenseur-9.jpg\" class=\"attachment-full size-full\" alt=\"\" srcset=\"https:\/\/www.hoteldecalais.fr\/v5\/wp-content\/uploads\/2021\/05\/hoteldecalais-letreport-ascenseur-9.jpg 800w, https:\/\/www.hoteldecalais.fr\/v5\/wp-content\/uploads\/2021\/05\/hoteldecalais-letreport-ascenseur-9-300x200.jpg 300w, https:\/\/www.hoteldecalais.fr\/v5\/wp-content\/uploads\/2021\/05\/hoteldecalais-letreport-ascenseur-9-768x512.jpg 768w, https:\/\/www.hoteldecalais.fr\/v5\/wp-content\/uploads\/2021\/05\/hoteldecalais-letreport-ascenseur-9-580x386.jpg 580w\" sizes=\"auto, (max-width: 800px) 100vw, 800px\" \/><\/a><\/figure><\/li><li class=\"cmsmasters_gallery_item\"><figure><a href=\"https:\/\/www.hoteldecalais.fr\/v5\/wp-content\/uploads\/2021\/05\/hoteldecalais-letreport-ascenseur-7.jpg\" rel=\"ilightbox[7hpjheqko4]\"><img loading=\"lazy\" decoding=\"async\" width=\"467\" height=\"700\" src=\"https:\/\/www.hoteldecalais.fr\/v5\/wp-content\/uploads\/2021\/05\/hoteldecalais-letreport-ascenseur-7.jpg\" class=\"attachment-full size-full\" alt=\"\" srcset=\"https:\/\/www.hoteldecalais.fr\/v5\/wp-content\/uploads\/2021\/05\/hoteldecalais-letreport-ascenseur-7.jpg 467w, https:\/\/www.hoteldecalais.fr\/v5\/wp-content\/uploads\/2021\/05\/hoteldecalais-letreport-ascenseur-7-200x300.jpg 200w\" sizes=\"auto, (max-width: 467px) 100vw, 467px\" \/><\/a><\/figure><\/li><li class=\"cmsmasters_gallery_item\"><figure><a href=\"https:\/\/www.hoteldecalais.fr\/v5\/wp-content\/uploads\/2021\/05\/hoteldecalais-letreport-ascenseur-6.jpg\" rel=\"ilightbox[7hpjheqko4]\"><img loading=\"lazy\" decoding=\"async\" width=\"800\" height=\"533\" src=\"https:\/\/www.hoteldecalais.fr\/v5\/wp-content\/uploads\/2021\/05\/hoteldecalais-letreport-ascenseur-6.jpg\" class=\"attachment-full size-full\" alt=\"\" srcset=\"https:\/\/www.hoteldecalais.fr\/v5\/wp-content\/uploads\/2021\/05\/hoteldecalais-letreport-ascenseur-6.jpg 800w, https:\/\/www.hoteldecalais.fr\/v5\/wp-content\/uploads\/2021\/05\/hoteldecalais-letreport-ascenseur-6-300x200.jpg 300w, https:\/\/www.hoteldecalais.fr\/v5\/wp-content\/uploads\/2021\/05\/hoteldecalais-letreport-ascenseur-6-768x512.jpg 768w, https:\/\/www.hoteldecalais.fr\/v5\/wp-content\/uploads\/2021\/05\/hoteldecalais-letreport-ascenseur-6-580x386.jpg 580w\" sizes=\"auto, (max-width: 800px) 100vw, 800px\" \/><\/a><\/figure><\/li><li class=\"cmsmasters_gallery_item\"><figure><a href=\"https:\/\/www.hoteldecalais.fr\/v5\/wp-content\/uploads\/2021\/05\/hoteldecalais-letreport-ascenseur-5.jpg\" rel=\"ilightbox[7hpjheqko4]\"><img loading=\"lazy\" decoding=\"async\" width=\"467\" height=\"700\" src=\"https:\/\/www.hoteldecalais.fr\/v5\/wp-content\/uploads\/2021\/05\/hoteldecalais-letreport-ascenseur-5.jpg\" class=\"attachment-full size-full\" alt=\"\" srcset=\"https:\/\/www.hoteldecalais.fr\/v5\/wp-content\/uploads\/2021\/05\/hoteldecalais-letreport-ascenseur-5.jpg 467w, https:\/\/www.hoteldecalais.fr\/v5\/wp-content\/uploads\/2021\/05\/hoteldecalais-letreport-ascenseur-5-200x300.jpg 200w\" sizes=\"auto, (max-width: 467px) 100vw, 467px\" \/><\/a><\/figure><\/li><li class=\"cmsmasters_gallery_item\"><figure><a href=\"https:\/\/www.hoteldecalais.fr\/v5\/wp-content\/uploads\/2021\/05\/hoteldecalais-letreport-ascenseur-4.jpg\" rel=\"ilightbox[7hpjheqko4]\"><img loading=\"lazy\" decoding=\"async\" width=\"467\" height=\"700\" src=\"https:\/\/www.hoteldecalais.fr\/v5\/wp-content\/uploads\/2021\/05\/hoteldecalais-letreport-ascenseur-4.jpg\" class=\"attachment-full size-full\" alt=\"\" srcset=\"https:\/\/www.hoteldecalais.fr\/v5\/wp-content\/uploads\/2021\/05\/hoteldecalais-letreport-ascenseur-4.jpg 467w, https:\/\/www.hoteldecalais.fr\/v5\/wp-content\/uploads\/2021\/05\/hoteldecalais-letreport-ascenseur-4-200x300.jpg 200w\" sizes=\"auto, (max-width: 467px) 100vw, 467px\" \/><\/a><\/figure><\/li><li class=\"cmsmasters_gallery_item\"><figure><a href=\"https:\/\/www.hoteldecalais.fr\/v5\/wp-content\/uploads\/2021\/05\/hoteldecalais-letreport-ascenseur-3.jpg\" rel=\"ilightbox[7hpjheqko4]\"><img loading=\"lazy\" decoding=\"async\" width=\"800\" height=\"533\" src=\"https:\/\/www.hoteldecalais.fr\/v5\/wp-content\/uploads\/2021\/05\/hoteldecalais-letreport-ascenseur-3.jpg\" class=\"attachment-full size-full\" alt=\"\" srcset=\"https:\/\/www.hoteldecalais.fr\/v5\/wp-content\/uploads\/2021\/05\/hoteldecalais-letreport-ascenseur-3.jpg 800w, https:\/\/www.hoteldecalais.fr\/v5\/wp-content\/uploads\/2021\/05\/hoteldecalais-letreport-ascenseur-3-300x200.jpg 300w, https:\/\/www.hoteldecalais.fr\/v5\/wp-content\/uploads\/2021\/05\/hoteldecalais-letreport-ascenseur-3-768x512.jpg 768w, https:\/\/www.hoteldecalais.fr\/v5\/wp-content\/uploads\/2021\/05\/hoteldecalais-letreport-ascenseur-3-580x386.jpg 580w\" sizes=\"auto, (max-width: 800px) 100vw, 800px\" \/><\/a><\/figure><\/li><li class=\"cmsmasters_gallery_item\"><figure><a href=\"https:\/\/www.hoteldecalais.fr\/v5\/wp-content\/uploads\/2021\/05\/hoteldecalais-letreport-ascenseur-2.jpg\" rel=\"ilightbox[7hpjheqko4]\"><img loading=\"lazy\" decoding=\"async\" width=\"800\" height=\"533\" src=\"https:\/\/www.hoteldecalais.fr\/v5\/wp-content\/uploads\/2021\/05\/hoteldecalais-letreport-ascenseur-2.jpg\" class=\"attachment-full size-full\" alt=\"\" srcset=\"https:\/\/www.hoteldecalais.fr\/v5\/wp-content\/uploads\/2021\/05\/hoteldecalais-letreport-ascenseur-2.jpg 800w, https:\/\/www.hoteldecalais.fr\/v5\/wp-content\/uploads\/2021\/05\/hoteldecalais-letreport-ascenseur-2-300x200.jpg 300w, https:\/\/www.hoteldecalais.fr\/v5\/wp-content\/uploads\/2021\/05\/hoteldecalais-letreport-ascenseur-2-768x512.jpg 768w, https:\/\/www.hoteldecalais.fr\/v5\/wp-content\/uploads\/2021\/05\/hoteldecalais-letreport-ascenseur-2-580x386.jpg 580w\" sizes=\"auto, (max-width: 800px) 100vw, 800px\" \/><\/a><\/figure><\/li><li class=\"cmsmasters_gallery_item\"><figure><a href=\"https:\/\/www.hoteldecalais.fr\/v5\/wp-content\/uploads\/2021\/05\/hoteldecalais-letreport-ascenseur-16.jpg\" rel=\"ilightbox[7hpjheqko4]\"><img loading=\"lazy\" decoding=\"async\" width=\"533\" height=\"800\" src=\"https:\/\/www.hoteldecalais.fr\/v5\/wp-content\/uploads\/2021\/05\/hoteldecalais-letreport-ascenseur-16.jpg\" class=\"attachment-full size-full\" alt=\"\" srcset=\"https:\/\/www.hoteldecalais.fr\/v5\/wp-content\/uploads\/2021\/05\/hoteldecalais-letreport-ascenseur-16.jpg 533w, https:\/\/www.hoteldecalais.fr\/v5\/wp-content\/uploads\/2021\/05\/hoteldecalais-letreport-ascenseur-16-200x300.jpg 200w\" sizes=\"auto, (max-width: 533px) 100vw, 533px\" \/><\/a><\/figure><\/li><li class=\"cmsmasters_gallery_item\"><figure><a href=\"https:\/\/www.hoteldecalais.fr\/v5\/wp-content\/uploads\/2021\/05\/hoteldecalais-letreport-ascenseur-15.jpg\" rel=\"ilightbox[7hpjheqko4]\"><img loading=\"lazy\" decoding=\"async\" width=\"800\" height=\"533\" src=\"https:\/\/www.hoteldecalais.fr\/v5\/wp-content\/uploads\/2021\/05\/hoteldecalais-letreport-ascenseur-15.jpg\" class=\"attachment-full size-full\" alt=\"\" srcset=\"https:\/\/www.hoteldecalais.fr\/v5\/wp-content\/uploads\/2021\/05\/hoteldecalais-letreport-ascenseur-15.jpg 800w, https:\/\/www.hoteldecalais.fr\/v5\/wp-content\/uploads\/2021\/05\/hoteldecalais-letreport-ascenseur-15-300x200.jpg 300w, https:\/\/www.hoteldecalais.fr\/v5\/wp-content\/uploads\/2021\/05\/hoteldecalais-letreport-ascenseur-15-768x512.jpg 768w, https:\/\/www.hoteldecalais.fr\/v5\/wp-content\/uploads\/2021\/05\/hoteldecalais-letreport-ascenseur-15-580x386.jpg 580w\" sizes=\"auto, (max-width: 800px) 100vw, 800px\" \/><\/a><\/figure><\/li><li class=\"cmsmasters_gallery_item\"><figure><a href=\"https:\/\/www.hoteldecalais.fr\/v5\/wp-content\/uploads\/2021\/05\/hoteldecalais-letreport-ascenseur-14.jpg\" rel=\"ilightbox[7hpjheqko4]\"><img loading=\"lazy\" decoding=\"async\" width=\"800\" height=\"533\" src=\"https:\/\/www.hoteldecalais.fr\/v5\/wp-content\/uploads\/2021\/05\/hoteldecalais-letreport-ascenseur-14.jpg\" class=\"attachment-full size-full\" alt=\"\" srcset=\"https:\/\/www.hoteldecalais.fr\/v5\/wp-content\/uploads\/2021\/05\/hoteldecalais-letreport-ascenseur-14.jpg 800w, https:\/\/www.hoteldecalais.fr\/v5\/wp-content\/uploads\/2021\/05\/hoteldecalais-letreport-ascenseur-14-300x200.jpg 300w, https:\/\/www.hoteldecalais.fr\/v5\/wp-content\/uploads\/2021\/05\/hoteldecalais-letreport-ascenseur-14-768x512.jpg 768w, https:\/\/www.hoteldecalais.fr\/v5\/wp-content\/uploads\/2021\/05\/hoteldecalais-letreport-ascenseur-14-580x386.jpg 580w\" sizes=\"auto, (max-width: 800px) 100vw, 800px\" \/><\/a><\/figure><\/li><\/ul><\/div>\n<\/div><\/div>\n<\/div>\n<\/div>\n<\/div>\n<\/div>\n<\/div>\n","protected":false},"excerpt":{"rendered":"","protected":false},"author":1,"featured_media":0,"parent":0,"menu_order":0,"comment_status":"closed","ping_status":"closed","template":"","meta":{"footnotes":""},"class_list":["post-15025","page","type-page","status-publish","hentry"],"_links":{"self":[{"href":"https:\/\/www.hoteldecalais.fr\/v5\/wp-json\/wp\/v2\/pages\/15025","targetHints":{"allow":["GET"]}}],"collection":[{"href":"https:\/\/www.hoteldecalais.fr\/v5\/wp-json\/wp\/v2\/pages"}],"about":[{"href":"https:\/\/www.hoteldecalais.fr\/v5\/wp-json\/wp\/v2\/types\/page"}],"author":[{"embeddable":true,"href":"https:\/\/www.hoteldecalais.fr\/v5\/wp-json\/wp\/v2\/users\/1"}],"replies":[{"embeddable":true,"href":"https:\/\/www.hoteldecalais.fr\/v5\/wp-json\/wp\/v2\/comments?post=15025"}],"version-history":[{"count":7,"href":"https:\/\/www.hoteldecalais.fr\/v5\/wp-json\/wp\/v2\/pages\/15025\/revisions"}],"predecessor-version":[{"id":17047,"href":"https:\/\/www.hoteldecalais.fr\/v5\/wp-json\/wp\/v2\/pages\/15025\/revisions\/17047"}],"wp:attachment":[{"href":"https:\/\/www.hoteldecalais.fr\/v5\/wp-json\/wp\/v2\/media?parent=15025"}],"curies":[{"name":"wp","href":"https:\/\/api.w.org\/{rel}","templated":true}]}}